{"id":221,"date":"2022-05-31T04:00:15","date_gmt":"2022-05-31T04:00:15","guid":{"rendered":"https:\/\/iskconeducation.org\/?page_id=221"},"modified":"2023-04-10T14:59:28","modified_gmt":"2023-04-10T14:59:28","slug":"books-are-the-basis-week-2022","status":"publish","type":"page","link":"https:\/\/iskconeducation.org\/de\/books-are-the-basis-week-2022\/","title":{"rendered":"Books Are The Basis Week 2022"},"content":{"rendered":"<figure class=\"wp-block-image alignfull size-large\"><img loading=\"lazy\" decoding=\"async\" width=\"1024\" height=\"450\" src=\"https:\/\/iskconeducation.org\/wp-content\/uploads\/2022\/09\/Asset-1-1-1024x450.png\" alt=\"\" class=\"wp-image-8806\" srcset=\"https:\/\/iskconeducation.org\/wp-content\/uploads\/2022\/09\/Asset-1-1-1024x450.png 1024w, https:\/\/iskconeducation.org\/wp-content\/uploads\/2022\/09\/Asset-1-1-300x132.png 300w, https:\/\/iskconeducation.org\/wp-content\/uploads\/2022\/09\/Asset-1-1-768x337.png 768w, https:\/\/iskconeducation.org\/wp-content\/uploads\/2022\/09\/Asset-1-1-1536x675.png 1536w, https:\/\/iskconeducation.org\/wp-content\/uploads\/2022\/09\/Asset-1-1-2048x899.png 2048w\" sizes=\"(max-width: 1024px) 100vw, 1024px\" \/><\/figure>\n\n\n\n<div style=\"height:100px\" aria-hidden=\"true\" class=\"wp-block-spacer\"><\/div>\n\n\n\n<div class=\"wp-block-uagb-advanced-heading uagb-block-9bcc5676\"><h2 class=\"uagb-heading-text\">INVOCATION<\/h2><div class=\"uagb-separator\"><\/div><p class=\"uagb-desc-text\">Let us invoke auspiciousness for this Books Are The Basis Week festival by hearing from our beloved Srila Prabhupada in this instructional video<br><em>\u201cI am laboring so hard for you, but you don\u2019t take advantage.\u201d<\/em><\/p><\/div>\n\n\n\n<div style=\"height:48px\" aria-hidden=\"true\" class=\"wp-block-spacer\"><\/div>\n\n\n\n\n\n\n\n\n\n\n\n<div style=\"height:100px\" aria-hidden=\"true\" class=\"wp-block-spacer\"><\/div>\n\n\n\n<div class=\"wp-block-uagb-advanced-heading uagb-block-60b4de33\"><h2 class=\"uagb-heading-text\"><strong>ISKCON GBC CHAIRMAN ADDRESS<\/strong><\/h2><div class=\"uagb-separator\"><\/div><p class=\"uagb-desc-text\">His Holiness Bhanu Swami, the GBC Chairman, urges Temple presidents and leaders around the world to encourage members of their communities to regularly read Srila Prabhupada\u2019s books.<\/p><\/div>\n\n\n\n<div style=\"height:48px\" aria-hidden=\"true\" class=\"wp-block-spacer\"><\/div>\n\n\n\n\n\n\n\n\n\n\n\n<div style=\"height:100px\" aria-hidden=\"true\" class=\"wp-block-spacer\"><\/div>\n\n\n\n<div class=\"wp-block-uagb-advanced-heading uagb-block-4ae83796\"><h2 class=\"uagb-heading-text\">Welcome Address by the Minister of Education<\/h2><div class=\"uagb-separator\"><\/div><\/div>\n\n\n\n<figure class=\"wp-block-embed aligncenter is-type-video is-provider-youtube wp-block-embed-youtube wp-embed-aspect-16-9 wp-has-aspect-ratio\"><div class=\"wp-block-embed__wrapper\">\n<iframe loading=\"lazy\"  id=\"_ytid_34052\"  width=\"800\" height=\"450\"  data-origwidth=\"800\" data-origheight=\"450\" src=\"https:\/\/www.youtube.com\/embed\/G120TOPEz_g?enablejsapi=1&#038;autoplay=0&#038;cc_load_policy=0&#038;cc_lang_pref=&#038;iv_load_policy=1&#038;loop=0&#038;rel=1&#038;fs=1&#038;playsinline=0&#038;autohide=2&#038;theme=dark&#038;color=red&#038;controls=1&#038;disablekb=0&#038;\" class=\"__youtube_prefs__  epyt-is-override  no-lazyload\" title=\"YouTube player\"  allow=\"fullscreen; accelerometer; autoplay; clipboard-write; encrypted-media; gyroscope; picture-in-picture; web-share\" referrerpolicy=\"strict-origin-when-cross-origin\" allowfullscreen data-no-lazy=\"1\" data-skipgform_ajax_framebjll=\"\"><\/iframe>\n<\/div><\/figure>\n\n\n\n<div style=\"height:100px\" aria-hidden=\"true\" class=\"wp-block-spacer\"><\/div>\n\n\n\n<div class=\"wp-block-uagb-advanced-heading uagb-block-6f49d16f\" id=\"conscious_reading\"><h2 class=\"uagb-heading-text\">Conscious Reading &#8211; Our offering to you<\/h2><div class=\"uagb-separator\"><\/div><p class=\"uagb-desc-text\">Conscious Reading is based on Srila Prabhupada&#8217;s instructions regarding reading His Divine Grace\u2019s books. It was written with the express purpose of making the daily reading of Prabhupada&#8217;s books an achievable goal for all devotees. Watch the video below to hear more from our Minister<\/p><\/div>\n\n\n\n<div style=\"height:48px\" aria-hidden=\"true\" class=\"wp-block-spacer\"><\/div>\n\n\n\n<figure class=\"wp-block-embed aligncenter is-type-video is-provider-youtube wp-block-embed-youtube wp-embed-aspect-16-9 wp-has-aspect-ratio\"><div class=\"wp-block-embed__wrapper\">\n<iframe loading=\"lazy\"  id=\"_ytid_34710\"  width=\"800\" height=\"450\"  data-origwidth=\"800\" data-origheight=\"450\" src=\"https:\/\/www.youtube.com\/embed\/IbRC-bTMZaI?enablejsapi=1&#038;autoplay=0&#038;cc_load_policy=0&#038;cc_lang_pref=&#038;iv_load_policy=1&#038;loop=0&#038;rel=1&#038;fs=1&#038;playsinline=0&#038;autohide=2&#038;theme=dark&#038;color=red&#038;controls=1&#038;disablekb=0&#038;\" class=\"__youtube_prefs__  epyt-is-override  no-lazyload\" title=\"YouTube player\"  allow=\"fullscreen; accelerometer; autoplay; clipboard-write; encrypted-media; gyroscope; picture-in-picture; web-share\" referrerpolicy=\"strict-origin-when-cross-origin\" allowfullscreen data-no-lazy=\"1\" data-skipgform_ajax_framebjll=\"\"><\/iframe>\n<\/div><\/figure>\n\n\n\n<div data-wp-interactive=\"core\/file\" id=\"conscious_reading\" class=\"wp-block-file\"><object data-wp-bind--hidden=\"!state.hasPdfPreview\" hidden class=\"wp-block-file__embed\" data=\"https:\/\/iskconeducation.org\/wp-content\/uploads\/2022\/11\/Conscious-Reading.pdf\" type=\"application\/pdf\" style=\"width:100%;height:600px\" aria-label=\"Einbettung von Conscious Reading.\"><\/object><a id=\"wp-block-file--media-eca0203f-d228-4941-8d2c-3f63448cbd91\" href=\"https:\/\/iskconeducation.org\/wp-content\/uploads\/2022\/11\/Conscious-Reading.pdf\">Conscious Reading<\/a><a href=\"https:\/\/iskconeducation.org\/wp-content\/uploads\/2022\/11\/Conscious-Reading.pdf\" class=\"wp-block-file__button wp-element-button\" download aria-describedby=\"wp-block-file--media-eca0203f-d228-4941-8d2c-3f63448cbd91\">Download<\/a><\/div>\n\n\n\n<div style=\"height:43px\" aria-hidden=\"true\" class=\"wp-block-spacer\"><\/div>\n\n\n\n<p class=\"has-text-align-center has-medium-font-size\"><em>&#8220;The book is a great impetus to read \u015ar\u012bla Prabhup\u0101da&#8217;s books. It has many tips about those who have a reading block, how to establish reading as a habit, as something integrated with your life. I think that devotees would get an endless benefit from reading this book. By reading it, any obstacle they face can be solved.&#8221;<\/em><\/p>\n\n\n\n<p class=\"has-text-align-center has-medium-font-size\"><strong>Jayapataka&nbsp;Swami<\/strong><\/p>\n\n\n\n<div style=\"height:46px\" aria-hidden=\"true\" class=\"wp-block-spacer\"><\/div>\n\n\n\n<div class=\"wp-block-uagb-advanced-heading uagb-block-5cc66304\"><h2 class=\"uagb-heading-text\">Releases<\/h2><div class=\"uagb-separator\"><\/div><p class=\"uagb-desc-text\">Here you will find all of the releases, updated daily at 7PM and 8PM IST<\/p><\/div>\n\n\n\n\n\n\n\n\n\n\n\n<div style=\"height:100px\" aria-hidden=\"true\" class=\"wp-block-spacer\"><\/div>\n\n\n\n<div class=\"wp-block-uagb-advanced-heading uagb-block-2d06386c\"><h2 class=\"uagb-heading-text\">lEaders on books are the basis week<\/h2><div class=\"uagb-separator\"><\/div><p class=\"uagb-desc-text\">Senior devotees sharing the impact of daily reading of Srila Prabhupada books on their lives and thereby seeking all of your participation. Please spread their inspiration.<\/p><\/div>\n\n\n<div class=\"epyt-gallery\" data-currpage=\"1\" id=\"epyt_gallery_32256\"><iframe loading=\"lazy\"  id=\"_ytid_70607\"  width=\"800\" height=\"450\"  data-origwidth=\"800\" data-origheight=\"450\" src=\"https:\/\/www.youtube.com\/embed\/?enablejsapi=1&autoplay=0&cc_load_policy=0&cc_lang_pref=&iv_load_policy=1&loop=0&rel=1&fs=1&playsinline=0&autohide=2&theme=dark&color=red&controls=1&disablekb=0&\" class=\"__youtube_prefs__  no-lazyload\" title=\"YouTube player\"  data-epytgalleryid=\"epyt_gallery_32256\"  allow=\"fullscreen; accelerometer; autoplay; clipboard-write; encrypted-media; gyroscope; picture-in-picture; web-share\" referrerpolicy=\"strict-origin-when-cross-origin\" allowfullscreen data-no-lazy=\"1\" data-skipgform_ajax_framebjll=\"\"><\/iframe><div class=\"epyt-gallery-list\"><div>Sorry, there was a YouTube error.<\/div><\/div><\/div>\n\n\n\n<div style=\"height:100px\" aria-hidden=\"true\" class=\"wp-block-spacer\"><\/div>\n\n\n\n<div class=\"wp-block-uagb-advanced-heading uagb-block-f992d2cc\"><h2 class=\"uagb-heading-text\"><strong><strong>HOW TO CELEBRATE LOCALLY?<\/strong><\/strong><\/h2><div class=\"uagb-separator\"><\/div><p class=\"uagb-desc-text\">By following six simple steps you can easily celebrate this festival locally with your friends and in your native language.&nbsp;<\/p><\/div>\n\n\n\n<p><\/p>\n\n\n\n<figure class=\"wp-block-image alignfull size-large\"><img loading=\"lazy\" decoding=\"async\" width=\"1024\" height=\"773\" src=\"https:\/\/iskconeducation.org\/wp-content\/uploads\/2022\/09\/Asset-2@3x-1024x773.png\" alt=\"\" class=\"wp-image-8789\" srcset=\"https:\/\/iskconeducation.org\/wp-content\/uploads\/2022\/09\/Asset-2@3x-1024x773.png 1024w, https:\/\/iskconeducation.org\/wp-content\/uploads\/2022\/09\/Asset-2@3x-300x227.png 300w, https:\/\/iskconeducation.org\/wp-content\/uploads\/2022\/09\/Asset-2@3x-768x580.png 768w, https:\/\/iskconeducation.org\/wp-content\/uploads\/2022\/09\/Asset-2@3x-1536x1160.png 1536w, https:\/\/iskconeducation.org\/wp-content\/uploads\/2022\/09\/Asset-2@3x-2048x1547.png 2048w\" sizes=\"(max-width: 1024px) 100vw, 1024px\" \/><\/figure>\n\n\n\n<div style=\"height:100px\" aria-hidden=\"true\" class=\"wp-block-spacer\"><\/div>\n\n\n\n<div class=\"wp-block-uagb-advanced-heading uagb-block-463dbaed\"><h2 class=\"uagb-heading-text\">In Kontakt kommen<\/h2><div class=\"uagb-separator\"><\/div><p class=\"uagb-desc-text\">Telegram: <a href=\"https:\/\/t.me\/joinchat\/jjbSWPx6JloxYjI1\">https:\/\/t.me\/joinchat\/jjbSWPx6JloxYjI1<\/a><br>Whatsapp: <a href=\"https:\/\/chat.whatsapp.com\/C7n30m55neW4q3H5UMH1Q8\">https:\/\/chat.whatsapp.com\/C7n30m55neW4q3H5UMH1Q8<\/a><br>Twitter: <a href=\"https:\/\/twitter.com\/IskconEducation\">@iskconeducation<\/a><br><a href=\"http:\/\/Youtube.com\/IskconMinistryOfEducation\" data-type=\"URL\" data-id=\"Youtube.com\/IskconMinistryOfEducation\">Youtube.com\/IskconMinistryOfEducation<\/a><br>Instagram: <a href=\"https:\/\/www.instagram.com\/iskcon.ministry.education\/\">@iskcon.ministry.education<\/a><br><a href=\"http:\/\/Facebook.com\/IskconMinistryofEducation\">Facebook.com\/IskconMinistryofEducation<\/a><\/p><\/div>","protected":false},"excerpt":{"rendered":"<p>INVOCATION Let us invoke auspiciousness for this Books Are The Basis Week festival by hearing from our beloved Srila Prabhupada in this instructional video\u201cI am laboring so hard for you, but you don\u2019t take advantage.\u201d ISKCON GBC CHAIRMAN ADDRESS His Holiness Bhanu Swami, the GBC Chairman, urges Temple presidents and leaders around the world to [&hellip;]<\/p>\n","protected":false},"author":1,"featured_media":0,"parent":0,"menu_order":0,"comment_status":"closed","ping_status":"closed","template":"","meta":{"_acf_changed":false,"_et_pb_use_builder":"","_et_pb_old_content":"","_et_gb_content_width":"","_uag_custom_page_level_css":"","footnotes":"","_links_to":"","_links_to_target":""},"class_list":["post-221","page","type-page","status-publish","hentry"],"acf":[],"uagb_featured_image_src":{"full":false,"thumbnail":false,"medium":false,"medium_large":false,"large":false,"1536x1536":false,"2048x2048":false,"trp-custom-language-flag":false,"et-pb-post-main-image":false,"et-pb-post-main-image-fullwidth":false,"et-pb-portfolio-image":false,"et-pb-portfolio-module-image":false,"et-pb-portfolio-image-single":false,"et-pb-gallery-module-image-portrait":false,"et-pb-post-main-image-fullwidth-large":false,"et-pb-image--responsive--desktop":false,"et-pb-image--responsive--tablet":false,"et-pb-image--responsive--phone":false},"uagb_author_info":{"display_name":"admin","author_link":"https:\/\/iskconeducation.org\/de\/author\/admin\/"},"uagb_comment_info":0,"uagb_excerpt":"INVOCATION Let us invoke auspiciousness for this Books Are The Basis Week festival by hearing from our beloved Srila Prabhupada in this instructional video\u201cI am laboring so hard for you, but you don\u2019t take advantage.\u201d ISKCON GBC CHAIRMAN ADDRESS His Holiness Bhanu Swami, the GBC Chairman, urges Temple presidents and leaders around the world to&hellip;","_links":{"self":[{"href":"https:\/\/iskconeducation.org\/de\/wp-json\/wp\/v2\/pages\/221","targetHints":{"allow":["GET"]}}],"collection":[{"href":"https:\/\/iskconeducation.org\/de\/wp-json\/wp\/v2\/pages"}],"about":[{"href":"https:\/\/iskconeducation.org\/de\/wp-json\/wp\/v2\/types\/page"}],"author":[{"embeddable":true,"href":"https:\/\/iskconeducation.org\/de\/wp-json\/wp\/v2\/users\/1"}],"replies":[{"embeddable":true,"href":"https:\/\/iskconeducation.org\/de\/wp-json\/wp\/v2\/comments?post=221"}],"version-history":[{"count":0,"href":"https:\/\/iskconeducation.org\/de\/wp-json\/wp\/v2\/pages\/221\/revisions"}],"wp:attachment":[{"href":"https:\/\/iskconeducation.org\/de\/wp-json\/wp\/v2\/media?parent=221"}],"curies":[{"name":"wp","href":"https:\/\/api.w.org\/{rel}","templated":true}]}}