{"id":27888,"date":"2023-07-04T10:38:21","date_gmt":"2023-07-04T10:38:21","guid":{"rendered":"https:\/\/iskconeducation.org\/?page_id=27888"},"modified":"2025-09-07T07:37:36","modified_gmt":"2025-09-07T07:37:36","slug":"books-are-the-basis-2025-celebration","status":"publish","type":"page","link":"https:\/\/iskconeducation.org\/de\/books-are-the-basis-2025-celebration\/","title":{"rendered":"Books are the Basis Week 2025 Celebration"},"content":{"rendered":"<p>[et_pb_section fb_built=&#8221;1&#8243; _builder_version=&#8221;4.16&#8243; global_colors_info=&#8221;{}&#8221;][et_pb_row _builder_version=&#8221;4.27.4&#8243; _module_preset=&#8221;default&#8221; global_colors_info=&#8221;{}&#8221;][et_pb_column type=&#8221;4_4&#8243; _builder_version=&#8221;4.27.4&#8243; _module_preset=&#8221;default&#8221; global_colors_info=&#8221;{}&#8221;][et_pb_text admin_label=&#8221;Text &#8211; How to Celebrate&#8221; _builder_version=&#8221;4.27.4&#8243; _module_preset=&#8221;default&#8221; global_colors_info=&#8221;{}&#8221;]<\/p>\n<h2 style=\"text-align: center;\">How to Celebrate Books Are The Basis Week 2025<\/h2>\n<h3 style=\"text-align: center;\">September 7\u201313, 2025<\/h3>\n<p>As we approach Books Are The Basis Week 2025, the ISKCON Ministry of Education warmly invites devotees worldwide to unite in celebrating the foundational role of Srila Prabhupada\u2019s books in our spiritual lives and the global mission of Krishna consciousness.<\/p>\n<p>[\/et_pb_text][\/et_pb_column][\/et_pb_row][et_pb_row _builder_version=&#8221;4.27.4&#8243; _module_preset=&#8221;default&#8221; global_colors_info=&#8221;{}&#8221;][et_pb_column type=&#8221;4_4&#8243; _builder_version=&#8221;4.27.4&#8243; _module_preset=&#8221;default&#8221; global_colors_info=&#8221;{}&#8221;][et_pb_text admin_label=&#8221;Text &#8211; Do You Read?&#8221; _builder_version=&#8221;4.27.4&#8243; _module_preset=&#8221;default&#8221; global_colors_info=&#8221;{}&#8221;]<\/p>\n<h3 style=\"text-align: center;\">&#8220;Do You Read?&#8221;<\/h3>\n<p style=\"text-align: center;\">Let us invoke auspiciousness for this Books Are The Basis Week festival by hearing from our beloved Srila Prabhupada in this instructional video<br \/><strong>\u201cI am laboring so hard for you, but you don\u2019t take advantage.\u201d<\/strong><\/p>\n<p>[\/et_pb_text][\/et_pb_column][\/et_pb_row][et_pb_row column_structure=&#8221;1_2,1_2&#8243; _builder_version=&#8221;4.27.4&#8243; _module_preset=&#8221;default&#8221; global_colors_info=&#8221;{}&#8221;][et_pb_column type=&#8221;1_2&#8243; _builder_version=&#8221;4.27.4&#8243; _module_preset=&#8221;default&#8221; global_colors_info=&#8221;{}&#8221;][et_pb_video src=&#8221;https:\/\/youtu.be\/5UEFyy6KIH4&#8243; admin_label=&#8221;Video &#8211; Do You Read? &#8211; English&#8221; _builder_version=&#8221;4.27.4&#8243; _module_preset=&#8221;default&#8221; global_colors_info=&#8221;{}&#8221;][\/et_pb_video][\/et_pb_column][et_pb_column type=&#8221;1_2&#8243; _builder_version=&#8221;4.27.4&#8243; _module_preset=&#8221;default&#8221; global_colors_info=&#8221;{}&#8221;][et_pb_video src=&#8221;https:\/\/youtu.be\/GP7qTSuuPXM&#8221; admin_label=&#8221;Video &#8211; Do You Read? &#8211; Russian&#8221; _builder_version=&#8221;4.27.4&#8243; _module_preset=&#8221;default&#8221; hover_enabled=&#8221;0&#8243; global_colors_info=&#8221;{}&#8221; sticky_enabled=&#8221;0&#8243;][\/et_pb_video][\/et_pb_column][\/et_pb_row][et_pb_row column_structure=&#8221;1_2,1_2&#8243; _builder_version=&#8221;4.27.4&#8243; _module_preset=&#8221;default&#8221; hover_enabled=&#8221;0&#8243; locked=&#8221;off&#8221; global_colors_info=&#8221;{}&#8221; sticky_enabled=&#8221;0&#8243;][et_pb_column type=&#8221;1_2&#8243; _builder_version=&#8221;4.27.4&#8243; _module_preset=&#8221;default&#8221; global_colors_info=&#8221;{}&#8221;][et_pb_image src=&#8221;https:\/\/iskconeducation.org\/wp-content\/uploads\/2025\/09\/BATB-2025-Poster.jpg&#8221; title_text=&#8221;BATB-2025-Poster&#8221; align=&#8221;center&#8221; admin_label=&#8221;Image &#8211; BATB Poster 2025&#8243; _builder_version=&#8221;4.27.4&#8243; _module_preset=&#8221;default&#8221; global_colors_info=&#8221;{}&#8221;][\/et_pb_image][\/et_pb_column][et_pb_column type=&#8221;1_2&#8243; _builder_version=&#8221;4.27.4&#8243; _module_preset=&#8221;default&#8221; global_colors_info=&#8221;{}&#8221;][et_pb_image src=&#8221;https:\/\/iskconeducation.org\/wp-content\/uploads\/2025\/09\/BATB-2025-How-To-Celebrate.png&#8221; title_text=&#8221;BATB 2025 &#8211; How To Celebrate&#8221; admin_label=&#8221;Image &#8211; BATB 2025 How To Celebrate&#8221; _builder_version=&#8221;4.27.4&#8243; _module_preset=&#8221;default&#8221; global_colors_info=&#8221;{}&#8221;][\/et_pb_image][\/et_pb_column][\/et_pb_row][et_pb_row _builder_version=&#8221;4.27.4&#8243; _module_preset=&#8221;default&#8221; global_colors_info=&#8221;{}&#8221; column_structure=&#8221;1_2,1_2&#8243;][et_pb_column type=&#8221;1_2&#8243; _builder_version=&#8221;4.27.4&#8243; _module_preset=&#8221;default&#8221; global_colors_info=&#8221;{}&#8221;][et_pb_video src=&#8221;https:\/\/www.youtube.com\/watch?v=pdisEbNSLvQ&#8221; admin_label=&#8221;Video &#8211; Govardhan Dasa &#8211; GBC Chairman&#8221; _builder_version=&#8221;4.27.4&#8243; _module_preset=&#8221;default&#8221; global_colors_info=&#8221;{}&#8221;][\/et_pb_video][\/et_pb_column][et_pb_column _builder_version=&#8221;4.27.4&#8243; _module_preset=&#8221;default&#8221; type=&#8221;1_2&#8243;][et_pb_video src=&#8221;https:\/\/youtu.be\/KJYAb-cJfUI&#8221; _builder_version=&#8221;4.27.4&#8243; _module_preset=&#8221;default&#8221; global_colors_info=&#8221;{}&#8221;][\/et_pb_video][\/et_pb_column][\/et_pb_row][et_pb_row _builder_version=&#8221;4.27.4&#8243; _module_preset=&#8221;default&#8221; global_colors_info=&#8221;{}&#8221;][et_pb_column type=&#8221;4_4&#8243; _builder_version=&#8221;4.27.4&#8243; _module_preset=&#8221;default&#8221; global_colors_info=&#8221;{}&#8221;][et_pb_text admin_label=&#8221;Text &#8211; Books Are The Basis 2025 Theme \u2013 The Small Books&#8221; _builder_version=&#8221;4.27.4&#8243; _module_preset=&#8221;default&#8221; global_colors_info=&#8221;{}&#8221;]<\/p>\n<h2 style=\"text-align: center;\">Books Are The Basis 2025 Theme \u2013 The Small Books<\/h2>\n<p>Since 2020, the ISKCON Ministry of Education has hosted Books Are the Basis Week to promote a global culture of reading \u015ar\u012bla Prabhup\u0101da\u2019s books. Each year, we focus on a specific aspect of studying these essential texts.<\/p>\n<p>This year, we are highlighting \u015ar\u012bla Prabhup\u0101da\u2019s small books, such as The Perfection of Yoga, The Science of Self Realization, Perfect Questions, Perfect Answers, Beyond Birth and Death, Elevation to Krishna Consciousness, and The Teaching of Queen Kunti. The lives of many thousands of people were transformed by reading one of these small books.<\/p>\n<p>The Ministry of Education is organising a series of short inspirational talks led by senior devotees, with each session focused on a different small book. These short videos will be shared throughout the week to inspire everyone.<\/p>\n<p>[\/et_pb_text][\/et_pb_column][\/et_pb_row][et_pb_row _builder_version=&#8221;4.27.4&#8243; _module_preset=&#8221;default&#8221; global_colors_info=&#8221;{}&#8221;][et_pb_column type=&#8221;4_4&#8243; _builder_version=&#8221;4.27.4&#8243; _module_preset=&#8221;default&#8221; global_colors_info=&#8221;{}&#8221;][et_pb_text admin_label=&#8221;Text &#8211; Global Participation and Activities&#8221; _builder_version=&#8221;4.27.4&#8243; _module_preset=&#8221;default&#8221; global_colors_info=&#8221;{}&#8221;]<\/p>\n<h2 style=\"text-align: center;\"><span data-preserver-spaces=\"true\">Global Participation and Activities<\/span><\/h2>\n<p><span data-preserver-spaces=\"true\">During this week, temples, nama-hattas, bhakti-vrikshas and devotee communities across the globe are encouraged to organise:<\/span><\/p>\n<ul>\n<li><strong><span data-preserver-spaces=\"true\">Reading Groups and Study Circles<\/span><\/strong><span data-preserver-spaces=\"true\">: Dive deep into Srila <\/span><span data-preserver-spaces=\"true\">Prabhupada\u2019s<\/span><span data-preserver-spaces=\"true\"> books and share realisations.<\/span><\/li>\n<li><strong><span data-preserver-spaces=\"true\">Temple Lectures<\/span><\/strong><span data-preserver-spaces=\"true\">: Highlight the small books in classes and lectures during the festival week.<\/span><\/li>\n<li><strong><span data-preserver-spaces=\"true\">Sunday Feast Class<\/span><\/strong><span data-preserver-spaces=\"true\">: Dedicate a Sunday Feast Class on the importance of reading Srila Prabhupada&#8217;s small books during the festival week.<\/span><\/li>\n<li><strong><span data-preserver-spaces=\"true\">Seminars and Workshops<\/span><\/strong><span data-preserver-spaces=\"true\">: Explore the philosophy, pedagogy, and relevance of <\/span><span data-preserver-spaces=\"true\">Prabhupada\u2019s<\/span><span data-preserver-spaces=\"true\"> books in <\/span><span data-preserver-spaces=\"true\">today\u2019s<\/span><span data-preserver-spaces=\"true\"> world.<\/span><\/li>\n<li><strong><span data-preserver-spaces=\"true\">Social Media Campaigns<\/span><\/strong><span data-preserver-spaces=\"true\">: Use #BooksAreTheBasis to share your experiences of reading Srila Prabhupada&#8217;s small books.<\/span><\/li>\n<\/ul>\n<p>&nbsp;<\/p>\n<p>[\/et_pb_text][et_pb_text admin_label=&#8221;Text &#8211; A Call to Action&#8221; _builder_version=&#8221;4.27.4&#8243; _module_preset=&#8221;default&#8221; global_colors_info=&#8221;{}&#8221;]<\/p>\n<h2 style=\"text-align: center;\"><span data-preserver-spaces=\"true\">A Call to Action<\/span><\/h2>\n<p><span data-preserver-spaces=\"true\">We urge all devotees to make a personal commitment during this week. Whether <\/span><span data-preserver-spaces=\"true\">it\u2019s<\/span><span data-preserver-spaces=\"true\"> reading a chapter daily, creating a reading group, or organising a seminar or workshop.<\/span><\/p>\n<p><span data-preserver-spaces=\"true\">Let us remember: Srila <\/span><span data-preserver-spaces=\"true\">Prabhupada\u2019s<\/span><span data-preserver-spaces=\"true\"> books are not only the foundation of ISKCON &#8211; they are the foundation of our spiritual lives. By deepening our connection with his writings, we deepen our connection with Krishna.<\/span><\/p>\n<p><span data-preserver-spaces=\"true\">Together, we can ensure that Srila <\/span><span data-preserver-spaces=\"true\">Prabhupada\u2019s<\/span><span data-preserver-spaces=\"true\"> books remain the guiding light for generations to come.<\/span><\/p>\n<p>[\/et_pb_text][\/et_pb_column][\/et_pb_row][et_pb_row _builder_version=&#8221;4.27.4&#8243; _module_preset=&#8221;default&#8221; locked=&#8221;off&#8221; global_colors_info=&#8221;{}&#8221;][et_pb_column type=&#8221;4_4&#8243; _builder_version=&#8221;4.27.4&#8243; _module_preset=&#8221;default&#8221; global_colors_info=&#8221;{}&#8221;][et_pb_text admin_label=&#8221;Text &#8211; Connect with ISKCON Ministry of Education&#8221; _builder_version=&#8221;4.27.4&#8243; _module_preset=&#8221;default&#8221; global_colors_info=&#8221;{}&#8221;]<\/p>\n<h3 style=\"text-align: center;\">Connect with ISKCON Ministry of Education<\/h3>\n<p>[\/et_pb_text][\/et_pb_column][\/et_pb_row][et_pb_row column_structure=&#8221;1_3,1_3,1_3&#8243; _builder_version=&#8221;4.27.4&#8243; _module_preset=&#8221;default&#8221; locked=&#8221;off&#8221; global_colors_info=&#8221;{}&#8221;][et_pb_column type=&#8221;1_3&#8243; _builder_version=&#8221;4.27.4&#8243; _module_preset=&#8221;default&#8221; global_colors_info=&#8221;{}&#8221;][et_pb_blurb title=&#8221;WhatsApp&#8221; image=&#8221;https:\/\/iskconeducation.org\/wp-content\/uploads\/2025\/01\/moe-wa-qr.png&#8221; image_icon_width=&#8221;75%&#8221; admin_label=&#8221;Blurb &#8211; Join WhatsApp &#8221; _builder_version=&#8221;4.27.4&#8243; _module_preset=&#8221;default&#8221; animation=&#8221;off&#8221; global_colors_info=&#8221;{}&#8221;]<\/p>\n<p><strong><a href=\"https:\/\/chat.whatsapp.com\/C7n30m55neW4q3H5UMH1Q8\">Click here<\/a><\/strong> or scan the QR code on your mobile to join our WhatsApp channel<\/p>\n<p>[\/et_pb_blurb][\/et_pb_column][et_pb_column type=&#8221;1_3&#8243; _builder_version=&#8221;4.27.4&#8243; _module_preset=&#8221;default&#8221; global_colors_info=&#8221;{}&#8221;][et_pb_blurb title=&#8221;Telegram&#8221; image=&#8221;https:\/\/iskconeducation.org\/wp-content\/uploads\/2025\/01\/moe-tg-qr.png&#8221; image_icon_width=&#8221;75%&#8221; admin_label=&#8221;Blurb &#8211; Join Telegram&#8221; _builder_version=&#8221;4.27.4&#8243; _module_preset=&#8221;default&#8221; animation=&#8221;off&#8221; global_colors_info=&#8221;{}&#8221;]<\/p>\n<p><strong><a href=\"https:\/\/t.me\/joinchat\/jjbSWPx6JloxYjI1\">Click here<\/a><\/strong> or scan the QR code on your mobile to join our Telegram channel<\/p>\n<p>[\/et_pb_blurb][\/et_pb_column][et_pb_column type=&#8221;1_3&#8243; _builder_version=&#8221;4.27.4&#8243; _module_preset=&#8221;default&#8221; global_colors_info=&#8221;{}&#8221;][et_pb_blurb title=&#8221;YouTube&#8221; image=&#8221;https:\/\/iskconeducation.org\/wp-content\/uploads\/2025\/01\/moe-yt-qr.png&#8221; image_icon_width=&#8221;75%&#8221; admin_label=&#8221;Blurb &#8211; Join YouTube&#8221; _builder_version=&#8221;4.27.4&#8243; _module_preset=&#8221;default&#8221; animation=&#8221;off&#8221; global_colors_info=&#8221;{}&#8221;]<\/p>\n<p><strong><a href=\"https:\/\/www.youtube.com\/@ISKCONMINISTRYOFEDUCATION\">Click here<\/a><\/strong> or scan the QR code on your mobile to join our YouTube channel<\/p>\n<p>[\/et_pb_blurb][\/et_pb_column][\/et_pb_row][et_pb_row disabled_on=&#8221;on|on|on&#8221; _builder_version=&#8221;4.27.4&#8243; _module_preset=&#8221;default&#8221; disabled=&#8221;on&#8221; global_colors_info=&#8221;{}&#8221;][et_pb_column type=&#8221;4_4&#8243; _builder_version=&#8221;4.27.4&#8243; _module_preset=&#8221;default&#8221; global_colors_info=&#8221;{}&#8221;][et_pb_text admin_label=&#8221;Text &#8211; Join Our Social Media Channels&#8221; _builder_version=&#8221;4.27.4&#8243; _module_preset=&#8221;default&#8221; global_colors_info=&#8221;{}&#8221;]<\/p>\n<h2 style=\"text-align: center;\">Join Our Social Media Channels<\/h2>\n<p style=\"text-align: center;\">Telegram: <a href=\"https:\/\/t.me\/joinchat\/jjbSWPx6JloxYjI1\">https:\/\/t.me\/joinchat\/jjbSWPx6JloxYjI1<\/a><br \/>WhatsApp: <a href=\"https:\/\/chat.whatsapp.com\/C7n30m55neW4q3H5UMH1Q8\">https:\/\/chat.whatsapp.com\/C7n30m55neW4q3H5UMH1Q8<\/a><br \/>Twitter: @iskconeducation<br \/>YouTube: <a href=\"https:\/\/www.youtube.com\/@ISKCONMINISTRYOFEDUCATION\">https:\/\/www.youtube.com\/@ISKCONMINISTRYOFEDUCATION<\/a><br \/>Instagram: @iskcon.ministry.education<br \/>Facebook.com\/IskconMinistryofEducation<\/p>\n<p>[\/et_pb_text][\/et_pb_column][\/et_pb_row][et_pb_row disabled_on=&#8221;on|on|on&#8221; _builder_version=&#8221;4.27.4&#8243; background_size=&#8221;initial&#8221; background_position=&#8221;top_left&#8221; background_repeat=&#8221;repeat&#8221; disabled=&#8221;on&#8221; global_colors_info=&#8221;{}&#8221;][et_pb_column type=&#8221;4_4&#8243; _builder_version=&#8221;4.16&#8243; custom_padding=&#8221;|||&#8221; global_colors_info=&#8221;{}&#8221; custom_padding__hover=&#8221;|||&#8221;][et_pb_text admin_label=&#8221;Text &#8211; Previous Content&#8221; _builder_version=&#8221;4.27.4&#8243; background_size=&#8221;initial&#8221; background_position=&#8221;top_left&#8221; background_repeat=&#8221;repeat&#8221; global_colors_info=&#8221;{}&#8221;]<\/p>\n<p><!-- divi:image {\"align\":\"center\",\"id\":27890,\"sizeSlug\":\"large\",\"linkDestination\":\"none\"} --><\/p>\n<figure class=\"wp-block-image aligncenter size-large\"><img loading=\"lazy\" decoding=\"async\" class=\"wp-image-32267  aligncenter\" src=\"https:\/\/iskconeducation.org\/wp-content\/uploads\/2025\/08\/Founder-Acharya-His-Divine-Grace-A.-C.-Bhaktivedanta-Swami-Prabhupada-2_page-0001-212x300.jpg\" alt=\"\" width=\"396\" height=\"561\" \/><\/figure>\n<p><!-- \/divi:image --><\/p>\n<p><!-- divi:spacer --><\/p>\n<div class=\"wp-block-spacer\" style=\"height: 100px;\" aria-hidden=\"true\"><span style=\"color: #333333; font-size: 26px;\"><br \/>INVOCATION<\/span><\/div>\n<div class=\"wp-block-uagb-advanced-heading uagb-block-be9772b2\">\n<h4 class=\"uagb-desc-text\">Let us invoke auspiciousness for this Books Are The Basis Week festival by hearing from our beloved Srila Prabhupada in this instructional video<br \/><em>\u201cI am laboring so hard for you, but you don\u2019t take advantage.\u201d<\/em><\/h4>\n<\/div>\n<iframe loading=\"lazy\"  id=\"_ytid_26593\"  width=\"800\" height=\"450\"  data-origwidth=\"800\" data-origheight=\"450\" src=\"https:\/\/www.youtube.com\/embed\/5UEFyy6KIH4?enablejsapi=1&autoplay=0&cc_load_policy=0&cc_lang_pref=&iv_load_policy=1&loop=0&rel=1&fs=1&playsinline=0&autohide=2&theme=dark&color=red&controls=1&disablekb=0&\" class=\"__youtube_prefs__  no-lazyload\" title=\"YouTube player\"  allow=\"fullscreen; accelerometer; autoplay; clipboard-write; encrypted-media; gyroscope; picture-in-picture; web-share\" referrerpolicy=\"strict-origin-when-cross-origin\" allowfullscreen data-no-lazy=\"1\" data-skipgform_ajax_framebjll=\"\"><\/iframe>\n<p><!-- \/divi:spacer --><\/p>\n<p><!-- divi:spacer {\"height\":\"48px\"} \/--><\/p>\n<p><!-- divi:paragraph --><\/p>\n<div class=\"wp-block-spacer\" style=\"height: 73px;\" aria-hidden=\"true\">\u00a0<\/div>\n<p><!-- \/divi:paragraph --><\/p>\n<p><!-- divi:uagb\/advanced-heading {\"block_id\":\"c77c5053\",\"classMigrate\":true,\"headingDescToggle\":true,\"headingAlign\":\"center\",\"seperatorStyle\":\"solid\"} --><\/p>\n<div class=\"wp-block-uagb-advanced-heading uagb-block-c77c5053\">\n<h2 class=\"uagb-heading-text\"><strong><strong>HOW TO CELEBRATE?<\/strong><\/strong><\/h2>\n<h4 class=\"uagb-desc-text\">Following three simple steps, you can easily celebrate this festival locally with your friends and in your native language.<\/h4>\n<\/div>\n<p><!-- \/divi:uagb\/advanced-heading --><\/p>\n<p><!-- divi:image {\"align\":\"full\",\"id\":8789,\"sizeSlug\":\"large\",\"linkDestination\":\"none\"} --><\/p>\n<figure class=\"wp-block-image alignfull size-large\"><img loading=\"lazy\" decoding=\"async\" class=\"alignleft wp-image-28663 size-full\" src=\"https:\/\/iskconeducation.org\/wp-content\/uploads\/2023\/08\/Infographic-BATB-2023.png\" alt=\"\" width=\"800\" height=\"2000\" \/><\/figure>\n<p><!-- \/divi:image --><\/p>\n<p><!-- divi:spacer --><\/p>\n<div class=\"wp-block-spacer\" style=\"height: 100px;\" aria-hidden=\"true\">\u00a0<\/div>\n<p><!-- \/divi:spacer --><\/p>\n<p><!-- divi:uagb\/advanced-heading {\"block_id\":\"c3eb1318\",\"classMigrate\":true,\"headingDescToggle\":true,\"headingAlign\":\"center\",\"seperatorStyle\":\"solid\"} --><\/p>\n<div class=\"wp-block-uagb-advanced-heading uagb-block-c3eb1318\">\n<p><!-- \/divi:uagb\/advanced-heading --><!-- \/divi:uagb\/advanced-heading --><\/p>\n<iframe loading=\"lazy\"  id=\"_ytid_50666\"  width=\"800\" height=\"450\"  data-origwidth=\"800\" data-origheight=\"450\" src=\"https:\/\/www.youtube.com\/embed\/GP7qTSuuPXM?enablejsapi=1&autoplay=0&cc_load_policy=0&cc_lang_pref=&iv_load_policy=1&loop=0&rel=1&fs=1&playsinline=0&autohide=2&theme=dark&color=red&controls=1&disablekb=0&\" class=\"__youtube_prefs__  no-lazyload\" title=\"YouTube player\"  allow=\"fullscreen; accelerometer; autoplay; clipboard-write; encrypted-media; gyroscope; picture-in-picture; web-share\" referrerpolicy=\"strict-origin-when-cross-origin\" allowfullscreen data-no-lazy=\"1\" data-skipgform_ajax_framebjll=\"\"><\/iframe>\n<h2 class=\"uagb-heading-text\">Get in Touch<\/h2>\n<p class=\"uagb-desc-text\">Telegram: <a href=\"https:\/\/t.me\/joinchat\/jjbSWPx6JloxYjI1\">https:\/\/t.me\/joinchat\/jjbSWPx6JloxYjI1<\/a><br \/>Whatsapp: <a href=\"https:\/\/chat.whatsapp.com\/C7n30m55neW4q3H5UMH1Q8\">https:\/\/chat.whatsapp.com\/C7n30m55neW4q3H5UMH1Q8<\/a><br \/>Twitter: <a href=\"https:\/\/twitter.com\/IskconEducation\">@iskconeducation<\/a><br \/><a href=\"http:\/\/Youtube.com\/IskconMinistryOfEducation\" data-type=\"URL\" data-id=\"Youtube.com\/IskconMinistryOfEducation\">Youtube.com\/IskconMinistryOfEducation<\/a><br \/>Instagram: <a href=\"https:\/\/www.instagram.com\/iskcon.ministry.education\/\">@iskcon.ministry.education<\/a><br \/><a href=\"http:\/\/Facebook.com\/IskconMinistryofEducation\">Facebook.com\/IskconMinistryofEducation<\/a><\/p>\n<\/div>\n<p>[\/et_pb_text][\/et_pb_column][\/et_pb_row][\/et_pb_section]<\/p>\n","protected":false},"excerpt":{"rendered":"<p>How to Celebrate Books Are The Basis Week 2025 September 7\u201313, 2025 As we approach Books Are The Basis Week 2025, the ISKCON Ministry of Education warmly invites devotees worldwide to unite in celebrating the foundational role of Srila Prabhupada\u2019s books in our spiritual lives and the global mission of Krishna consciousness.&#8221;Do You Read?&#8221; Let [&hellip;]<\/p>\n","protected":false},"author":1,"featured_media":0,"parent":0,"menu_order":0,"comment_status":"closed","ping_status":"closed","template":"","meta":{"_acf_changed":false,"_et_pb_use_builder":"on","_et_pb_old_content":"<!-- wp:image {\"align\":\"center\",\"id\":27890,\"sizeSlug\":\"large\",\"linkDestination\":\"none\"} -->\r\n<figure class=\"wp-block-image aligncenter size-large\"><img class=\"aligncenter wp-image-28654 size-full\" src=\"https:\/\/iskconeducation.org\/wp-content\/uploads\/2023\/08\/BATB-Poster-2023.png\" alt=\"\" width=\"1280\" height=\"700\" \/><\/figure>\r\n<!-- \/wp:image -->\r\n\r\n<!-- wp:spacer -->\r\n<div class=\"wp-block-spacer\" style=\"height: 100px;\" aria-hidden=\"true\"><span style=\"color: #333333; font-size: 26px;\"><br \/>INVOCATION<\/span><\/div>\r\n<div class=\"wp-block-uagb-advanced-heading uagb-block-be9772b2\">\r\n<h4 class=\"uagb-desc-text\">Let us invoke auspiciousness for this Books Are The Basis Week festival by hearing from our beloved Srila Prabhupada in this instructional video<br \/><em>\u201cI am laboring so hard for you, but you don\u2019t take advantage.\u201d<\/em><\/h4>\r\n<\/div>\r\n\r\n<p>[embedyt] https:\/\/www.youtube.com\/watch?v=5UEFyy6KIH4[\/embedyt]<\/p>\r\n<!-- \/wp:spacer -->\r\n\r\n<!-- wp:spacer {\"height\":\"48px\"} \/-->\r\n\r\n<!-- wp:paragraph -->\r\n<p><div class=\"wp-block-spacer\" style=\"height: 73px;\" aria-hidden=\"true\">\u00a0<\/div><\/p>\r\n<!-- \/wp:paragraph -->\r\n\r\n<!-- wp:uagb\/advanced-heading {\"block_id\":\"c77c5053\",\"classMigrate\":true,\"headingDescToggle\":true,\"headingAlign\":\"center\",\"seperatorStyle\":\"solid\"} -->\r\n<div class=\"wp-block-uagb-advanced-heading uagb-block-c77c5053\">\r\n<h2 class=\"uagb-heading-text\"><strong><strong>HOW TO CELEBRATE?<\/strong><\/strong><\/h2>\r\n<h4 class=\"uagb-desc-text\">Following three simple steps, you can easily celebrate this festival locally with your friends and in your native language.\u00a0<\/h4>\r\n<\/div>\r\n<!-- \/wp:uagb\/advanced-heading -->\r\n\r\n<!-- wp:image {\"align\":\"full\",\"id\":8789,\"sizeSlug\":\"large\",\"linkDestination\":\"none\"} -->\r\n<figure class=\"wp-block-image alignfull size-large\"><img class=\"alignleft wp-image-28663 size-full\" src=\"https:\/\/iskconeducation.org\/wp-content\/uploads\/2023\/08\/Infographic-BATB-2023.png\" alt=\"\" width=\"800\" height=\"2000\" \/><\/figure>\r\n<!-- \/wp:image -->\r\n\r\n<!-- wp:spacer -->\r\n<div class=\"wp-block-spacer\" style=\"height: 100px;\" aria-hidden=\"true\">\u00a0<\/div>\r\n<!-- \/wp:spacer -->\r\n\r\n<!-- wp:uagb\/advanced-heading {\"block_id\":\"c3eb1318\",\"classMigrate\":true,\"headingDescToggle\":true,\"headingAlign\":\"center\",\"seperatorStyle\":\"solid\"} -->\r\n<div class=\"wp-block-uagb-advanced-heading uagb-block-c3eb1318\">\r\n<!-- \/wp:uagb\/advanced-heading -->\r\n\r\n<p><!-- \/wp:uagb\/advanced-heading --><\/p>\r\n<p>[embedyt] https:\/\/www.youtube.com\/watch?v=GP7qTSuuPXM[\/embedyt]<\/p>\r\n<\/p>\r\n<h2 class=\"uagb-heading-text\">Get in Touch<\/h2>\r\n<p class=\"uagb-desc-text\">Telegram: <a href=\"https:\/\/t.me\/joinchat\/jjbSWPx6JloxYjI1\">https:\/\/t.me\/joinchat\/jjbSWPx6JloxYjI1<\/a><br \/>Whatsapp: <a href=\"https:\/\/chat.whatsapp.com\/C7n30m55neW4q3H5UMH1Q8\">https:\/\/chat.whatsapp.com\/C7n30m55neW4q3H5UMH1Q8<\/a><br \/>Twitter: <a href=\"https:\/\/twitter.com\/IskconEducation\">@iskconeducation<\/a><br \/><a href=\"http:\/\/Youtube.com\/IskconMinistryOfEducation\" data-type=\"URL\" data-id=\"Youtube.com\/IskconMinistryOfEducation\">Youtube.com\/IskconMinistryOfEducation<\/a><br \/>Instagram: <a href=\"https:\/\/www.instagram.com\/iskcon.ministry.education\/\">@iskcon.ministry.education<\/a><br \/><a href=\"http:\/\/Facebook.com\/IskconMinistryofEducation\">Facebook.com\/IskconMinistryofEducation<\/a><\/p>\r\n<\/div>","_et_gb_content_width":"","_uag_custom_page_level_css":"","footnotes":"","_links_to":"","_links_to_target":""},"class_list":["post-27888","page","type-page","status-publish","hentry"],"acf":[],"uagb_featured_image_src":{"full":false,"thumbnail":false,"medium":false,"medium_large":false,"large":false,"1536x1536":false,"2048x2048":false,"trp-custom-language-flag":false,"et-pb-post-main-image":false,"et-pb-post-main-image-fullwidth":false,"et-pb-portfolio-image":false,"et-pb-portfolio-module-image":false,"et-pb-portfolio-image-single":false,"et-pb-gallery-module-image-portrait":false,"et-pb-post-main-image-fullwidth-large":false,"et-pb-image--responsive--desktop":false,"et-pb-image--responsive--tablet":false,"et-pb-image--responsive--phone":false},"uagb_author_info":{"display_name":"admin","author_link":"https:\/\/iskconeducation.org\/de\/author\/admin\/"},"uagb_comment_info":0,"uagb_excerpt":"How to Celebrate Books Are The Basis Week 2025 September 7\u201313, 2025 As we approach Books Are The Basis Week 2025, the ISKCON Ministry of Education warmly invites devotees worldwide to unite in celebrating the foundational role of Srila Prabhupada\u2019s books in our spiritual lives and the global mission of Krishna consciousness.\"Do You Read?\" Let&hellip;","_links":{"self":[{"href":"https:\/\/iskconeducation.org\/de\/wp-json\/wp\/v2\/pages\/27888","targetHints":{"allow":["GET"]}}],"collection":[{"href":"https:\/\/iskconeducation.org\/de\/wp-json\/wp\/v2\/pages"}],"about":[{"href":"https:\/\/iskconeducation.org\/de\/wp-json\/wp\/v2\/types\/page"}],"author":[{"embeddable":true,"href":"https:\/\/iskconeducation.org\/de\/wp-json\/wp\/v2\/users\/1"}],"replies":[{"embeddable":true,"href":"https:\/\/iskconeducation.org\/de\/wp-json\/wp\/v2\/comments?post=27888"}],"version-history":[{"count":43,"href":"https:\/\/iskconeducation.org\/de\/wp-json\/wp\/v2\/pages\/27888\/revisions"}],"predecessor-version":[{"id":32379,"href":"https:\/\/iskconeducation.org\/de\/wp-json\/wp\/v2\/pages\/27888\/revisions\/32379"}],"wp:attachment":[{"href":"https:\/\/iskconeducation.org\/de\/wp-json\/wp\/v2\/media?parent=27888"}],"curies":[{"name":"wp","href":"https:\/\/api.w.org\/{rel}","templated":true}]}}