{"id":30397,"date":"2025-01-23T09:46:20","date_gmt":"2025-01-23T09:46:20","guid":{"rendered":"https:\/\/iskconeducation.org\/?page_id=30397"},"modified":"2025-02-06T09:34:55","modified_gmt":"2025-02-06T09:34:55","slug":"his-divine-grace-a-c-bhaktivedanta-swami-srila-prabhupada","status":"publish","type":"page","link":"https:\/\/iskconeducation.org\/de\/his-divine-grace-a-c-bhaktivedanta-swami-srila-prabhupada\/","title":{"rendered":"Seine G\u00f6ttliche Gnade"},"content":{"rendered":"<h2 class=\"wp-block-heading has-text-align-center\">A.C. Bhaktivedanta Swami Srila Prabhupada<\/h2>\n\n\n\n<div style=\"height:20px\" aria-hidden=\"true\" class=\"wp-block-spacer\"><\/div>\n\n\n\n<h3 class=\"wp-block-heading has-text-align-center\"><em>Gr\u00fcnder Acharya der Internationalen Gesellschaft f\u00fcr Krishna-Bewusstsein<\/em><\/h3>\n\n\n\n<div style=\"height:31px\" aria-hidden=\"true\" class=\"wp-block-spacer\"><\/div>\n\n\n\n<figure class=\"wp-block-image aligncenter size-large is-resized\"><img loading=\"lazy\" decoding=\"async\" width=\"1024\" height=\"687\" src=\"https:\/\/iskconeducation.org\/wp-content\/uploads\/2025\/01\/prabhupada-1-1024x687.jpeg\" alt=\"\" class=\"wp-image-30400\" style=\"width:411px;height:auto\" srcset=\"https:\/\/iskconeducation.org\/wp-content\/uploads\/2025\/01\/prabhupada-1-1024x687.jpeg 1024w, https:\/\/iskconeducation.org\/wp-content\/uploads\/2025\/01\/prabhupada-1-980x657.jpeg 980w, https:\/\/iskconeducation.org\/wp-content\/uploads\/2025\/01\/prabhupada-1-480x322.jpeg 480w\" sizes=\"(min-width: 0px) and (max-width: 480px) 480px, (min-width: 481px) and (max-width: 980px) 980px, (min-width: 981px) 1024px, 100vw\" \/><\/figure>\n\n\n\n<div style=\"height:31px\" aria-hidden=\"true\" class=\"wp-block-spacer\"><\/div>\n\n\n\n<p>\u00dcber tausende von Jahren waren die Lehren und die reiche Kultur des Bhakti-Yoga, oder Krishna-Bewusstsein, innerhalb der Grenzen Indiens verborgen. Heute dr\u00fccken Millionen von Menschen weltweit ihre Dankbarkeit gegen\u00fcber Srila Prabhupada aus, der die zeitlose Weisheit des Bhakti der Welt offenbart hat.<\/p>\n\n\n\n<p>Geboren als Abhay Charan De am 1. September 1896 in Kalkutta, trat er als junger Mann in die zivile Ungehorsamsbewegung von Mahatma Gandhi ein. 1922 war ein Treffen mit dem bedeutenden Gelehrten und spirituellen F\u00fchrer Srila Bhaktisiddhanta Sarasvati \u00e4u\u00dferst einflussreich f\u00fcr die zuk\u00fcnftige Berufung des jungen Abhay.<\/p>\n\n\n\n<p>Srila Bhaktisiddhanta war ein F\u00fchrer in der Gaudiya Vaishnava-Gemeinschaft, einer monotheistischen Tradition innerhalb der breiteren Hindu-Kultur. Bei ihrem ersten Treffen bat Srila Bhaktisiddhanta Abhay, die Lehren von Lord Krishna in die englischsprachige Welt zu bringen. Tief ber\u00fchrt von seiner Hingabe und Weisheit wurde Abhay 1933 ein Sch\u00fcler von Srila Bhaktisiddhanta und beschloss, den Wunsch seines Mentors zu erf\u00fcllen. Abhay, sp\u00e4ter bekannt als A.C. Bhaktivedanta Swami Prabhupada, verbrachte die n\u00e4chsten 32 Jahre mit der Vorbereitung auf seine Reise nach Westen.<\/p>\n\n\n\n<p>1965, im Alter von neunundsechzig Jahren, bat Srila Prabhupada um eine kostenlose \u00dcberfahrt und bestieg ein Frachtschiff, die Jaladhuta, nach New York. Die Reise erwies sich als gef\u00e4hrlich und er erlitt an Bord zwei Herzinfarkte. Nach 35 Tagen auf See kam er schlie\u00dflich an einem einsamen Pier in Brooklyn an, mit nur sieben Dollar in indischen Rupien und einer Kiste seiner \u00dcbersetzungen heiliger Sanskrit-Texte.<\/p>\n\n\n\n<p>In New York sah er sich gro\u00dfen Schwierigkeiten gegen\u00fcber und begann seine Mission bescheiden, indem er Unterricht \u00fcber die Bhagavad-gita in Lofts in der Bowery gab und Kirtan (traditionelle Andachtsges\u00e4nge) im Tompkins Square Park leitete. Seine Botschaft von Frieden und Wohlwollen fand bei vielen jungen Menschen Resonanz, von denen einige ernsthafte Sch\u00fcler der Krishna-Bhakti-Tradition wurden. Mit der Hilfe dieser Sch\u00fcler mietete Bhaktivedanta Swami ein kleines Gesch\u00e4ftslokal im Lower East Side von New York als Tempel.<\/p>\n\n\n\n<p>Im Juli 1966 gr\u00fcndete Bhaktivedanta Swami die Internationale Gesellschaft f\u00fcr Krishna-Bewusstsein (ISKCON) mit dem Ziel, \u201edas Ungleichgewicht der Werte in der Welt zu pr\u00fcfen und f\u00fcr echte Einheit und Frieden zu arbeiten\u201c.<\/p>\n\n\n\n<p>In den elf folgenden Jahren umkreiste Srila Prabhupada die Erde 14 Mal auf Vortragsreisen, um die Lehren von Lord Krishna zu verbreiten. M\u00e4nner und Frauen aus allen Schichten und Lebensbereichen akzeptierten seine Botschaft. Mit ihrer Hilfe etablierte Srila Prabhupada Tempel, Landwirtschaftsgemeinschaften, einen Verlag und Bildungseinrichtungen auf der ganzen Welt. Au\u00dferdem begann er das, was heute das gr\u00f6\u00dfte vegetarische Nahrungsmittelhilfsprogramm der Welt ist, Hare Krishna Food for Life.<\/p>\n\n\n\n<p>Mit dem Wunsch, die Wurzeln des Krishna-Bewusstseins in seiner Heimat zu n\u00e4hren, kehrte Srila Prabhupada mehrmals nach Indien zur\u00fcck, wo er eine Wiederbelebung der Vaishnava-Tradition entfachte. In Indien er\u00f6ffnete er Dutzende von Tempeln, darunter gro\u00dfe Zentren in den heiligen St\u00e4dten Vrindavana und Mayapura.<\/p>\n\n\n\n<p>Srila Prabhupadas bedeutendste Beitr\u00e4ge sind vielleicht seine B\u00fccher. Er verfasste \u00fcber 70 B\u00e4nde zur Krishna-Tradition, die von Gelehrten wegen ihrer Autorit\u00e4t, Tiefe, Treue zur Tradition und Klarheit hochgesch\u00e4tzt werden. Einige seiner Werke werden in zahlreichen Hochschulkursen als Lehrb\u00fccher verwendet. Seine Schriften wurden in 76 Sprachen \u00fcbersetzt. Zu seinen bekanntesten Werken geh\u00f6ren: Bhagavad-gita As It Is, das 30-b\u00e4ndige Srimad-Bhagavatam und das 17-b\u00e4ndige Sri Caitanya-caritamrita.<\/p>\n\n\n\n<p>A.C. Bhaktivedanta Swami Srila Prabhupada verstarb am 14. November 1977 in der heiligen Stadt Vrindavana, umgeben von seinen liebevollen Sch\u00fclern, die heute seine Mission fortf\u00fchren.<\/p>","protected":false},"excerpt":{"rendered":"<p>A.C. Bhaktivedanta Swami Srila Prabhupada Founder Acharya of the International Society for Krishna Consciousness For millennia the teachings and the rich culture of bhakti-yoga, or Krishna Consciousness, had been hidden within the borders of India. Today, millions around the globe express their gratitude to Srila Prabhupada for revealing the timeless wisdom of bhakti to a [&hellip;]<\/p>\n","protected":false},"author":1,"featured_media":0,"parent":0,"menu_order":0,"comment_status":"closed","ping_status":"closed","template":"","meta":{"_acf_changed":false,"_et_pb_use_builder":"off","_et_pb_old_content":"","_et_gb_content_width":"","_uag_custom_page_level_css":"","footnotes":"","_links_to":"","_links_to_target":""},"class_list":["post-30397","page","type-page","status-publish","hentry"],"acf":[],"uagb_featured_image_src":{"full":false,"thumbnail":false,"medium":false,"medium_large":false,"large":false,"1536x1536":false,"2048x2048":false,"trp-custom-language-flag":false,"et-pb-post-main-image":false,"et-pb-post-main-image-fullwidth":false,"et-pb-portfolio-image":false,"et-pb-portfolio-module-image":false,"et-pb-portfolio-image-single":false,"et-pb-gallery-module-image-portrait":false,"et-pb-post-main-image-fullwidth-large":false,"et-pb-image--responsive--desktop":false,"et-pb-image--responsive--tablet":false,"et-pb-image--responsive--phone":false},"uagb_author_info":{"display_name":"admin","author_link":"https:\/\/iskconeducation.org\/de\/author\/admin\/"},"uagb_comment_info":0,"uagb_excerpt":"A.C. Bhaktivedanta Swami Srila Prabhupada Founder Acharya of the International Society for Krishna Consciousness For millennia the teachings and the rich culture of bhakti-yoga, or Krishna Consciousness, had been hidden within the borders of India. Today, millions around the globe express their gratitude to Srila Prabhupada for revealing the timeless wisdom of bhakti to a&hellip;","_links":{"self":[{"href":"https:\/\/iskconeducation.org\/de\/wp-json\/wp\/v2\/pages\/30397","targetHints":{"allow":["GET"]}}],"collection":[{"href":"https:\/\/iskconeducation.org\/de\/wp-json\/wp\/v2\/pages"}],"about":[{"href":"https:\/\/iskconeducation.org\/de\/wp-json\/wp\/v2\/types\/page"}],"author":[{"embeddable":true,"href":"https:\/\/iskconeducation.org\/de\/wp-json\/wp\/v2\/users\/1"}],"replies":[{"embeddable":true,"href":"https:\/\/iskconeducation.org\/de\/wp-json\/wp\/v2\/comments?post=30397"}],"version-history":[{"count":11,"href":"https:\/\/iskconeducation.org\/de\/wp-json\/wp\/v2\/pages\/30397\/revisions"}],"predecessor-version":[{"id":30864,"href":"https:\/\/iskconeducation.org\/de\/wp-json\/wp\/v2\/pages\/30397\/revisions\/30864"}],"wp:attachment":[{"href":"https:\/\/iskconeducation.org\/de\/wp-json\/wp\/v2\/media?parent=30397"}],"curies":[{"name":"wp","href":"https:\/\/api.w.org\/{rel}","templated":true}]}}