{"id":31042,"date":"2025-02-10T08:54:17","date_gmt":"2025-02-10T08:54:17","guid":{"rendered":"https:\/\/iskconeducation.org\/?page_id=31042"},"modified":"2025-12-01T14:11:04","modified_gmt":"2025-12-01T14:11:04","slug":"initiatives","status":"publish","type":"page","link":"https:\/\/iskconeducation.org\/de\/initiatives\/","title":{"rendered":"Initiativen"},"content":{"rendered":"<ul class=\"wp-block-list\">\n<li><strong>Viplavah<\/strong><\/li>\n\n\n\n<li><strong>B\u00fccher sind die Grundlage<\/strong><\/li>\n\n\n\n<li><strong>Abschlusspr\u00fcfung<\/strong><\/li>\n<\/ul>\n\n\n\n<img decoding=\"async\" class=\"no-border\" src=\"https:\/\/iskconeducation.org\/wp-content\/uploads\/2025\/02\/6KpMgZO-Imgur-e1738834009530.png\" alt=\"\" align=\"middle\" style=\"text-align: center; font-size: 16px; width: 912px;\" \/><\/p>\n\n\n\n<div style=\"height:42px\" aria-hidden=\"true\" class=\"wp-block-spacer\"><\/div>\n\n\n\n<div class=\"wp-block-uagb-advanced-heading uagb-block-2c6cdbd6\"><h2 class=\"uagb-heading-text\">VIPLAVAH - J\u00e4hrliches internationales Bildungssymposium<\/h2><\/div>\n\n\n\n<p>Im Jahr 2019 hat das Bildungsministerium das j\u00e4hrliche Symposium \u201eViplavah\u201c ins Leben gerufen. Ziel ist es, ISKCON-Lehrer*innen aus aller Welt die M\u00f6glichkeit zu geben, einige der wertvollen Erkenntnisse auszutauschen, die sie durch ihre langj\u00e4hrige Praxis gewonnen haben.<\/p>\n\n\n\n<p>Da unsere Bewegung lehrreicher und wissenschaftlicher Natur ist, erhalten wir von verschiedenen Ministerien auch zus\u00e4tzliche Informationen dar\u00fcber, wie sich ihre Innovationen entwickeln und welche Fortschritte sie in ihren Bereichen erzielt haben.<\/p>\n\n\n\n<p>Weitere Informationen zu diesem Projekt finden Sie unter den folgenden Links:<\/p>\n\n\n\n<p><a href=\"https:\/\/iskconeducation.org\/de\/fortnight-symposium-seminars\/\">Videopr\u00e4sentationen<\/a><\/p>\n\n\n\n<p><a href=\"https:\/\/iskconeducation.org\/de\/journal\/\">Viplavah Magazine<\/a><\/p>\n\n\n\n<div style=\"height:56px\" aria-hidden=\"true\" class=\"wp-block-spacer\"><\/div>\n\n\n\n<div class=\"wp-block-uagb-advanced-heading uagb-block-38bbbff9\"><h2 class=\"uagb-heading-text\">B\u00fccher sind die Grundlage<\/h2><\/div>\n\n\n\n<p>Bei der Sanga der GBCs, Gurus und Sannyasis im Jahr 2015 wurde bekannt gegeben, dass eine vom GBC durchgef\u00fchrte Umfrage ergeben hatte, dass weniger als 17 % der ISKCON-F\u00fchrungskr\u00e4fte Srila Prabhupadas B\u00fccher tats\u00e4chlich regelm\u00e4\u00dfig lesen.<\/p>\n\n\n\n<p>Es wurde deutlich, dass Srila Prabhupada zwar wiederholt die Bedeutung seiner B\u00fccher betont und jedes Mitglied der ISKCON gebeten hatte, sie zu lesen, andere darin zu schulen und sie systematisch zu studieren. Viele Anh\u00e4nger stellten jedoch fest, dass sie hinter den von ihm erwarteten Standards zur\u00fcckblieben.<\/p>\n\n\n\n<p>Angesichts der kritischen Lage f\u00fchrte das Bildungsministerium mit Zustimmung des GBC-Gremiums das Projekt \u201eBooks Are The Basis\u201d (B\u00fccher sind die Grundlage) ein, um den Wunsch von Srila Prabhupada zu erf\u00fcllen, seine B\u00fccher wieder in den Mittelpunkt des spirituellen Lebens der ISKCON-Anh\u00e4nger zu r\u00fccken.<\/p>\n\n\n\n<p>Weitere Informationen zu diesem Projekt finden Sie unter den folgenden Links:<\/p>\n\n\n\n<p><a href=\"https:\/\/iskconeducation.org\/de\/books-are-the-basis\/\">\u00dcberblick<\/a><\/p>\n\n\n\n<p><a href=\"https:\/\/iskconeducation.org\/de\/in-depth-interviews\/\">Es wurden Interviews mit ISKCON-F\u00fchrern \u00fcber den Einfluss von Srila Prabhupadas B\u00fcchern auf ihr spirituelles Leben gef\u00fchrt.<\/a><\/p>\n\n\n\n<p><a href=\"https:\/\/iskconeducation.org\/de\/nectar-drops\/\">Nektartropfen - min\u00fctige Videoclips mit Interviews von f\u00fchrenden Pers\u00f6nlichkeiten \u00fcber die Bedeutung der B\u00fccher von Srila Prabhupada<\/a><\/p>\n\n\n\n<p><a href=\"https:\/\/iskconeducation.org\/de\/batb-reports\/\">Books are the Basis Reports<\/a><\/p>\n\n\n\n<div style=\"height:56px\" aria-hidden=\"true\" class=\"wp-block-spacer\"><\/div>\n\n\n\n<div class=\"wp-block-uagb-advanced-heading uagb-block-84a7c99f\"><h2 class=\"uagb-heading-text\">Abschlusspr\u00fcfung<\/h2><\/div>\n\n\n\n<p>Das ISKCON-Bildungsministerium und der ISKCON-Pr\u00fcfungsausschuss (BOEX) freuen sich, die Sastric-Summepr\u00fcfung f\u00fcr ISKCON-F\u00fchrungskr\u00e4fte einzuf\u00fchren. F\u00fcr viele ISKCON-F\u00fchrungskr\u00e4fte ist diese Pr\u00fcfung m\u00f6glicherweise die beste Option, um die B\u00fccher sorgf\u00e4ltig zu studieren und ihren Bhakti-Sastri-, Bhakti-Vaibhava- oder Bhakti-Vedanta-Abschluss zu erwerben. Von der BOEX zugelassene Pr\u00fcfungszentren sind befugt, hochrangige Kandidaten zu bewerten und die Summative Pr\u00fcfung durchzuf\u00fchren. Die Pr\u00fcfungszentren m\u00fcssen dem Sekret\u00e4r des ISKCON-Bildungsministeriums Einzelheiten zur Bewertung der Absolventen (Ort, Datum, Aufsichtsperson, Note) mitteilen. Die genehmigten Fragen der Summative Pr\u00fcfung werden f\u00fcr die Closed-Book-Bewertung in von der BOEX genehmigten Programmen verwendet.<\/p>\n\n\n\n<p>Weitere Informationen zu diesem Projekt finden Sie unter diesem Link.<br><a href=\"https:\/\/iskconeducation.org\/de\/summative-exam\/\">Abschlusspr\u00fcfung<\/a><\/p>\n\n\n\n<div style=\"height:56px\" aria-hidden=\"true\" class=\"wp-block-spacer\"><\/div>\n\n\n\n<p><\/p>","protected":false},"excerpt":{"rendered":"<p>VIPLAVAH &#8211; Annual International Education Symposium In 2019, the Ministry of Education embarked upon an annual symposium called \u201cViplavah\u201d. Aim is to provide ISKCON educators from around the globe the opportunity to share some of the invaluable insights they have acquired through their many years of practice. As our movement is educational and scientific, we [&hellip;]<\/p>\n","protected":false},"author":1,"featured_media":0,"parent":0,"menu_order":0,"comment_status":"closed","ping_status":"closed","template":"","meta":{"_acf_changed":false,"_et_pb_use_builder":"off","_et_pb_old_content":"","_et_gb_content_width":"","_uag_custom_page_level_css":"","footnotes":"","_links_to":"","_links_to_target":""},"class_list":["post-31042","page","type-page","status-publish","hentry"],"acf":[],"uagb_featured_image_src":{"full":false,"thumbnail":false,"medium":false,"medium_large":false,"large":false,"1536x1536":false,"2048x2048":false,"trp-custom-language-flag":false,"et-pb-post-main-image":false,"et-pb-post-main-image-fullwidth":false,"et-pb-portfolio-image":false,"et-pb-portfolio-module-image":false,"et-pb-portfolio-image-single":false,"et-pb-gallery-module-image-portrait":false,"et-pb-post-main-image-fullwidth-large":false,"et-pb-image--responsive--desktop":false,"et-pb-image--responsive--tablet":false,"et-pb-image--responsive--phone":false},"uagb_author_info":{"display_name":"admin","author_link":"https:\/\/iskconeducation.org\/de\/author\/admin\/"},"uagb_comment_info":0,"uagb_excerpt":"VIPLAVAH &#8211; Annual International Education Symposium In 2019, the Ministry of Education embarked upon an annual symposium called \u201cViplavah\u201d. Aim is to provide ISKCON educators from around the globe the opportunity to share some of the invaluable insights they have acquired through their many years of practice. As our movement is educational and scientific, we&hellip;","_links":{"self":[{"href":"https:\/\/iskconeducation.org\/de\/wp-json\/wp\/v2\/pages\/31042","targetHints":{"allow":["GET"]}}],"collection":[{"href":"https:\/\/iskconeducation.org\/de\/wp-json\/wp\/v2\/pages"}],"about":[{"href":"https:\/\/iskconeducation.org\/de\/wp-json\/wp\/v2\/types\/page"}],"author":[{"embeddable":true,"href":"https:\/\/iskconeducation.org\/de\/wp-json\/wp\/v2\/users\/1"}],"replies":[{"embeddable":true,"href":"https:\/\/iskconeducation.org\/de\/wp-json\/wp\/v2\/comments?post=31042"}],"version-history":[{"count":7,"href":"https:\/\/iskconeducation.org\/de\/wp-json\/wp\/v2\/pages\/31042\/revisions"}],"predecessor-version":[{"id":32752,"href":"https:\/\/iskconeducation.org\/de\/wp-json\/wp\/v2\/pages\/31042\/revisions\/32752"}],"wp:attachment":[{"href":"https:\/\/iskconeducation.org\/de\/wp-json\/wp\/v2\/media?parent=31042"}],"curies":[{"name":"wp","href":"https:\/\/api.w.org\/{rel}","templated":true}]}}