{"id":259,"date":"2022-06-03T06:59:45","date_gmt":"2022-06-03T06:59:45","guid":{"rendered":"https:\/\/iskconeducation.org\/?page_id=259"},"modified":"2025-01-27T11:03:55","modified_gmt":"2025-01-27T11:03:55","slug":"fortnight-symposium-seminars","status":"publish","type":"page","link":"https:\/\/iskconeducation.org\/es\/fortnight-symposium-seminars\/","title":{"rendered":"Viplavah"},"content":{"rendered":"<p class=\"has-text-align-center\"><strong>Simposio Anual de Educaci\u00f3n Internacional<\/strong><\/p>\n\n\n\n<p>Viplavah es un Simposio Anual de Educaci\u00f3n Internacional donde educadores de ISKCON de todo el mundo comparten algunos de los invaluables conocimientos que han adquirido a trav\u00e9s de a\u00f1os de pr\u00e1ctica.<\/p>\n\n\n\n<div style=\"height:29px\" aria-hidden=\"true\" class=\"wp-block-spacer\"><\/div>\n\n\n\n<div class=\"wp-block-uagb-separator uagb-block-d9d234ef\"><div class=\"wp-block-uagb-separator__inner\" style=\"--my-background-image:\"><\/div><\/div>\n\n\n\n<div style=\"height:29px\" aria-hidden=\"true\" class=\"wp-block-spacer\"><\/div>\n\n\n\n<div class=\"wp-block-columns is-layout-flex wp-container-core-columns-is-layout-9d6595d7 wp-block-columns-is-layout-flex\">\n<div class=\"wp-block-column is-layout-flow wp-block-column-is-layout-flow\">\n<div class=\"wp-block-uagb-advanced-heading uagb-block-1360c7ac\"><h3 class=\"uagb-heading-text\">Realizing Srila Prabhupada&#8217;s<br>Vision for Sastric Degrees<\/h3><\/div>\n\n\n\n\n\n\n\n\n\n\n\n<p><span style=\"font-size: 1rem; color: var(--ast-global-color-3);\"><strong>Sinopsis: En este video, \"Realizando la visi\u00f3n de Srila Prabhupada para los grados sastreros\" Atul Krishna Prabhu discute los obst\u00e1culos enfrentados en la realizaci\u00f3n de programas de certificaci\u00f3n de grados sastreros y explica c\u00f3mo el sistema de evaluaci\u00f3n recientemente desarrollado est\u00e1 aumentando efectivamente el n\u00famero de grados otorgados.\u00a0La visi\u00f3n de Srila Prabhupada era que todos sus seguidores fueran altamente eruditos en las escrituras y llevaran el t\u00edtulo de \"Bhaktivedanta\". Si bien la visi\u00f3n de Su Divina Gracia est\u00e1 lejos de realizarse, somos afortunados de tener a Atul Krishna Prabhu delineando los pasos que se pueden emprender para hacer realidad la visi\u00f3n de Srila Prabhupada<\/strong><\/span><\/p>\n<\/div>\n\n\n\n<div class=\"wp-block-column is-layout-flow wp-block-column-is-layout-flow\">\n<div class=\"wp-block-uagb-advanced-heading uagb-block-ac95e855\"><h3 class=\"uagb-heading-text\">Education,<br>not indoctrination<\/h3><\/div>\n\n\n\n\n\n\n\n\n\n\n\n<p style=\"font-size:14px\"><strong>En este video, \"Educaci\u00f3n, no Adoctrinamiento\", Su Santidad Krishna Kshetra Swami analiza el tema del adoctrinamiento del que se acus\u00f3 a nuestro movimiento en su infancia, al tiempo que comparte consejos sobre c\u00f3mo promover el pensamiento libre dentro de ISKCON para evitar que se convierta en un problema hoy. Su Santidad contin\u00faa explicando c\u00f3mo el adoctrinamiento es gravemente perjudicial para el proceso de aprendizaje\/realizaci\u00f3n de las ense\u00f1anzas de la verdad absoluta, al tiempo que proporciona evidencia sastrica que demuestra que el pensamiento libre no solo se fomenta en Bhkati Yoga; pero es parte de la cultura.<\/strong><\/p>\n<\/div>\n<\/div>\n\n\n\n<p style=\"font-size:14px\"><\/p>\n\n\n\n<div style=\"height:15px\" aria-hidden=\"true\" class=\"wp-block-spacer\"><\/div>\n\n\n\n<div class=\"wp-block-uagb-separator uagb-block-e6ab75a9\"><div class=\"wp-block-uagb-separator__inner\" style=\"--my-background-image:\"><\/div><\/div>\n\n\n\n<div style=\"height:29px\" aria-hidden=\"true\" class=\"wp-block-spacer\"><\/div>\n\n\n\n<div class=\"wp-block-columns is-layout-flex wp-container-core-columns-is-layout-9d6595d7 wp-block-columns-is-layout-flex\">\n<div class=\"wp-block-column is-layout-flow wp-block-column-is-layout-flow\">\n<div class=\"wp-block-uagb-advanced-heading uagb-block-3e58c2cc\"><h3 class=\"uagb-heading-text\">Formaci\u00f3n de los Profesores<\/h3><\/div>\n\n\n\n\n\n\n\n\n\n\n\n<p style=\"font-size:14px\"><strong>En\" Capacitaci\u00f3n de maestros\", Su Gracia Urmilla mataji comparte las mejores pr\u00e1cticas para instituir en programas educativos dentro de ISKCON. Estos m\u00e9todos se centran en mejorar la capacidad y el car\u00e1cter de los maestros, que se derivan de sastra y a\u00f1os de experiencia pr\u00e1ctica y administrativa. Mataji procede a mostrar videos que forman parte de un programa de instrucci\u00f3n que ense\u00f1a en conjunto con el Ministerio de Educaci\u00f3n, disponible en l\u00ednea para que los devotos puedan aprender c\u00f3mo ser un maestro m\u00e1s efectivo en cualquier parte del mundo.<\/strong><\/p>\n<\/div>\n\n\n\n<div class=\"wp-block-column is-layout-flow wp-block-column-is-layout-flow\">\n<div class=\"wp-block-uagb-advanced-heading uagb-block-13222558\"><h3 class=\"uagb-heading-text\">Every Temple &#8211; An Educational Oasis<\/h3><\/div>\n\n\n\n\n\n\n\n<p><strong>Presentation topics:<\/strong><\/p>\n\n\n\n<ul class=\"wp-block-list\">\n<li><strong>the basis of successful yatra development<\/strong><\/li>\n\n\n\n<li><strong>where does a lot of money come from in the temple<\/strong><\/li>\n\n\n\n<li><strong>why attracted devotees \u2018dry up\u2019<\/strong><\/li>\n\n\n\n<li><strong>causes of developmental problems in the yatra and their\u00a0elimination<\/strong><\/li>\n<\/ul>\n<\/div>\n<\/div>\n\n\n\n<div style=\"height:35px\" aria-hidden=\"true\" class=\"wp-block-spacer\"><\/div>\n\n\n\n<div class=\"wp-block-uagb-advanced-heading uagb-block-f2e47a77\"><h3 class=\"uagb-heading-text\">Other Videos<\/h3><\/div>\n\n\n\n<div style=\"height:16px\" aria-hidden=\"true\" class=\"wp-block-spacer\"><\/div>\n\n\n\n\n\n\n\n\n\n\n\n<\/p>\n\n\n<p><div class=\"epyt-gallery\" data-currpage=\"1\" id=\"epyt_gallery_68442\"><iframe loading=\"lazy\"  id=\"_ytid_87086\"  width=\"800\" height=\"450\"  data-origwidth=\"800\" data-origheight=\"450\" src=\"https:\/\/www.youtube.com\/embed\/obgTJmxH-NE?enablejsapi=1&autoplay=0&cc_load_policy=0&cc_lang_pref=&iv_load_policy=1&loop=0&rel=1&fs=1&playsinline=0&autohide=2&theme=dark&color=red&controls=1&disablekb=0&\" class=\"__youtube_prefs__  no-lazyload\" title=\"YouTube player\"  data-epytgalleryid=\"epyt_gallery_68442\"  allow=\"fullscreen; accelerometer; autoplay; clipboard-write; encrypted-media; gyroscope; picture-in-picture; web-share\" referrerpolicy=\"strict-origin-when-cross-origin\" allowfullscreen data-no-lazy=\"1\" data-skipgform_ajax_framebjll=\"\"><\/iframe><div class=\"epyt-gallery-list\"><div class=\"epyt-pagination\"><div tabindex=\"0\" role=\"button\" class=\"epyt-pagebutton epyt-prev  hide\" data-playlistid=\"PLVxZDL5lB57sJitdX36fjCfYwC6fOIOrH\" data-pagesize=\"15\" data-pagetoken=\"\" data-epcolumns=\"3\" data-showtitle=\"1\" data-showpaging=\"1\" data-autonext=\"0\" data-thumbplay=\"1\"><div class=\"epyt-arrow\">&laquo;<\/div> <div>Prev<\/div><\/div><div class=\"epyt-pagenumbers hide\"><div class=\"epyt-current\">1<\/div><div class=\"epyt-pageseparator\"> \/ <\/div><div class=\"epyt-totalpages\">1<\/div><\/div><div tabindex=\"0\" role=\"button\" class=\"epyt-pagebutton epyt-next hide\" data-playlistid=\"PLVxZDL5lB57sJitdX36fjCfYwC6fOIOrH\" data-pagesize=\"15\" data-pagetoken=\"\" data-epcolumns=\"3\" data-showtitle=\"1\" data-showpaging=\"1\" data-autonext=\"0\" data-thumbplay=\"1\"><div>Siguiente<\/div> <div class=\"epyt-arrow\">&raquo;<\/div><\/div><div class=\"epyt-loader\"><img loading=\"lazy\" decoding=\"async\" alt=\"loading\" width=\"16\" height=\"11\" src=\"https:\/\/iskconeducation.org\/wp-content\/plugins\/youtube-embed-plus\/images\/gallery-page-loader.gif\"><\/div><\/div><div class=\"epyt-gallery-allthumbs  epyt-cols-3\"><div tabindex=\"0\" role=\"button\" data-videoid=\"obgTJmxH-NE\" class=\"epyt-gallery-thumb\"><div class=\"epyt-gallery-img-box\"><div class=\"epyt-gallery-img\" style=\"background-image: url(https:\/\/i.ytimg.com\/vi\/obgTJmxH-NE\/hqdefault.jpg)\"><div class=\"epyt-gallery-playhover\"><img loading=\"lazy\" decoding=\"async\" alt=\"play\" class=\"epyt-play-img\" width=\"30\" height=\"23\" src=\"https:\/\/iskconeducation.org\/wp-content\/plugins\/youtube-embed-plus\/images\/playhover.png\" data-no-lazy=\"1\" data-skipgform_ajax_framebjll=\"\" \/><div class=\"epyt-gallery-playcrutch\"><\/div><\/div><\/div><\/div><div class=\"epyt-gallery-title\">&quot;VIPLAVAH-2020&quot; Los libros son la base - Plan del proyecto HG Tapana Mishra Prabhu<\/div><\/div><div tabindex=\"0\" role=\"button\" data-videoid=\"Bqrmj7A3eR4\" class=\"epyt-gallery-thumb\"><div class=\"epyt-gallery-img-box\"><div class=\"epyt-gallery-img\" style=\"background-image: url(https:\/\/i.ytimg.com\/vi\/Bqrmj7A3eR4\/hqdefault.jpg)\"><div class=\"epyt-gallery-playhover\"><img loading=\"lazy\" decoding=\"async\" alt=\"play\" class=\"epyt-play-img\" width=\"30\" height=\"23\" src=\"https:\/\/iskconeducation.org\/wp-content\/plugins\/youtube-embed-plus\/images\/playhover.png\" data-no-lazy=\"1\" data-skipgform_ajax_framebjll=\"\" \/><div class=\"epyt-gallery-playcrutch\"><\/div><\/div><\/div><\/div><div class=\"epyt-gallery-title\">Mitos sobre el Sistema de Examen ISKCON SG Tapana Mishra Prabhu<\/div><\/div><div tabindex=\"0\" role=\"button\" data-videoid=\"X5JU9DikhrM\" class=\"epyt-gallery-thumb\"><div class=\"epyt-gallery-img-box\"><div class=\"epyt-gallery-img\" style=\"background-image: url(https:\/\/i.ytimg.com\/vi\/X5JU9DikhrM\/hqdefault.jpg)\"><div class=\"epyt-gallery-playhover\"><img loading=\"lazy\" decoding=\"async\" alt=\"play\" class=\"epyt-play-img\" width=\"30\" height=\"23\" src=\"https:\/\/iskconeducation.org\/wp-content\/plugins\/youtube-embed-plus\/images\/playhover.png\" data-no-lazy=\"1\" data-skipgform_ajax_framebjll=\"\" \/><div class=\"epyt-gallery-playcrutch\"><\/div><\/div><\/div><\/div><div class=\"epyt-gallery-title\">&quot;VIPLAVAH-2019&quot; - SS Hanumatpresaka Swami - Principios Generales a la Aplicaci\u00f3n Espec\u00edfica<\/div><\/div><div class=\"epyt-gallery-rowbreak\"><\/div><div class=\"epyt-gallery-clear\"><\/div><\/div><div class=\"epyt-pagination\"><div tabindex=\"0\" role=\"button\" class=\"epyt-pagebutton epyt-prev  hide\" data-playlistid=\"PLVxZDL5lB57sJitdX36fjCfYwC6fOIOrH\" data-pagesize=\"15\" data-pagetoken=\"\" data-epcolumns=\"3\" data-showtitle=\"1\" data-showpaging=\"1\" data-autonext=\"0\" data-thumbplay=\"1\"><div class=\"epyt-arrow\">&laquo;<\/div> <div>Prev<\/div><\/div><div class=\"epyt-pagenumbers hide\"><div class=\"epyt-current\">1<\/div><div class=\"epyt-pageseparator\"> \/ <\/div><div class=\"epyt-totalpages\">1<\/div><\/div><div tabindex=\"0\" role=\"button\" class=\"epyt-pagebutton epyt-next hide\" data-playlistid=\"PLVxZDL5lB57sJitdX36fjCfYwC6fOIOrH\" data-pagesize=\"15\" data-pagetoken=\"\" data-epcolumns=\"3\" data-showtitle=\"1\" data-showpaging=\"1\" data-autonext=\"0\" data-thumbplay=\"1\"><div>Siguiente<\/div> <div class=\"epyt-arrow\">&raquo;<\/div><\/div><div class=\"epyt-loader\"><img loading=\"lazy\" decoding=\"async\" alt=\"loading\" width=\"16\" height=\"11\" src=\"https:\/\/iskconeducation.org\/wp-content\/plugins\/youtube-embed-plus\/images\/gallery-page-loader.gif\"><\/div><\/div><\/div><\/div><\/p>\n\n\n\n<p>","protected":false},"excerpt":{"rendered":"<p>Annual International Education Symposium In 2019, the Ministry of Education embarked upon an annual symposium called \u201cViplavah\u201d. Our aim was to provide ISKCON educators from around the globe the opportunity to share some of the invaluable insights they have acquired through their many years\u00a0of\u00a0practice. Realizing Srila Prabhupada&#8217;sVision for Sastric Degrees Atul Krsna Prabhu\u00a0discusses the obstacles [&hellip;]<\/p>\n","protected":false},"author":1,"featured_media":0,"parent":0,"menu_order":0,"comment_status":"closed","ping_status":"closed","template":"","meta":{"_acf_changed":false,"_et_pb_use_builder":"","_et_pb_old_content":"","_et_gb_content_width":"","_uag_custom_page_level_css":"","footnotes":"","_links_to":"","_links_to_target":""},"class_list":["post-259","page","type-page","status-publish","hentry"],"acf":[],"uagb_featured_image_src":{"full":false,"thumbnail":false,"medium":false,"medium_large":false,"large":false,"1536x1536":false,"2048x2048":false,"trp-custom-language-flag":false,"et-pb-post-main-image":false,"et-pb-post-main-image-fullwidth":false,"et-pb-portfolio-image":false,"et-pb-portfolio-module-image":false,"et-pb-portfolio-image-single":false,"et-pb-gallery-module-image-portrait":false,"et-pb-post-main-image-fullwidth-large":false,"et-pb-image--responsive--desktop":false,"et-pb-image--responsive--tablet":false,"et-pb-image--responsive--phone":false},"uagb_author_info":{"display_name":"admin","author_link":"https:\/\/iskconeducation.org\/es\/author\/admin\/"},"uagb_comment_info":0,"uagb_excerpt":"Annual International Education Symposium In 2019, the Ministry of Education embarked upon an annual symposium called \u201cViplavah\u201d. Our aim was to provide ISKCON educators from around the globe the opportunity to share some of the invaluable insights they have acquired through their many years\u00a0of\u00a0practice. Realizing Srila Prabhupada&#8217;sVision for Sastric Degrees Atul Krsna Prabhu\u00a0discusses the obstacles&hellip;","_links":{"self":[{"href":"https:\/\/iskconeducation.org\/es\/wp-json\/wp\/v2\/pages\/259","targetHints":{"allow":["GET"]}}],"collection":[{"href":"https:\/\/iskconeducation.org\/es\/wp-json\/wp\/v2\/pages"}],"about":[{"href":"https:\/\/iskconeducation.org\/es\/wp-json\/wp\/v2\/types\/page"}],"author":[{"embeddable":true,"href":"https:\/\/iskconeducation.org\/es\/wp-json\/wp\/v2\/users\/1"}],"replies":[{"embeddable":true,"href":"https:\/\/iskconeducation.org\/es\/wp-json\/wp\/v2\/comments?post=259"}],"version-history":[{"count":18,"href":"https:\/\/iskconeducation.org\/es\/wp-json\/wp\/v2\/pages\/259\/revisions"}],"predecessor-version":[{"id":30528,"href":"https:\/\/iskconeducation.org\/es\/wp-json\/wp\/v2\/pages\/259\/revisions\/30528"}],"wp:attachment":[{"href":"https:\/\/iskconeducation.org\/es\/wp-json\/wp\/v2\/media?parent=259"}],"curies":[{"name":"wp","href":"https:\/\/api.w.org\/{rel}","templated":true}]}}