{"id":286,"date":"2022-06-03T09:05:01","date_gmt":"2022-06-03T09:05:01","guid":{"rendered":"https:\/\/iskconeducation.org\/?page_id=286"},"modified":"2024-11-02T10:19:25","modified_gmt":"2024-11-02T10:19:25","slug":"study-and-teach","status":"publish","type":"page","link":"https:\/\/iskconeducation.org\/es\/study-and-teach\/","title":{"rendered":"Estudia Y Ense\u00f1a"},"content":{"rendered":"<h3 class=\"wp-block-heading has-text-align-center has-large-font-size\">Programa De Estudio Y Ense\u00f1anza<\/h3>\r\n\r\n\r\n\r\n<div class=\"wp-block-spacer\" style=\"height: 35px;\" aria-hidden=\"true\">\u00a0<\/div>\r\n\r\n\r\n\r\n<p><em>Quiero que todos mis hijos e hijas espirituales hereden este t\u00edtulo de Bhaktivedanta.Aquel que pase este examen ser\u00e1 galardonado con el t\u00edtulo de Bhaktivedanta. Quiero que todos mis hijos e hijas espirituales hereden este t\u00edtulo de Bhaktivedanta, para que el diploma trascendental familiar contin\u00fae a trav\u00e9s de las generaciones, ese es mi programa. Por lo tanto, no debemos simplemente publicar estos libros para que los lean personas ajenas, sino que nuestros estudiantes deben estar bien versados en todos nuestros libros para que podamos estar preparados para derrotar a todas las partes opuestas en materia de autorrealizaci\u00f3n.<\/em><\/p>\r\n\r\n\r\n\r\n<p class=\"has-text-align-right\">\u2013 Srila Prabhupada\u00a0Letter to: Hamsaduta, Los Angeles 3 January, 1969<\/p>\r\n\r\n\r\n\r\n<div class=\"wp-block-group is-layout-flow wp-block-group-is-layout-flow\">\r\n<div class=\"wp-block-uagb-advanced-heading uagb-block-34782171\">\r\n<h3 class=\"uagb-heading-text\">Prop\u00f3sito<\/h3>\r\n<div class=\"uagb-separator\">\u00a0<\/div>\r\n<p class=\"uagb-desc-text\">Alentar a los miembros dedicados de ISKCON a estudiar, ense\u00f1ar y recibir t\u00edtulos sastricos, sin tener que someterse a los elaborados cursos y evaluaciones, considerando su antig\u00fcedad, experiencia y contribuciones a la comunidad de ISKCON.<br \/>\u00a0<br \/>Cuando los l\u00edderes y los miembros mayores estudian para convertirse en Bhakti sastri, graduados de Bhakti Vaibhav, organizan y ense\u00f1an simult\u00e1neamente al menos a otros 8 devotos para que sigan el mismo programa que los estudiantes.<\/p>\r\n<\/div>\r\n<\/div>\r\n\r\n\r\n\r\n<div class=\"wp-block-group is-layout-flow wp-block-group-is-layout-flow\">\r\n<div class=\"wp-block-uagb-advanced-heading uagb-block-c1c8d543\">\r\n<h3 class=\"uagb-heading-text\">\u00bfPara qui\u00e9n es este programa?<\/h3>\r\n<div class=\"uagb-separator\">\u00a0<\/div>\r\n<p class=\"uagb-desc-text\">Aquellos que tienen gusto y experiencia en el estudio y la predica, pero no pueden dedicar tiempo a inscribirse en un curso de grado sastrico a largo plazo como Bhakti Sastri o Bhakti Vaibhav, como:<br \/>Autoridades de ISKCON (como presidentes de Templos, directores, etc.)<br \/>L\u00edderes de la Congregaci\u00f3n<br \/>Predicadores Experimentados<br \/>\u00a0<br \/>El gerente inscrito en este programa ser\u00eda considerado el \"Maestro Principal\"<\/p>\r\n<\/div>\r\n<\/div>\r\n\r\n\r\n\r\n<div class=\"wp-block-uagb-advanced-heading uagb-block-a50dbf10\">\r\n<h3 class=\"uagb-heading-text\">\u00bfC\u00f3mo funciona?<\/h3>\r\n<div class=\"uagb-separator\">\u00a0<\/div>\r\n<p class=\"uagb-desc-text\">El Maestro Principal \u2013<br \/>Ense\u00f1a sistem\u00e1ticamente los libros de Srila Prabhupada por un n\u00famero m\u00ednimo de horas en una semana, para un grupo registrado de estudiantes de Bhakti sastri\/ Bhakti Vaibhav<br \/>Estudia sistem\u00e1ticamente los libros de Srila Prabhupada por un n\u00famero m\u00ednimo de horas por semana (por el cual la ense\u00f1anza ocurre de manera efectiva)<br \/>Se somete a una evaluaci\u00f3n simplificada para el t\u00edtulo que est\u00e1n cursando<br \/>Est\u00e1 exento de asistir al trabajo del curso regular (150\/450 horas, etc.) realizado por un facilitador aprobado de Bhakti sastri\/ Bhakti Vaibhav. El curso de capacitaci\u00f3n para maestros de ISKCON (TTC) es opcional en lugar de su experiencia de predica<br \/>Env\u00eda informes a un mentor que representa al Ministerio de Educaci\u00f3n de ISKCON<br \/>Proporcione una carta de referencia de una autoridad de ISKCON que mencione su experiencia en la predica \/ administraci\u00f3n \/ servicio.<\/p>\r\n<\/div>\r\n\r\n\r\n\r\n<div class=\"wp-block-spacer\" style=\"height: 85px;\" aria-hidden=\"true\">\u00a0<\/div>\r\n\r\n\r\n\r\n<div class=\"wp-block-uagb-advanced-heading uagb-block-7b7cff58\">\r\n<h3 class=\"uagb-heading-text\">Preguntas frecuentes sobre el Programa de Estudio y Ense\u00f1anza<\/h3>\r\n<div class=\"uagb-separator\">\u00a0<\/div>\r\n<p class=\"uagb-desc-text\">Las Preguntas frecuentes contienen todas las preguntas frecuentes sobre el Programa de Estudio y Ense\u00f1anza<\/p>\r\n<\/div>\r\n\r\n\r\n\r\n<div class=\"wp-block-spacer\" style=\"height: 23px;\" aria-hidden=\"true\"><br \/><\/p>\r\n<p>&nbsp;<\/p>\r\n\r\n\r\n\r\n<div class=\"wp-block-uagb-advanced-heading uagb-block-7e327755\">\r\n<h3 class=\"uagb-heading-text\">Pautas de Estudio y Ense\u00f1anza<\/h3>\r\n<div class=\"uagb-separator\">\u00a0<\/div>\r\n<p class=\"uagb-desc-text\">Las Pautas para el Programa de Estudio y Ense\u00f1anza se presentan en una presentaci\u00f3n de PowerPoint.<\/p>\r\n<\/div>\r\n\r\n\r\n\r\n<div class=\"wp-block-uagb-advanced-heading uagb-block-294a6476\">\r\n<h3 class=\"uagb-heading-text\">Investigaci\u00f3n Fundamental sobre los Ex\u00e1menes<\/h3>\r\n<div class=\"uagb-separator\">\u00a0<\/div>\r\n<p class=\"uagb-desc-text\">La Investigaci\u00f3n Fundamental sobre el Examen es una compilaci\u00f3n de citas de \u015arila Prabhupada sobre el Bhakti-\u015aastri.<\/p>\r\n<\/div>\r\n\r\n\r\n\r\n<div class=\"wp-block-spacer\" style=\"height: 41px;\" aria-hidden=\"true\">\u00a0<\/div>\r\n\r\n\r\n\r\n\r\n\r\n\r\n\r\n\r\n\r\n<p>&nbsp;<\/p>\r\n\r\n\r\n\r\n<div class=\"wp-block-spacer\" style=\"height: 100px;\" aria-hidden=\"true\">\u00a0<\/div>\r\n\r\n\r\n\r\n<div class=\"wp-block-uagb-advanced-heading uagb-block-57c9187b\">\r\n<h2 class=\"uagb-heading-text\">Programa de Estudio y Ense\u00f1anza de Bhakti Sastri<\/h2>\r\n<div class=\"uagb-separator\">\u00a0<\/div>\r\n<\/div>\r\n\r\n\r\n\r\n<figure class=\"wp-block-image aligncenter size-large\"><img loading=\"lazy\" decoding=\"async\" width=\"1024\" height=\"378\" class=\"wp-image-293\" src=\"https:\/\/iskconeducation.org\/wp-content\/uploads\/2022\/06\/Picture1-1536x567-1-1024x378.png\" alt=\"\" srcset=\"https:\/\/iskconeducation.org\/wp-content\/uploads\/2022\/06\/Picture1-1536x567-1-1024x378.png 1024w, https:\/\/iskconeducation.org\/wp-content\/uploads\/2022\/06\/Picture1-1536x567-1-300x111.png 300w, https:\/\/iskconeducation.org\/wp-content\/uploads\/2022\/06\/Picture1-1536x567-1-768x284.png 768w, https:\/\/iskconeducation.org\/wp-content\/uploads\/2022\/06\/Picture1-1536x567-1.png 1536w\" sizes=\"(max-width: 1024px) 100vw, 1024px\" \/><\/figure>\r\n\r\n\r\n\r\n<div class=\"wp-block-spacer\" style=\"height: 100px;\" aria-hidden=\"true\">\u00a0<\/div>\r\n\r\n\r\n\r\n<div class=\"wp-block-uagb-advanced-heading uagb-block-888b41e9\">\r\n<h2 class=\"uagb-heading-text\">Evaluaciones de Bhakti Sastri<\/h2>\r\n<div class=\"uagb-separator\">\u00a0<\/div>\r\n<\/div>\r\n\r\n\r\n\r\n<figure class=\"wp-block-table is-style-regular\">\r\n<table class=\"has-fixed-layout\">\r\n<thead>\r\n<tr>\r\n<th>Para EL MAESTRO PRINCIPAL<\/th>\r\n<th>Para los ESTUDIANTES<\/th>\r\n<\/tr>\r\n<\/thead>\r\n<tbody>\r\n<tr>\r\n<td>Ense\u00f1anza de m\u00e1s de 75 horas en los 4 libros (Bhagavad Gita, El Upade\u015b\u0101mr\u0323ta, N\u00e9ctar De la Devoci\u00f3n, El \u015ar\u012b \u012a\u015bopani\u1e63ad), en uno o varios lotes\u00a0<br \/>Evaluaci\u00f3n a libro cerrado: Pruebas de una hora para cada uno de los 6 m\u00f3dulos, tomadas juntas o por separado seg\u00fan la preferencia del candidato.\u00a0<br \/>Ensayos a libro abierto - 2500 palabras<br \/>Grabaci\u00f3n de video de m\u00e1s de 20 slokas con significados<br \/>Grabaci\u00f3n en v\u00eddeo de 2 horas de Docencia<\/td>\r\n<td>Escuchar m\u00e1s de 150 horas de clases\u00a0<br \/>Evaluaci\u00f3n a libro cerrado: 5000 palabras<br \/>(en forma de preguntas de respuesta corta o de ensayo \/ Preguntas de opci\u00f3n m\u00faltiple)<br \/>Ensayos a libro abierto - 5000 palabras<br \/>Slokas para memorizaci\u00f3n - 45<\/td>\r\n<\/tr>\r\n<\/tbody>\r\n<\/table>\r\n<\/figure>\r\n\r\n\r\n\r\n<div class=\"wp-block-spacer\" style=\"height: 81px;\" aria-hidden=\"true\">\u00a0<\/div>\r\n\r\n\r\n\r\n<div class=\"wp-block-uagb-advanced-heading uagb-block-25c873f0\">\r\n<h2 class=\"uagb-heading-text\">Programa de Estudio y Ense\u00f1anza de Bhakti Vaibhav<\/h2>\r\n<div class=\"uagb-separator\">\u00a0<\/div>\r\n<\/div>\r\n\r\n\r\n\r\n<figure class=\"wp-block-image aligncenter size-large\"><img loading=\"lazy\" decoding=\"async\" width=\"1024\" height=\"366\" class=\"wp-image-294\" src=\"https:\/\/iskconeducation.org\/wp-content\/uploads\/2022\/06\/Picture2-1536x549-1-1024x366.png\" alt=\"\" srcset=\"https:\/\/iskconeducation.org\/wp-content\/uploads\/2022\/06\/Picture2-1536x549-1-1024x366.png 1024w, https:\/\/iskconeducation.org\/wp-content\/uploads\/2022\/06\/Picture2-1536x549-1-300x107.png 300w, https:\/\/iskconeducation.org\/wp-content\/uploads\/2022\/06\/Picture2-1536x549-1-768x275.png 768w, https:\/\/iskconeducation.org\/wp-content\/uploads\/2022\/06\/Picture2-1536x549-1.png 1536w\" sizes=\"(max-width: 1024px) 100vw, 1024px\" \/><\/figure>\r\n\r\n\r\n\r\n<div class=\"wp-block-spacer\" style=\"height: 81px;\" aria-hidden=\"true\">\u00a0<\/div>\r\n\r\n\r\n\r\n<div class=\"wp-block-uagb-advanced-heading uagb-block-fb75a802\">\r\n<h2 class=\"uagb-heading-text\">Evaluaciones de Bhakti Vaibhav<\/h2>\r\n<div class=\"uagb-separator\">\u00a0<\/div>\r\n<\/div>\r\n\r\n\r\n\r\n<figure class=\"wp-block-table is-style-regular\">\r\n<table class=\"has-fixed-layout\">\r\n<thead>\r\n<tr>\r\n<th>Para EL MAESTRO PRINCIPAL<\/th>\r\n<th>Para los ESTUDIANTES<\/th>\r\n<\/tr>\r\n<\/thead>\r\n<tbody>\r\n<tr>\r\n<td>Ense\u00f1anza de m\u00e1s de 225 horas en los 6 cantos de SB, en uno o varios lotes<br \/>Evaluaci\u00f3n a libro cerrado: Pruebas de una hora para cada uno de los 8 m\u00f3dulos (3er y 4to cantos consta de 2 m\u00f3dulos; Un m\u00f3dulo cada uno para los 4 cantos restantes), tomados juntos o por separado seg\u00fan la preferencia del candidato.<br \/>Ensayos a libro abierto - 6000 palabras<br \/>Grabaci\u00f3n de video de m\u00e1s de 50 slokas con significados<br \/>Grabaci\u00f3n en v\u00eddeo de 2 horas de Docencia<\/td>\r\n<td>Escuchar m\u00e1s de 450 horas de clases<br \/>Evaluaci\u00f3n a libro cerrado: 20.000 palabras<br \/>(en forma de preguntas de respuesta corta o de ensayo \/ Preguntas de opci\u00f3n m\u00faltiple)\u00a0<br \/>Ensayos a libro abierto - 20.000 palabras<br \/>Slokas para memorizaci\u00f3n - 70<br \/>Presentaciones orales \u2013 4 (una hora cada una)<\/td>\r\n<\/tr>\r\n<\/tbody>\r\n<\/table>\r\n<\/figure>\r\n\r\n\r\n\r\n<div class=\"wp-block-spacer\" style=\"height: 100px;\" aria-hidden=\"true\">\u00a0<\/div>\r\n\r\n\r\n\r\n<div class=\"wp-block-uagb-advanced-heading uagb-block-f0292c62\">\r\n<h3 class=\"uagb-heading-text\">Registro<\/h3>\r\n<div class=\"uagb-separator\">\u00a0<\/div>\r\n<\/div>\r\n\r\n\r\n\r\n<div class=\"wp-block-buttons is-layout-flex wp-block-buttons-is-layout-flex\">\r\n<div class=\"wp-block-button aligncenter is-style-fill\"><a class=\"wp-block-button__link has-black-color has-luminous-vivid-orange-background-color has-text-color has-background wp-element-button\" href=\"https:\/\/forms.gle\/6UBJFXjvpBYQNPyj7\">Formulario de inscripci\u00f3n<\/a><\/div>\r\n<\/div>","protected":false},"excerpt":{"rendered":"<p>Study And Teach Program I want that all of my spiritual sons and daughters inherit this title of Bhaktivedanta One who will pass this examination will be awarded with the title of Bhaktivedanta. I want that all of my spiritual sons and daughters will inherit this title of Bhaktivedanta, so that the family transcendental diploma [&hellip;]<\/p>\n","protected":false},"author":1,"featured_media":0,"parent":0,"menu_order":0,"comment_status":"closed","ping_status":"closed","template":"","meta":{"_acf_changed":false,"_et_pb_use_builder":"","_et_pb_old_content":"","_et_gb_content_width":"","_uag_custom_page_level_css":"","footnotes":"","_links_to":"","_links_to_target":""},"class_list":["post-286","page","type-page","status-publish","hentry"],"acf":[],"uagb_featured_image_src":{"full":false,"thumbnail":false,"medium":false,"medium_large":false,"large":false,"1536x1536":false,"2048x2048":false,"trp-custom-language-flag":false,"et-pb-post-main-image":false,"et-pb-post-main-image-fullwidth":false,"et-pb-portfolio-image":false,"et-pb-portfolio-module-image":false,"et-pb-portfolio-image-single":false,"et-pb-gallery-module-image-portrait":false,"et-pb-post-main-image-fullwidth-large":false,"et-pb-image--responsive--desktop":false,"et-pb-image--responsive--tablet":false,"et-pb-image--responsive--phone":false},"uagb_author_info":{"display_name":"admin","author_link":"https:\/\/iskconeducation.org\/es\/author\/admin\/"},"uagb_comment_info":0,"uagb_excerpt":"Study And Teach Program I want that all of my spiritual sons and daughters inherit this title of Bhaktivedanta One who will pass this examination will be awarded with the title of Bhaktivedanta. I want that all of my spiritual sons and daughters will inherit this title of Bhaktivedanta, so that the family transcendental diploma&hellip;","_links":{"self":[{"href":"https:\/\/iskconeducation.org\/es\/wp-json\/wp\/v2\/pages\/286","targetHints":{"allow":["GET"]}}],"collection":[{"href":"https:\/\/iskconeducation.org\/es\/wp-json\/wp\/v2\/pages"}],"about":[{"href":"https:\/\/iskconeducation.org\/es\/wp-json\/wp\/v2\/types\/page"}],"author":[{"embeddable":true,"href":"https:\/\/iskconeducation.org\/es\/wp-json\/wp\/v2\/users\/1"}],"replies":[{"embeddable":true,"href":"https:\/\/iskconeducation.org\/es\/wp-json\/wp\/v2\/comments?post=286"}],"version-history":[{"count":6,"href":"https:\/\/iskconeducation.org\/es\/wp-json\/wp\/v2\/pages\/286\/revisions"}],"predecessor-version":[{"id":29635,"href":"https:\/\/iskconeducation.org\/es\/wp-json\/wp\/v2\/pages\/286\/revisions\/29635"}],"wp:attachment":[{"href":"https:\/\/iskconeducation.org\/es\/wp-json\/wp\/v2\/media?parent=286"}],"curies":[{"name":"wp","href":"https:\/\/api.w.org\/{rel}","templated":true}]}}