{"id":30397,"date":"2025-01-23T09:46:20","date_gmt":"2025-01-23T09:46:20","guid":{"rendered":"https:\/\/iskconeducation.org\/?page_id=30397"},"modified":"2025-02-06T09:34:55","modified_gmt":"2025-02-06T09:34:55","slug":"his-divine-grace-a-c-bhaktivedanta-swami-srila-prabhupada","status":"publish","type":"page","link":"https:\/\/iskconeducation.org\/es\/his-divine-grace-a-c-bhaktivedanta-swami-srila-prabhupada\/","title":{"rendered":"His Divine Grace"},"content":{"rendered":"<h2 class=\"wp-block-heading has-text-align-center\">A.C. Bhaktivedanta Swami Srila Prabhupada<\/h2>\n\n\n\n<div style=\"height:20px\" aria-hidden=\"true\" class=\"wp-block-spacer\"><\/div>\n\n\n\n<h3 class=\"wp-block-heading has-text-align-center\"><em>Founder Acharya of the International Society for Krishna Consciousness<\/em><\/h3>\n\n\n\n<div style=\"height:31px\" aria-hidden=\"true\" class=\"wp-block-spacer\"><\/div>\n\n\n\n<figure class=\"wp-block-image aligncenter size-large is-resized\"><img loading=\"lazy\" decoding=\"async\" width=\"1024\" height=\"687\" src=\"https:\/\/iskconeducation.org\/wp-content\/uploads\/2025\/01\/prabhupada-1-1024x687.jpeg\" alt=\"\" class=\"wp-image-30400\" style=\"width:411px;height:auto\" srcset=\"https:\/\/iskconeducation.org\/wp-content\/uploads\/2025\/01\/prabhupada-1-1024x687.jpeg 1024w, https:\/\/iskconeducation.org\/wp-content\/uploads\/2025\/01\/prabhupada-1-980x657.jpeg 980w, https:\/\/iskconeducation.org\/wp-content\/uploads\/2025\/01\/prabhupada-1-480x322.jpeg 480w\" sizes=\"(min-width: 0px) and (max-width: 480px) 480px, (min-width: 481px) and (max-width: 980px) 980px, (min-width: 981px) 1024px, 100vw\" \/><\/figure>\n\n\n\n<div style=\"height:31px\" aria-hidden=\"true\" class=\"wp-block-spacer\"><\/div>\n\n\n\n<p>Durante milenios, las ense\u00f1anzas y la rica cultura del bhakti-yoga, o Conciencia de Krishna, estuvieron ocultas dentro de las fronteras de la India. Hoy, millones de personas en todo el mundo expresan su gratitud a Srila Prabhupada por revelar la sabidur\u00eda eterna del bhakti a todos.<\/p>\n\n\n\n<p>Nacido como Abhay Charan De el 1 de septiembre del a\u00f1o 1896 en Calcuta, de joven se uni\u00f3 al movimiento de desobediencia civil de Mahatma Gandhi. En el a\u00f1o 1922, una reuni\u00f3n con el destacado erudito y l\u00edder espiritual, Srila Bhaktisiddhanta Sarasvati, result\u00f3 ser muy influyente en el futuro del joven Abhay.<\/p>\n\n\n\n<p>Srila Bhaktisiddhanta fue un l\u00edder en la comunidad Gaudiya Vaishnava, que es la tradici\u00f3n monote\u00edsta m\u00e1s amplia dentro de la cultura hind\u00fa. En su primera reuni\u00f3n, Srila Bhaktisiddhanta le pidi\u00f3 a Abhay que lleve las ense\u00f1anzas del Se\u00f1or Krishna al mundo de habla inglesa. Profundamente conmovido por su devoci\u00f3n y sabidur\u00eda, Abhay se convirti\u00f3 en disc\u00edpulo de Srila Bhaktisiddhanta en 1933, y resolvi\u00f3 llevar a cabo la petici\u00f3n de su mentor. Abhay, m\u00e1s tarde conocido por el t\u00edtulo de A.C. Bhaktivedanta Swami Prabhupada, pas\u00f3 los siguientes 32 a\u00f1os prepar\u00e1ndose para su viaje hacia el oeste.<\/p>\n\n\n\n<p>En 1965, a la edad de sesenta y nueve a\u00f1os, Srila Prabhupada rog\u00f3 por un pasaje gratuito y abord\u00f3 un buque de carga, el Jaladhuta, a Nueva York. El viaje result\u00f3 traicionero y sufri\u00f3 dos infartos a bordo. Despu\u00e9s de 35 d\u00edas en el mar, lleg\u00f3 por primera vez a un solitario muelle de Brooklyn con solo siete d\u00f3lares en rupias indias y una caja con sus traducciones de textos sagrados en s\u00e1nscrito.<\/p>\n\n\n\n<p>En Nueva York, enfrent\u00f3 grandes dificultades y comenz\u00f3 su misi\u00f3n humildemente dando clases sobre el Bhagavad-gita en lofts en Bowery y dirigiendo kirtan (cantos devocionales tradicionales) en Tompkins Square Park. Su mensaje de paz y buena voluntad reson\u00f3 con muchos j\u00f3venes, algunos de los cuales se adelantaron para convertirse en estudiantes serios de la tradici\u00f3n Krishna-bhakti. Con la ayuda de estos estudiantes, Bhaktivedanta Swami alquil\u00f3 una peque\u00f1a tienda en el Lower East Side de Nueva York para usarla como templo.<\/p>\n\n\n\n<p>En julio de 1966, Bhaktivedanta Swami estableci\u00f3 la Sociedad Internacional para la Conciencia de Krishna (ISKCON) con el prop\u00f3sito de \"controlar el desequilibrio de valores en el mundo y trabajar por la unidad y la paz reales\".<\/p>\n\n\n\n<p>In the eleven years that followed, Srila Prabhupada circled the globe 14 times on lecture tours spreading the teachings of Lord Krishna. Men and women from all backgrounds and walks of life came forward to accept his message. With their help, Srila Prabhupada established temples, farm communities, a publishing house, and educational institutions around the world. And, he began what has now become the world\u2019s largest vegetarian food relief program, Hare Krishna Food for Life.<\/p>\n\n\n\n<p>Con el deseo de nutrir las ra\u00edces de la conciencia de Krishna en su hogar, Srila Prabhupada regres\u00f3 a la India varias veces, donde provoc\u00f3 un avivamiento en la tradici\u00f3n vaishnava. En India, abri\u00f3 docenas de templos, incluidos grandes centros en las ciudades santas de Vrindavana y Mayapur.<\/p>\n\n\n\n<p>Las contribuciones m\u00e1s significativas de Srila Prabhupada, quiz\u00e1s, son sus libros. Fue autor de m\u00e1s de 70 vol\u00famenes sobre la tradici\u00f3n de Krishna, que son muy respetados por los estudiosos por su autoridad, profundidad, fidelidad a la tradici\u00f3n y claridad. Varias de sus obras se utilizan como libros de texto en numerosos cursos universitarios. Sus escritos han sido traducidos a 76 idiomas. Sus obras m\u00e1s destacadas incluyen: El Bhagavad-gita Tal Como Es, el Srimad-Bhagavatam de 30 vol\u00famenes y el Sri Caitanya-caritamrita de 17 vol\u00famenes.<\/p>\n\n\n\n<p>A.C. Bhaktivedanta Swami Srila Prabhupada falleci\u00f3 el 14 de noviembre de 1977 en la ciudad sagrada de Vrindavana, rodeado de sus amorosos disc\u00edpulos que contin\u00faan su misi\u00f3n en la actualidad.<\/p>","protected":false},"excerpt":{"rendered":"<p>A.C. Bhaktivedanta Swami Srila Prabhupada Founder Acharya of the International Society for Krishna Consciousness For millennia the teachings and the rich culture of bhakti-yoga, or Krishna Consciousness, had been hidden within the borders of India. Today, millions around the globe express their gratitude to Srila Prabhupada for revealing the timeless wisdom of bhakti to a [&hellip;]<\/p>\n","protected":false},"author":1,"featured_media":0,"parent":0,"menu_order":0,"comment_status":"closed","ping_status":"closed","template":"","meta":{"_acf_changed":false,"_et_pb_use_builder":"off","_et_pb_old_content":"","_et_gb_content_width":"","_uag_custom_page_level_css":"","footnotes":"","_links_to":"","_links_to_target":""},"class_list":["post-30397","page","type-page","status-publish","hentry"],"acf":[],"uagb_featured_image_src":{"full":false,"thumbnail":false,"medium":false,"medium_large":false,"large":false,"1536x1536":false,"2048x2048":false,"trp-custom-language-flag":false,"et-pb-post-main-image":false,"et-pb-post-main-image-fullwidth":false,"et-pb-portfolio-image":false,"et-pb-portfolio-module-image":false,"et-pb-portfolio-image-single":false,"et-pb-gallery-module-image-portrait":false,"et-pb-post-main-image-fullwidth-large":false,"et-pb-image--responsive--desktop":false,"et-pb-image--responsive--tablet":false,"et-pb-image--responsive--phone":false},"uagb_author_info":{"display_name":"admin","author_link":"https:\/\/iskconeducation.org\/es\/author\/admin\/"},"uagb_comment_info":0,"uagb_excerpt":"A.C. Bhaktivedanta Swami Srila Prabhupada Founder Acharya of the International Society for Krishna Consciousness For millennia the teachings and the rich culture of bhakti-yoga, or Krishna Consciousness, had been hidden within the borders of India. Today, millions around the globe express their gratitude to Srila Prabhupada for revealing the timeless wisdom of bhakti to a&hellip;","_links":{"self":[{"href":"https:\/\/iskconeducation.org\/es\/wp-json\/wp\/v2\/pages\/30397","targetHints":{"allow":["GET"]}}],"collection":[{"href":"https:\/\/iskconeducation.org\/es\/wp-json\/wp\/v2\/pages"}],"about":[{"href":"https:\/\/iskconeducation.org\/es\/wp-json\/wp\/v2\/types\/page"}],"author":[{"embeddable":true,"href":"https:\/\/iskconeducation.org\/es\/wp-json\/wp\/v2\/users\/1"}],"replies":[{"embeddable":true,"href":"https:\/\/iskconeducation.org\/es\/wp-json\/wp\/v2\/comments?post=30397"}],"version-history":[{"count":11,"href":"https:\/\/iskconeducation.org\/es\/wp-json\/wp\/v2\/pages\/30397\/revisions"}],"predecessor-version":[{"id":30864,"href":"https:\/\/iskconeducation.org\/es\/wp-json\/wp\/v2\/pages\/30397\/revisions\/30864"}],"wp:attachment":[{"href":"https:\/\/iskconeducation.org\/es\/wp-json\/wp\/v2\/media?parent=30397"}],"curies":[{"name":"wp","href":"https:\/\/api.w.org\/{rel}","templated":true}]}}