{"id":31165,"date":"2025-02-11T10:24:51","date_gmt":"2025-02-11T10:24:51","guid":{"rendered":"https:\/\/iskconeducation.org\/?page_id=31165"},"modified":"2025-02-11T10:30:56","modified_gmt":"2025-02-11T10:30:56","slug":"batb-course","status":"publish","type":"page","link":"https:\/\/iskconeducation.org\/es\/batb-course\/","title":{"rendered":"BATB Courses"},"content":{"rendered":"<div class=\"wp-block-columns is-layout-flex wp-container-core-columns-is-layout-9d6595d7 wp-block-columns-is-layout-flex\">\n<div class=\"wp-block-column is-layout-flow wp-block-column-is-layout-flow\">\n<figure class=\"wp-block-image size-full\"><img loading=\"lazy\" decoding=\"async\" width=\"320\" height=\"508\" src=\"https:\/\/iskconeducation.org\/wp-content\/uploads\/2025\/02\/en-sc.avif\" alt=\"\" class=\"wp-image-31171\" srcset=\"https:\/\/iskconeducation.org\/wp-content\/uploads\/2025\/02\/en-sc.avif 320w, https:\/\/iskconeducation.org\/wp-content\/uploads\/2025\/02\/en-sc-189x300.avif 189w, https:\/\/iskconeducation.org\/wp-content\/uploads\/2025\/02\/en-sc-8x12.avif 8w\" sizes=\"(max-width: 320px) 100vw, 320px\" \/><\/figure>\n<\/div>\n\n\n\n<div class=\"wp-block-column is-layout-flow wp-block-column-is-layout-flow\">\n<figure class=\"wp-block-image size-full\"><img loading=\"lazy\" decoding=\"async\" width=\"320\" height=\"508\" src=\"https:\/\/iskconeducation.org\/wp-content\/uploads\/2025\/02\/en-lob.avif\" alt=\"\" class=\"wp-image-31172\" srcset=\"https:\/\/iskconeducation.org\/wp-content\/uploads\/2025\/02\/en-lob.avif 320w, https:\/\/iskconeducation.org\/wp-content\/uploads\/2025\/02\/en-lob-189x300.avif 189w, https:\/\/iskconeducation.org\/wp-content\/uploads\/2025\/02\/en-lob-8x12.avif 8w\" sizes=\"(max-width: 320px) 100vw, 320px\" \/><\/figure>\n<\/div>\n\n\n\n<div class=\"wp-block-column is-layout-flow wp-block-column-is-layout-flow\">\n<figure class=\"wp-block-image size-full\"><img loading=\"lazy\" decoding=\"async\" width=\"320\" height=\"508\" src=\"https:\/\/iskconeducation.org\/wp-content\/uploads\/2025\/02\/en-tqk.avif\" alt=\"\" class=\"wp-image-31173\" srcset=\"https:\/\/iskconeducation.org\/wp-content\/uploads\/2025\/02\/en-tqk.avif 320w, https:\/\/iskconeducation.org\/wp-content\/uploads\/2025\/02\/en-tqk-189x300.avif 189w, https:\/\/iskconeducation.org\/wp-content\/uploads\/2025\/02\/en-tqk-8x12.avif 8w\" sizes=\"(max-width: 320px) 100vw, 320px\" \/><\/figure>\n<\/div>\n\n\n\n<div class=\"wp-block-column is-layout-flow wp-block-column-is-layout-flow\">\n<figure class=\"wp-block-image size-full\"><img loading=\"lazy\" decoding=\"async\" width=\"320\" height=\"508\" src=\"https:\/\/iskconeducation.org\/wp-content\/uploads\/2025\/02\/en-tlk.avif\" alt=\"\" class=\"wp-image-31174\" srcset=\"https:\/\/iskconeducation.org\/wp-content\/uploads\/2025\/02\/en-tlk.avif 320w, https:\/\/iskconeducation.org\/wp-content\/uploads\/2025\/02\/en-tlk-189x300.avif 189w, https:\/\/iskconeducation.org\/wp-content\/uploads\/2025\/02\/en-tlk-8x12.avif 8w\" sizes=\"(max-width: 320px) 100vw, 320px\" \/><\/figure>\n<\/div>\n\n\n\n<div class=\"wp-block-column is-layout-flow wp-block-column-is-layout-flow\">\n<figure class=\"wp-block-image size-full\"><img loading=\"lazy\" decoding=\"async\" width=\"320\" height=\"508\" src=\"https:\/\/iskconeducation.org\/wp-content\/uploads\/2025\/02\/en-tlc.avif\" alt=\"\" class=\"wp-image-31175\" srcset=\"https:\/\/iskconeducation.org\/wp-content\/uploads\/2025\/02\/en-tlc.avif 320w, https:\/\/iskconeducation.org\/wp-content\/uploads\/2025\/02\/en-tlc-189x300.avif 189w, https:\/\/iskconeducation.org\/wp-content\/uploads\/2025\/02\/en-tlc-8x12.avif 8w\" sizes=\"(max-width: 320px) 100vw, 320px\" \/><\/figure>\n<\/div>\n<\/div>\n\n\n\n<p>We offer a variety of courses on Srila Prabhupada&#8217;s small books, namely Easy Journey to Other Planets, Elevation to Krishna Consciousness, Krishna Consciousness &#8211; The Matchless Gift, Light of Bhagavata, On the Way to Krishna, Perfect Questions &#8211; Perfect Answers, and Raja-Vidya: The King of Knowledge.<br>These courses are perfect for anyone who has limited time, but would like to nontheless get into studying of Srila Prabhupada&#8217;s books.<\/p>\n\n\n\n<p>Para inscribirse en cualquiera de estos cursos, dirijase a nuestro sitio de cursos \u2013 <a href=\"https:\/\/courses.iskconeducation.org\">courses.iskconeducation.org<\/a>. Deber\u00e1 crear una cuenta y confirmar su correo electr\u00f3nico, despu\u00e9s de lo cual podr\u00e1 iniciar sesi\u00f3n. Despu\u00e9s, simplemente elija el curso que le interesa y haga clic en Inscribirse.<\/p>\n\n\n\n<p>Si\u00e9ntase libre de <a href=\"https:\/\/iskconeducation.org\/es\/contact\/\" data-type=\"page\" data-id=\"189\">Contact\u00e1nos<\/a> en cualquier momento, si tiene alguna pregunta.<\/p>","protected":false},"excerpt":{"rendered":"<p>We offer a variety of courses on Srila Prabhupada&#8217;s small books, namely Easy Journey to Other Planets, Elevation to Krishna Consciousness, Krishna Consciousness &#8211; The Matchless Gift, Light of Bhagavata, On the Way to Krishna, Perfect Questions &#8211; Perfect Answers, and Raja-Vidya: The King of Knowledge.These courses are perfect for anyone who has limited time, [&hellip;]<\/p>\n","protected":false},"author":1,"featured_media":0,"parent":0,"menu_order":0,"comment_status":"closed","ping_status":"closed","template":"","meta":{"_acf_changed":false,"_et_pb_use_builder":"off","_et_pb_old_content":"","_et_gb_content_width":"","_uag_custom_page_level_css":"","footnotes":"","_links_to":"","_links_to_target":""},"class_list":["post-31165","page","type-page","status-publish","hentry"],"acf":[],"uagb_featured_image_src":{"full":false,"thumbnail":false,"medium":false,"medium_large":false,"large":false,"1536x1536":false,"2048x2048":false,"trp-custom-language-flag":false,"et-pb-post-main-image":false,"et-pb-post-main-image-fullwidth":false,"et-pb-portfolio-image":false,"et-pb-portfolio-module-image":false,"et-pb-portfolio-image-single":false,"et-pb-gallery-module-image-portrait":false,"et-pb-post-main-image-fullwidth-large":false,"et-pb-image--responsive--desktop":false,"et-pb-image--responsive--tablet":false,"et-pb-image--responsive--phone":false},"uagb_author_info":{"display_name":"admin","author_link":"https:\/\/iskconeducation.org\/es\/author\/admin\/"},"uagb_comment_info":0,"uagb_excerpt":"We offer a variety of courses on Srila Prabhupada&#8217;s small books, namely Easy Journey to Other Planets, Elevation to Krishna Consciousness, Krishna Consciousness &#8211; The Matchless Gift, Light of Bhagavata, On the Way to Krishna, Perfect Questions &#8211; Perfect Answers, and Raja-Vidya: The King of Knowledge.These courses are perfect for anyone who has limited time,&hellip;","_links":{"self":[{"href":"https:\/\/iskconeducation.org\/es\/wp-json\/wp\/v2\/pages\/31165","targetHints":{"allow":["GET"]}}],"collection":[{"href":"https:\/\/iskconeducation.org\/es\/wp-json\/wp\/v2\/pages"}],"about":[{"href":"https:\/\/iskconeducation.org\/es\/wp-json\/wp\/v2\/types\/page"}],"author":[{"embeddable":true,"href":"https:\/\/iskconeducation.org\/es\/wp-json\/wp\/v2\/users\/1"}],"replies":[{"embeddable":true,"href":"https:\/\/iskconeducation.org\/es\/wp-json\/wp\/v2\/comments?post=31165"}],"version-history":[{"count":5,"href":"https:\/\/iskconeducation.org\/es\/wp-json\/wp\/v2\/pages\/31165\/revisions"}],"predecessor-version":[{"id":31183,"href":"https:\/\/iskconeducation.org\/es\/wp-json\/wp\/v2\/pages\/31165\/revisions\/31183"}],"wp:attachment":[{"href":"https:\/\/iskconeducation.org\/es\/wp-json\/wp\/v2\/media?parent=31165"}],"curies":[{"name":"wp","href":"https:\/\/api.w.org\/{rel}","templated":true}]}}