{"id":571,"date":"2022-06-13T06:19:44","date_gmt":"2022-06-13T06:19:44","guid":{"rendered":"https:\/\/iskconeducation.org\/?page_id=571"},"modified":"2022-06-13T06:25:23","modified_gmt":"2022-06-13T06:25:23","slug":"register-for-courses","status":"publish","type":"page","link":"https:\/\/iskconeducation.org\/es\/pan-america\/register-for-courses\/","title":{"rendered":"Registro para Cursos"},"content":{"rendered":"<figure class=\"wp-block-image aligncenter size-full\"><img loading=\"lazy\" decoding=\"async\" width=\"1024\" height=\"149\" src=\"https:\/\/iskconeducation.org\/wp-content\/uploads\/2022\/06\/Logo-for-website-smaller.webp\" alt=\"\" class=\"wp-image-536\" srcset=\"https:\/\/iskconeducation.org\/wp-content\/uploads\/2022\/06\/Logo-for-website-smaller.webp 1024w, https:\/\/iskconeducation.org\/wp-content\/uploads\/2022\/06\/Logo-for-website-smaller-300x44.webp 300w, https:\/\/iskconeducation.org\/wp-content\/uploads\/2022\/06\/Logo-for-website-smaller-768x112.webp 768w\" sizes=\"(max-width: 1024px) 100vw, 1024px\" \/><\/figure>\n\n\n\n<h2 class=\"wp-block-heading\">Inscr\u00edbase como estudiante nuevo<\/h2>\n\n\n\n<div style=\"height:49px\" aria-hidden=\"true\" class=\"wp-block-spacer\"><\/div>\n\n\n\n<p class=\"has-ast-global-color-2-color has-text-color\" style=\"font-size:27px\"><strong>Pasos:<\/strong><\/p>\n\n\n\n<ol class=\"wp-block-list\"><li>Reg\u00edstrese como nuevo estudiante enviando el formulario de inscripci\u00f3n a continuaci\u00f3n (aseg\u00farese de seleccionar el centro en el que desea inscribirse)<\/li><li>El instructor revisar\u00e1 la solicitud y la aprobar\u00e1<\/li><li>Una vez que se apruebe su solicitud, el instructor compartir\u00e1 con usted un enlace al curso Moodle, junto con una clave de inscripci\u00f3n.<\/li><li>Si a\u00fan no lo ha hecho, cree una cuenta en nuestro sitio Moodle.<ul><li>Haga clic en \"iniciar sesi\u00f3n\" en la esquina superior derecha<\/li><li>En \" \u00bfEs tu primera vez aqu\u00ed?\", \"Crear nueva cuenta\"<\/li><\/ul><\/li><li>Reg\u00edstrese para el curso moodle y pague la donaci\u00f3n sugerida.<\/li><li>Ahora podr\u00e1s acceder al curso de Moodle<\/li><\/ol>\n\n\n\n<p>Es importante que sigas estos pasos de forma secuencial.<\/p>\n\n\n\n<iframe loading=\"lazy\" src=\"https:\/\/docs.google.com\/forms\/d\/e\/1FAIpQLScdAvTUaVKitD7bZ6xUAQMhMcnsOJ9d6ghP2iu8eILe455eYw\/viewform?embedded=true\" width=\"800\" height=\"3000\" frameborder=\"0\" marginheight=\"0\" marginwidth=\"0\">Loading\u2026<\/iframe>","protected":false},"excerpt":{"rendered":"<p>Enroll as a new student Steps: Register as a new student by&nbsp;submitting the enrollment form below (please make sure to select the center you would like to be enrolled in) The instructor will review the application and approve the application Once your application is approved, the instructor will share with you a link to the [&hellip;]<\/p>\n","protected":false},"author":1,"featured_media":0,"parent":535,"menu_order":0,"comment_status":"closed","ping_status":"closed","template":"","meta":{"_acf_changed":false,"_et_pb_use_builder":"","_et_pb_old_content":"","_et_gb_content_width":"","_uag_custom_page_level_css":"","footnotes":"","_links_to":"","_links_to_target":""},"class_list":["post-571","page","type-page","status-publish","hentry"],"acf":[],"uagb_featured_image_src":{"full":false,"thumbnail":false,"medium":false,"medium_large":false,"large":false,"1536x1536":false,"2048x2048":false,"trp-custom-language-flag":false,"et-pb-post-main-image":false,"et-pb-post-main-image-fullwidth":false,"et-pb-portfolio-image":false,"et-pb-portfolio-module-image":false,"et-pb-portfolio-image-single":false,"et-pb-gallery-module-image-portrait":false,"et-pb-post-main-image-fullwidth-large":false,"et-pb-image--responsive--desktop":false,"et-pb-image--responsive--tablet":false,"et-pb-image--responsive--phone":false},"uagb_author_info":{"display_name":"admin","author_link":"https:\/\/iskconeducation.org\/es\/author\/admin\/"},"uagb_comment_info":0,"uagb_excerpt":"Enroll as a new student Steps: Register as a new student by&nbsp;submitting the enrollment form below (please make sure to select the center you would like to be enrolled in) The instructor will review the application and approve the application Once your application is approved, the instructor will share with you a link to the&hellip;","_links":{"self":[{"href":"https:\/\/iskconeducation.org\/es\/wp-json\/wp\/v2\/pages\/571","targetHints":{"allow":["GET"]}}],"collection":[{"href":"https:\/\/iskconeducation.org\/es\/wp-json\/wp\/v2\/pages"}],"about":[{"href":"https:\/\/iskconeducation.org\/es\/wp-json\/wp\/v2\/types\/page"}],"author":[{"embeddable":true,"href":"https:\/\/iskconeducation.org\/es\/wp-json\/wp\/v2\/users\/1"}],"replies":[{"embeddable":true,"href":"https:\/\/iskconeducation.org\/es\/wp-json\/wp\/v2\/comments?post=571"}],"version-history":[{"count":0,"href":"https:\/\/iskconeducation.org\/es\/wp-json\/wp\/v2\/pages\/571\/revisions"}],"up":[{"embeddable":true,"href":"https:\/\/iskconeducation.org\/es\/wp-json\/wp\/v2\/pages\/535"}],"wp:attachment":[{"href":"https:\/\/iskconeducation.org\/es\/wp-json\/wp\/v2\/media?parent=571"}],"curies":[{"name":"wp","href":"https:\/\/api.w.org\/{rel}","templated":true}]}}