{"id":584,"date":"2022-06-13T06:53:15","date_gmt":"2022-06-13T06:53:15","guid":{"rendered":"https:\/\/iskconeducation.org\/?page_id=584"},"modified":"2022-06-13T07:03:40","modified_gmt":"2022-06-13T07:03:40","slug":"projects","status":"publish","type":"page","link":"https:\/\/iskconeducation.org\/es\/pan-america\/projects\/","title":{"rendered":"Proyectos"},"content":{"rendered":"<figure class=\"wp-block-image aligncenter size-full\"><img loading=\"lazy\" decoding=\"async\" width=\"1024\" height=\"149\" src=\"https:\/\/iskconeducation.org\/wp-content\/uploads\/2022\/06\/Logo-for-website-smaller.webp\" alt=\"\" class=\"wp-image-536\" srcset=\"https:\/\/iskconeducation.org\/wp-content\/uploads\/2022\/06\/Logo-for-website-smaller.webp 1024w, https:\/\/iskconeducation.org\/wp-content\/uploads\/2022\/06\/Logo-for-website-smaller-300x44.webp 300w, https:\/\/iskconeducation.org\/wp-content\/uploads\/2022\/06\/Logo-for-website-smaller-768x112.webp 768w\" sizes=\"(max-width: 1024px) 100vw, 1024px\" \/><\/figure>\n\n\n\n<h2 class=\"has-text-align-center wp-block-heading\">NUESTROS Proyectos<\/h2>\n\n\n\n<div style=\"height:100px\" aria-hidden=\"true\" class=\"wp-block-spacer\"><\/div>\n\n\n\n<div class=\"wp-block-columns is-layout-flex wp-container-core-columns-is-layout-9d6595d7 wp-block-columns-is-layout-flex\">\n<div class=\"wp-block-column is-vertically-aligned-center is-layout-flow wp-block-column-is-layout-flow\">\n<div class=\"wp-block-uagb-advanced-heading uagb-block-07be2312\"><h2 class=\"uagb-heading-text\">UNIVERSIDAD PANAMERICANA DE EDUCACI\u00d3N ISKCON\u200b<\/h2><div class=\"uagb-separator-wrap\"><div class=\"uagb-separator\"><\/div><\/div><p class=\"uagb-desc-text\">El objetivo de esta iniciativa es colaborar entre todos los centros educativos panamericanos de ISKCON para los estudios Sastricos, en programas juveniles, la escuela dominical, la escuela primaria, etc.<\/p><\/div>\n<\/div>\n\n\n\n<div class=\"wp-block-column is-layout-flow wp-block-column-is-layout-flow\">\n<figure class=\"wp-block-gallery has-nested-images columns-2 wp-block-gallery-1 is-layout-flex wp-block-gallery-is-layout-flex\">\n<figure class=\"wp-block-image size-full\"><img loading=\"lazy\" decoding=\"async\" width=\"1024\" height=\"768\" data-id=\"587\" src=\"https:\/\/iskconeducation.org\/wp-content\/uploads\/2022\/06\/MIHE-SASTRA-CERTIFICATE-1.jpg\" alt=\"\" class=\"wp-image-587\" srcset=\"https:\/\/iskconeducation.org\/wp-content\/uploads\/2022\/06\/MIHE-SASTRA-CERTIFICATE-1.jpg 1024w, https:\/\/iskconeducation.org\/wp-content\/uploads\/2022\/06\/MIHE-SASTRA-CERTIFICATE-1-300x225.jpg 300w, https:\/\/iskconeducation.org\/wp-content\/uploads\/2022\/06\/MIHE-SASTRA-CERTIFICATE-1-768x576.jpg 768w\" sizes=\"(max-width: 1024px) 100vw, 1024px\" \/><\/figure>\n\n\n\n<figure class=\"wp-block-image size-full\"><img loading=\"lazy\" decoding=\"async\" width=\"500\" height=\"375\" data-id=\"586\" src=\"https:\/\/iskconeducation.org\/wp-content\/uploads\/2022\/06\/MIHE-classroom-kutir-1.jpg\" alt=\"\" class=\"wp-image-586\" srcset=\"https:\/\/iskconeducation.org\/wp-content\/uploads\/2022\/06\/MIHE-classroom-kutir-1.jpg 500w, https:\/\/iskconeducation.org\/wp-content\/uploads\/2022\/06\/MIHE-classroom-kutir-1-300x225.jpg 300w\" sizes=\"(max-width: 500px) 100vw, 500px\" \/><\/figure>\n\n\n\n<figure class=\"wp-block-image size-full\"><img loading=\"lazy\" decoding=\"async\" width=\"259\" height=\"194\" data-id=\"585\" src=\"https:\/\/iskconeducation.org\/wp-content\/uploads\/2022\/06\/MIHE-Study-2-1.jpg\" alt=\"\" class=\"wp-image-585\"\/><\/figure>\n\n\n\n<figure class=\"wp-block-image size-full\"><img loading=\"lazy\" decoding=\"async\" width=\"497\" height=\"373\" data-id=\"588\" src=\"https:\/\/iskconeducation.org\/wp-content\/uploads\/2022\/06\/MIHE-study-1.jpg\" alt=\"\" class=\"wp-image-588\" srcset=\"https:\/\/iskconeducation.org\/wp-content\/uploads\/2022\/06\/MIHE-study-1.jpg 497w, https:\/\/iskconeducation.org\/wp-content\/uploads\/2022\/06\/MIHE-study-1-300x225.jpg 300w\" sizes=\"(max-width: 497px) 100vw, 497px\" \/><\/figure>\n<\/figure>\n<\/div>\n<\/div>\n\n\n\n<div style=\"height:100px\" aria-hidden=\"true\" class=\"wp-block-spacer\"><\/div>\n\n\n\n<div class=\"wp-block-columns is-layout-flex wp-container-core-columns-is-layout-9d6595d7 wp-block-columns-is-layout-flex\">\n<div class=\"wp-block-column is-vertically-aligned-top is-layout-flow wp-block-column-is-layout-flow\">\n<figure class=\"wp-block-gallery has-nested-images columns-3 is-cropped wp-block-gallery-2 is-layout-flex wp-block-gallery-is-layout-flex\">\n<figure class=\"wp-block-image size-large\"><img loading=\"lazy\" decoding=\"async\" width=\"761\" height=\"1024\" data-id=\"597\" src=\"https:\/\/iskconeducation.org\/wp-content\/uploads\/2022\/06\/Caitanya-mahaprabhu-Rupa-goswami-1-761x1024-2.jpg\" alt=\"\" class=\"wp-image-597\" srcset=\"https:\/\/iskconeducation.org\/wp-content\/uploads\/2022\/06\/Caitanya-mahaprabhu-Rupa-goswami-1-761x1024-2.jpg 761w, https:\/\/iskconeducation.org\/wp-content\/uploads\/2022\/06\/Caitanya-mahaprabhu-Rupa-goswami-1-761x1024-2-223x300.jpg 223w\" sizes=\"(max-width: 761px) 100vw, 761px\" \/><\/figure>\n\n\n\n<figure class=\"wp-block-image size-large\"><img loading=\"lazy\" decoding=\"async\" width=\"684\" height=\"448\" data-id=\"594\" src=\"https:\/\/iskconeducation.org\/wp-content\/uploads\/2022\/06\/Srila-Prabhupada-studying-1-1.jpeg\" alt=\"\" class=\"wp-image-594\" srcset=\"https:\/\/iskconeducation.org\/wp-content\/uploads\/2022\/06\/Srila-Prabhupada-studying-1-1.jpeg 684w, https:\/\/iskconeducation.org\/wp-content\/uploads\/2022\/06\/Srila-Prabhupada-studying-1-1-300x196.jpeg 300w\" sizes=\"(max-width: 684px) 100vw, 684px\" \/><\/figure>\n\n\n\n<figure class=\"wp-block-image size-large\"><img loading=\"lazy\" decoding=\"async\" width=\"780\" height=\"768\" data-id=\"596\" src=\"https:\/\/iskconeducation.org\/wp-content\/uploads\/2022\/06\/Krsna-Balaram-studying-1-1.jpg\" alt=\"\" class=\"wp-image-596\" srcset=\"https:\/\/iskconeducation.org\/wp-content\/uploads\/2022\/06\/Krsna-Balaram-studying-1-1.jpg 780w, https:\/\/iskconeducation.org\/wp-content\/uploads\/2022\/06\/Krsna-Balaram-studying-1-1-300x295.jpg 300w, https:\/\/iskconeducation.org\/wp-content\/uploads\/2022\/06\/Krsna-Balaram-studying-1-1-768x756.jpg 768w\" sizes=\"(max-width: 780px) 100vw, 780px\" \/><\/figure>\n\n\n\n<figure class=\"wp-block-image size-large\"><img loading=\"lazy\" decoding=\"async\" width=\"500\" height=\"305\" data-id=\"595\" src=\"https:\/\/iskconeducation.org\/wp-content\/uploads\/2022\/06\/Six-goswamis-studying-1-1-1.jpg\" alt=\"\" class=\"wp-image-595\" srcset=\"https:\/\/iskconeducation.org\/wp-content\/uploads\/2022\/06\/Six-goswamis-studying-1-1-1.jpg 500w, https:\/\/iskconeducation.org\/wp-content\/uploads\/2022\/06\/Six-goswamis-studying-1-1-1-300x183.jpg 300w\" sizes=\"(max-width: 500px) 100vw, 500px\" \/><\/figure>\n\n\n\n<figure class=\"wp-block-image size-large\"><img loading=\"lazy\" decoding=\"async\" width=\"430\" height=\"285\" data-id=\"598\" src=\"https:\/\/iskconeducation.org\/wp-content\/uploads\/2022\/06\/Six-goswamis-studying-2-2-1.jpg\" alt=\"\" class=\"wp-image-598\" srcset=\"https:\/\/iskconeducation.org\/wp-content\/uploads\/2022\/06\/Six-goswamis-studying-2-2-1.jpg 430w, https:\/\/iskconeducation.org\/wp-content\/uploads\/2022\/06\/Six-goswamis-studying-2-2-1-300x199.jpg 300w\" sizes=\"(max-width: 430px) 100vw, 430px\" \/><\/figure>\n<\/figure>\n<\/div>\n\n\n\n<div class=\"wp-block-column is-vertically-aligned-center is-layout-flow wp-block-column-is-layout-flow\">\n<div class=\"wp-block-uagb-advanced-heading uagb-block-b31e00a5\"><h2 class=\"uagb-heading-text\">ESTANDARIZAR LOS MATERIALES DE ENSE\u00d1ANZA DE BHAKTI SASTRI\u200b<\/h2><div class=\"uagb-separator-wrap\"><div class=\"uagb-separator\"><\/div><\/div><p class=\"uagb-desc-text\">Estandarizar los recursos de ense\u00f1anza para bhakti sastri y ponerlos a disposici\u00f3n de los instructores<\/p><\/div>\n<\/div>\n<\/div>\n\n\n\n<div style=\"height:100px\" aria-hidden=\"true\" class=\"wp-block-spacer\"><\/div>\n\n\n\n<div class=\"wp-block-columns is-layout-flex wp-container-core-columns-is-layout-9d6595d7 wp-block-columns-is-layout-flex\">\n<div class=\"wp-block-column is-vertically-aligned-center is-layout-flow wp-block-column-is-layout-flow\">\n<div class=\"wp-block-uagb-advanced-heading uagb-block-a81be86b\"><h2 class=\"uagb-heading-text\">VIPLAVAH<\/h2><div class=\"uagb-separator-wrap\"><div class=\"uagb-separator\"><\/div><\/div><p class=\"uagb-desc-text\">Viplavah es nuestra revista trimestral que busca crear y dispersar informaci\u00f3n sobre diversos asuntos de educaci\u00f3n dentro de ISKCON. Los n\u00fameros anteriores est\u00e1n disponibles para descargar, y puede mantenerse al d\u00eda con los n\u00fameros futuros suscribi\u00e9ndose a nuestro bolet\u00edn informativo.<\/p><\/div>\n<\/div>\n\n\n\n<div class=\"wp-block-column is-layout-flow wp-block-column-is-layout-flow\">\n<figure class=\"wp-block-gallery has-nested-images columns-3 wp-block-gallery-3 is-layout-flex wp-block-gallery-is-layout-flex\">\n<figure class=\"wp-block-image size-full\"><img loading=\"lazy\" decoding=\"async\" width=\"791\" height=\"1024\" data-id=\"599\" src=\"https:\/\/iskconeducation.org\/wp-content\/uploads\/2022\/06\/Viplavah-1-791x1024-1.jpg\" alt=\"\" class=\"wp-image-599\" srcset=\"https:\/\/iskconeducation.org\/wp-content\/uploads\/2022\/06\/Viplavah-1-791x1024-1.jpg 791w, https:\/\/iskconeducation.org\/wp-content\/uploads\/2022\/06\/Viplavah-1-791x1024-1-232x300.jpg 232w, https:\/\/iskconeducation.org\/wp-content\/uploads\/2022\/06\/Viplavah-1-791x1024-1-768x994.jpg 768w\" sizes=\"(max-width: 791px) 100vw, 791px\" \/><\/figure>\n\n\n\n<figure class=\"wp-block-image size-full\"><img loading=\"lazy\" decoding=\"async\" width=\"791\" height=\"1024\" data-id=\"601\" src=\"https:\/\/iskconeducation.org\/wp-content\/uploads\/2022\/06\/Viplavah-2-1-791x1024-1.jpg\" alt=\"\" class=\"wp-image-601\" srcset=\"https:\/\/iskconeducation.org\/wp-content\/uploads\/2022\/06\/Viplavah-2-1-791x1024-1.jpg 791w, https:\/\/iskconeducation.org\/wp-content\/uploads\/2022\/06\/Viplavah-2-1-791x1024-1-232x300.jpg 232w, https:\/\/iskconeducation.org\/wp-content\/uploads\/2022\/06\/Viplavah-2-1-791x1024-1-768x994.jpg 768w\" sizes=\"(max-width: 791px) 100vw, 791px\" \/><\/figure>\n\n\n\n<figure class=\"wp-block-image size-full\"><img loading=\"lazy\" decoding=\"async\" width=\"601\" height=\"831\" data-id=\"602\" src=\"https:\/\/iskconeducation.org\/wp-content\/uploads\/2022\/06\/Viplavah-3-1.jpg\" alt=\"\" class=\"wp-image-602\" srcset=\"https:\/\/iskconeducation.org\/wp-content\/uploads\/2022\/06\/Viplavah-3-1.jpg 601w, https:\/\/iskconeducation.org\/wp-content\/uploads\/2022\/06\/Viplavah-3-1-217x300.jpg 217w\" sizes=\"(max-width: 601px) 100vw, 601px\" \/><\/figure>\n\n\n\n<figure class=\"wp-block-image size-full\"><img loading=\"lazy\" decoding=\"async\" width=\"468\" height=\"605\" data-id=\"600\" src=\"https:\/\/iskconeducation.org\/wp-content\/uploads\/2022\/06\/Viplavah-4-1.jpg\" alt=\"\" class=\"wp-image-600\" srcset=\"https:\/\/iskconeducation.org\/wp-content\/uploads\/2022\/06\/Viplavah-4-1.jpg 468w, https:\/\/iskconeducation.org\/wp-content\/uploads\/2022\/06\/Viplavah-4-1-232x300.jpg 232w\" sizes=\"(max-width: 468px) 100vw, 468px\" \/><\/figure>\n\n\n\n<figure class=\"wp-block-image size-full\"><img loading=\"lazy\" decoding=\"async\" width=\"624\" height=\"805\" data-id=\"603\" src=\"https:\/\/iskconeducation.org\/wp-content\/uploads\/2022\/06\/Viplavah-5-1.png\" alt=\"\" class=\"wp-image-603\" srcset=\"https:\/\/iskconeducation.org\/wp-content\/uploads\/2022\/06\/Viplavah-5-1.png 624w, https:\/\/iskconeducation.org\/wp-content\/uploads\/2022\/06\/Viplavah-5-1-233x300.png 233w\" sizes=\"(max-width: 624px) 100vw, 624px\" \/><\/figure>\n\n\n\n<figure class=\"wp-block-image size-full\"><img loading=\"lazy\" decoding=\"async\" width=\"614\" height=\"795\" data-id=\"604\" src=\"https:\/\/iskconeducation.org\/wp-content\/uploads\/2022\/06\/Viplavah-6-1.png\" alt=\"\" class=\"wp-image-604\" srcset=\"https:\/\/iskconeducation.org\/wp-content\/uploads\/2022\/06\/Viplavah-6-1.png 614w, https:\/\/iskconeducation.org\/wp-content\/uploads\/2022\/06\/Viplavah-6-1-232x300.png 232w\" sizes=\"(max-width: 614px) 100vw, 614px\" \/><\/figure>\n<\/figure>\n<\/div>\n<\/div>","protected":false},"excerpt":{"rendered":"<p>OUR Projects PAN AMERICA ISKCON EDUCATION UNIVERSITY\u200b The objective of this initiative is to collaborate among all the PAN America ISKCON Education centers for the Sastric studies, youth program, Sunday school, primary school, elementary school etc. STANDARIZING BHAKTI SASTRI TEACHING MATERIALS\u200b To standardize the teaching resources for bhakti sastri and make them available to the [&hellip;]<\/p>\n","protected":false},"author":1,"featured_media":0,"parent":535,"menu_order":0,"comment_status":"closed","ping_status":"closed","template":"","meta":{"_acf_changed":false,"_et_pb_use_builder":"","_et_pb_old_content":"","_et_gb_content_width":"","_uag_custom_page_level_css":"","footnotes":"","_links_to":"","_links_to_target":""},"class_list":["post-584","page","type-page","status-publish","hentry"],"acf":[],"uagb_featured_image_src":{"full":false,"thumbnail":false,"medium":false,"medium_large":false,"large":false,"1536x1536":false,"2048x2048":false,"trp-custom-language-flag":false,"et-pb-post-main-image":false,"et-pb-post-main-image-fullwidth":false,"et-pb-portfolio-image":false,"et-pb-portfolio-module-image":false,"et-pb-portfolio-image-single":false,"et-pb-gallery-module-image-portrait":false,"et-pb-post-main-image-fullwidth-large":false,"et-pb-image--responsive--desktop":false,"et-pb-image--responsive--tablet":false,"et-pb-image--responsive--phone":false},"uagb_author_info":{"display_name":"admin","author_link":"https:\/\/iskconeducation.org\/es\/author\/admin\/"},"uagb_comment_info":0,"uagb_excerpt":"OUR Projects PAN AMERICA ISKCON EDUCATION UNIVERSITY\u200b The objective of this initiative is to collaborate among all the PAN America ISKCON Education centers for the Sastric studies, youth program, Sunday school, primary school, elementary school etc. STANDARIZING BHAKTI SASTRI TEACHING MATERIALS\u200b To standardize the teaching resources for bhakti sastri and make them available to the&hellip;","_links":{"self":[{"href":"https:\/\/iskconeducation.org\/es\/wp-json\/wp\/v2\/pages\/584","targetHints":{"allow":["GET"]}}],"collection":[{"href":"https:\/\/iskconeducation.org\/es\/wp-json\/wp\/v2\/pages"}],"about":[{"href":"https:\/\/iskconeducation.org\/es\/wp-json\/wp\/v2\/types\/page"}],"author":[{"embeddable":true,"href":"https:\/\/iskconeducation.org\/es\/wp-json\/wp\/v2\/users\/1"}],"replies":[{"embeddable":true,"href":"https:\/\/iskconeducation.org\/es\/wp-json\/wp\/v2\/comments?post=584"}],"version-history":[{"count":0,"href":"https:\/\/iskconeducation.org\/es\/wp-json\/wp\/v2\/pages\/584\/revisions"}],"up":[{"embeddable":true,"href":"https:\/\/iskconeducation.org\/es\/wp-json\/wp\/v2\/pages\/535"}],"wp:attachment":[{"href":"https:\/\/iskconeducation.org\/es\/wp-json\/wp\/v2\/media?parent=584"}],"curies":[{"name":"wp","href":"https:\/\/api.w.org\/{rel}","templated":true}]}}