{"id":25044,"date":"2022-12-04T04:01:46","date_gmt":"2022-12-04T04:01:46","guid":{"rendered":"https:\/\/iskconeducation.org\/?page_id=25044"},"modified":"2025-01-20T07:24:57","modified_gmt":"2025-01-20T07:24:57","slug":"verify-certificate","status":"publish","type":"page","link":"https:\/\/iskconeducation.org\/fr\/verify-certificate\/","title":{"rendered":"V\u00e9rifier son Certificat"},"content":{"rendered":"<p class=\"has-text-align-center\">Bhakti Sastri<\/p>\n\n\n\n<p class=\"has-text-align-center\">Bhakti Vaibhava<\/p>\n\n\n\n<p class=\"has-text-align-center\">Bhakti Vedanta<\/p>\n\n\n\n<p class=\"has-text-align-center\">Bhakti Sarvabhauma<\/p>\n\n\n\n<p class=\"has-text-align-center\">Certificats des Enseignants de l'ISKCON<\/p>\n\n\n\n<div style=\"height:9px\" aria-hidden=\"true\" class=\"wp-block-spacer\"><\/div>\n\n\n\n<p class=\"has-text-align-center has-medium-font-size\"><strong>Veuillez v\u00e9rifier le code unique de votre certificat comme indiqu\u00e9 ci-dessous<\/strong>:<\/p>\n\n\n\n<div class=\"wp-block-columns is-layout-flex wp-container-core-columns-is-layout-9d6595d7 wp-block-columns-is-layout-flex\">\n<div class=\"wp-block-column is-vertically-aligned-stretch is-layout-flow wp-block-column-is-layout-flow\">\n<div class=\"wp-block-columns is-layout-flex wp-container-core-columns-is-layout-9d6595d7 wp-block-columns-is-layout-flex\">\n<div class=\"wp-block-column is-vertically-aligned-center is-layout-flow wp-block-column-is-layout-flow\" style=\"flex-basis:66.66%\">\n<figure class=\"wp-block-image aligncenter size-large is-resized\"><img loading=\"lazy\" decoding=\"async\" width=\"1024\" height=\"627\" src=\"https:\/\/iskconeducation.org\/wp-content\/uploads\/2022\/12\/diagram_cert-1024x627.png\" alt=\"\" class=\"wp-image-25074\" style=\"width:703px;height:auto\" srcset=\"https:\/\/iskconeducation.org\/wp-content\/uploads\/2022\/12\/diagram_cert-1024x627.png 1024w, https:\/\/iskconeducation.org\/wp-content\/uploads\/2022\/12\/diagram_cert-300x184.png 300w, https:\/\/iskconeducation.org\/wp-content\/uploads\/2022\/12\/diagram_cert-768x470.png 768w, https:\/\/iskconeducation.org\/wp-content\/uploads\/2022\/12\/diagram_cert-1536x941.png 1536w, https:\/\/iskconeducation.org\/wp-content\/uploads\/2022\/12\/diagram_cert-2048x1255.png 2048w\" sizes=\"(max-width: 1024px) 100vw, 1024px\" \/><\/figure>\n<\/div>\n\n\n\n<div class=\"wp-block-column is-vertically-aligned-center is-layout-flow wp-block-column-is-layout-flow\" style=\"flex-basis:33.33%\">\n<figure class=\"wp-block-image size-large is-resized\"><img loading=\"lazy\" decoding=\"async\" width=\"1024\" height=\"724\" src=\"https:\/\/iskconeducation.org\/wp-content\/uploads\/2025\/01\/BVS-1-1024x724.png\" alt=\"\" class=\"wp-image-30203\" style=\"width:166px;height:auto\" srcset=\"https:\/\/iskconeducation.org\/wp-content\/uploads\/2025\/01\/BVS-1-980x693.png 980w, https:\/\/iskconeducation.org\/wp-content\/uploads\/2025\/01\/BVS-1-480x339.png 480w\" sizes=\"(min-width: 0px) and (max-width: 480px) 480px, (min-width: 481px) and (max-width: 980px) 980px, (min-width: 981px) 1024px, 100vw\" \/><\/figure>\n\n\n\n<figure class=\"wp-block-image size-large is-resized\"><img loading=\"lazy\" decoding=\"async\" width=\"1024\" height=\"724\" src=\"https:\/\/iskconeducation.org\/wp-content\/uploads\/2025\/01\/BVTS-1-1024x724.png\" alt=\"\" class=\"wp-image-30204\" style=\"width:166px;height:auto\" srcset=\"https:\/\/iskconeducation.org\/wp-content\/uploads\/2025\/01\/BVTS-1-980x693.png 980w, https:\/\/iskconeducation.org\/wp-content\/uploads\/2025\/01\/BVTS-1-480x339.png 480w\" sizes=\"(min-width: 0px) and (max-width: 480px) 480px, (min-width: 481px) and (max-width: 980px) 980px, (min-width: 981px) 1024px, 100vw\" \/><\/figure>\n\n\n\n<figure class=\"wp-block-image size-large is-resized\"><img loading=\"lazy\" decoding=\"async\" width=\"1024\" height=\"724\" src=\"https:\/\/iskconeducation.org\/wp-content\/uploads\/2025\/01\/TTCS-1-1024x724.png\" alt=\"\" class=\"wp-image-30205\" style=\"width:171px;height:auto\" srcset=\"https:\/\/iskconeducation.org\/wp-content\/uploads\/2025\/01\/TTCS-1-980x693.png 980w, https:\/\/iskconeducation.org\/wp-content\/uploads\/2025\/01\/TTCS-1-480x339.png 480w\" sizes=\"(min-width: 0px) and (max-width: 480px) 480px, (min-width: 481px) and (max-width: 980px) 980px, (min-width: 981px) 1024px, 100vw\" \/><\/figure>\n<\/div>\n<\/div>\n<\/div>\n<\/div>\n\n\n\n<div class=\"wp-block-buttons is-content-justification-center is-layout-flex wp-container-core-buttons-is-layout-16018d1d wp-block-buttons-is-layout-flex\">\n<div class=\"wp-block-button\"><a class=\"wp-block-button__link wp-element-button\" href=\"https:\/\/cert.iskconeducation.org\/mod\/customcert\/verify_certificate.php\">Le code unique est pr\u00e9sent<\/a><\/div>\n\n\n\n<div class=\"wp-block-button\"><a class=\"wp-block-button__link wp-element-button\" href=\"https:\/\/iskconeducation.org\/fr\/verify-physical\/\">Le code unique est absent<\/a><\/div>\n<\/div>\n\n\n\n<div style=\"height:43px\" aria-hidden=\"true\" class=\"wp-block-spacer\"><\/div>\n\n\n\n<p><strong>Si vous s\u00e9lectionnez \"Le code unique est pr\u00e9sent\" vous serez invit\u00e9 \u00e0 entrer le code unique sur la page suivante.<\/strong><\/p>\n\n\n\n<p><strong>Si vous s\u00e9lectionnez l'autre option, vous serez invit\u00e9 \u00e0 entrer les informations renseign\u00e9es sur le certificat : le Cours, le Nom, le Centre et la date d'ach\u00e8vement.<\/strong><\/p>\n\n\n\n<p><strong>*IMPORTANT : Ce formulaire a pour seul but la v\u00e9rification, et non la recherche de certificats perdus ou \u00e9gar\u00e9s. Pour le remplacement d'un certificat l'\u00e9tudiant doit contacter le centre qui a remis le certificat. Si le centre n'est plus acc\u00e9ssible, il doit contacter le minist\u00e8re <a href=\"https:\/\/iskconeducation.org\/fr\/contact\/\">ici<\/a>.<\/strong><\/p>\n\n\n\n<p><\/p>","protected":false},"excerpt":{"rendered":"<p>Bhakti Sastri Bhakti Vaibhava Bhakti Vedanta Bhakti Sarvabhauma ISKCON Teachers Certificate Please check the certificate&#8217;s unique code, as shown below: If you select &#8220;Unique Code is present&#8221; you will be prompted to enter the unique code in the next page. If you select the other option, you will be prompted to enter the Course, Name, [&hellip;]<\/p>\n","protected":false},"author":1,"featured_media":0,"parent":0,"menu_order":0,"comment_status":"closed","ping_status":"closed","template":"","meta":{"_acf_changed":false,"_et_pb_use_builder":"off","_et_pb_old_content":"<!-- wp:paragraph -->\n<p><\/p>\n<!-- \/wp:paragraph -->\n\n<!-- wp:spacer {\"height\":\"44px\"} -->\n<div style=\"height:44px\" aria-hidden=\"true\" class=\"wp-block-spacer\"><\/div>\n<!-- \/wp:spacer -->\n\n<!-- wp:list -->\n<ul class=\"wp-block-list\"><!-- wp:list-item -->\n<li><strong>Bhakti Sastri<\/strong><\/li>\n<!-- \/wp:list-item -->\n\n<!-- wp:list-item -->\n<li><strong>Bhakti Vaibhava<\/strong><\/li>\n<!-- \/wp:list-item -->\n\n<!-- wp:list-item -->\n<li><strong>Bhakti Vedanta<\/strong><\/li>\n<!-- \/wp:list-item -->\n\n<!-- wp:list-item -->\n<li><strong>Bhakti Sarvabhauma<\/strong><\/li>\n<!-- \/wp:list-item -->\n\n<!-- wp:list-item -->\n<li><strong>ISKCON Teachers Certificat<\/strong>e<\/li>\n<!-- \/wp:list-item --><\/ul>\n<!-- \/wp:list -->\n\n<!-- wp:paragraph {\"fontSize\":\"medium\"} -->\n<p class=\"has-medium-font-size\"><strong>Please check the certificate's unique code, as shown below<\/strong>:<\/p>\n<!-- \/wp:paragraph -->\n\n<!-- wp:columns {\"verticalAlignment\":null} -->\n<div class=\"wp-block-columns\"><!-- wp:column {\"verticalAlignment\":\"stretch\",\"layout\":{\"type\":\"default\"}} -->\n<div class=\"wp-block-column is-vertically-aligned-stretch\"><!-- wp:image {\"id\":25074,\"sizeSlug\":\"large\",\"linkDestination\":\"none\",\"align\":\"wide\"} -->\n<figure class=\"wp-block-image alignwide size-large\"><img src=\"https:\/\/iskconeducation.org\/wp-content\/uploads\/2022\/12\/diagram_cert-1024x627.png\" alt=\"\" class=\"wp-image-25074\"\/><\/figure>\n<!-- \/wp:image --><\/div>\n<!-- \/wp:column -->\n\n<!-- wp:column -->\n<div class=\"wp-block-column\"><!-- wp:image {\"id\":30203,\"width\":\"99px\",\"height\":\"auto\",\"sizeSlug\":\"large\",\"linkDestination\":\"none\"} -->\n<figure class=\"wp-block-image size-large is-resized\"><img src=\"https:\/\/iskconeducation.org\/wp-content\/uploads\/2025\/01\/BVS-1-1024x724.png\" alt=\"\" class=\"wp-image-30203\" style=\"width:99px;height:auto\"\/><\/figure>\n<!-- \/wp:image -->\n\n<!-- wp:image {\"id\":30204,\"width\":\"96px\",\"height\":\"auto\",\"sizeSlug\":\"large\",\"linkDestination\":\"none\"} -->\n<figure class=\"wp-block-image size-large is-resized\"><img src=\"https:\/\/iskconeducation.org\/wp-content\/uploads\/2025\/01\/BVTS-1-1024x724.png\" alt=\"\" class=\"wp-image-30204\" style=\"width:96px;height:auto\"\/><\/figure>\n<!-- \/wp:image -->\n\n<!-- wp:image {\"id\":30205,\"width\":\"98px\",\"height\":\"auto\",\"sizeSlug\":\"large\",\"linkDestination\":\"none\"} -->\n<figure class=\"wp-block-image size-large is-resized\"><img src=\"https:\/\/iskconeducation.org\/wp-content\/uploads\/2025\/01\/TTCS-1-1024x724.png\" alt=\"\" class=\"wp-image-30205\" style=\"width:98px;height:auto\"\/><\/figure>\n<!-- \/wp:image --><\/div>\n<!-- \/wp:column --><\/div>\n<!-- \/wp:columns -->\n\n<!-- wp:buttons {\"layout\":{\"type\":\"flex\",\"justifyContent\":\"center\"}} -->\n<div class=\"wp-block-buttons\"><!-- wp:button -->\n<div class=\"wp-block-button\"><a class=\"wp-block-button__link wp-element-button\" href=\"https:\/\/cert.iskconeducation.org\/mod\/customcert\/verify_certificate.php\">Unique Code is present<\/a><\/div>\n<!-- \/wp:button -->\n\n<!-- wp:button -->\n<div class=\"wp-block-button\"><a class=\"wp-block-button__link wp-element-button\" href=\"https:\/\/iskconeducation.org\/verify-physical\/\">Unique Code is not present<\/a><\/div>\n<!-- \/wp:button --><\/div>\n<!-- \/wp:buttons -->\n\n<!-- wp:spacer {\"height\":\"43px\"} -->\n<div style=\"height:43px\" aria-hidden=\"true\" class=\"wp-block-spacer\"><\/div>\n<!-- \/wp:spacer -->\n\n<!-- wp:paragraph -->\n<p><strong>If you select \"Unique Code is present\" you will be prompted to enter the unique code in the next page.<\/strong><\/p>\n<!-- \/wp:paragraph -->\n\n<!-- wp:paragraph -->\n<p><strong>If you select the other option, you will be prompted to enter the Course, Name, Center, and Date of Completion, as displayed on the certificate.<\/strong><\/p>\n<!-- \/wp:paragraph -->\n\n<!-- wp:paragraph -->\n<p><strong>*IMPORTANT: This form&nbsp;is for verification purposes only, and not for retrieving lost or missing certificates. For replacement certificates the student must contact the center that issued the certificate. If the center is no longer accessibe, they may contact the Ministry <a href=\"https:\/\/iskconeducation.org\/contact\/\">here<\/a>.<\/strong><\/p>\n<!-- \/wp:paragraph -->\n\n<!-- wp:paragraph -->\n<p><\/p>\n<!-- \/wp:paragraph -->","_et_gb_content_width":"","_uag_custom_page_level_css":"","footnotes":"","_links_to":"","_links_to_target":""},"class_list":["post-25044","page","type-page","status-publish","hentry"],"acf":[],"uagb_featured_image_src":{"full":false,"thumbnail":false,"medium":false,"medium_large":false,"large":false,"1536x1536":false,"2048x2048":false,"trp-custom-language-flag":false,"et-pb-post-main-image":false,"et-pb-post-main-image-fullwidth":false,"et-pb-portfolio-image":false,"et-pb-portfolio-module-image":false,"et-pb-portfolio-image-single":false,"et-pb-gallery-module-image-portrait":false,"et-pb-post-main-image-fullwidth-large":false,"et-pb-image--responsive--desktop":false,"et-pb-image--responsive--tablet":false,"et-pb-image--responsive--phone":false},"uagb_author_info":{"display_name":"admin","author_link":"https:\/\/iskconeducation.org\/fr\/author\/admin\/"},"uagb_comment_info":0,"uagb_excerpt":"Bhakti Sastri Bhakti Vaibhava Bhakti Vedanta Bhakti Sarvabhauma ISKCON Teachers Certificate Please check the certificate&#8217;s unique code, as shown below: If you select &#8220;Unique Code is present&#8221; you will be prompted to enter the unique code in the next page. If you select the other option, you will be prompted to enter the Course, Name,\u2026","_links":{"self":[{"href":"https:\/\/iskconeducation.org\/fr\/wp-json\/wp\/v2\/pages\/25044","targetHints":{"allow":["GET"]}}],"collection":[{"href":"https:\/\/iskconeducation.org\/fr\/wp-json\/wp\/v2\/pages"}],"about":[{"href":"https:\/\/iskconeducation.org\/fr\/wp-json\/wp\/v2\/types\/page"}],"author":[{"embeddable":true,"href":"https:\/\/iskconeducation.org\/fr\/wp-json\/wp\/v2\/users\/1"}],"replies":[{"embeddable":true,"href":"https:\/\/iskconeducation.org\/fr\/wp-json\/wp\/v2\/comments?post=25044"}],"version-history":[{"count":22,"href":"https:\/\/iskconeducation.org\/fr\/wp-json\/wp\/v2\/pages\/25044\/revisions"}],"predecessor-version":[{"id":30309,"href":"https:\/\/iskconeducation.org\/fr\/wp-json\/wp\/v2\/pages\/25044\/revisions\/30309"}],"wp:attachment":[{"href":"https:\/\/iskconeducation.org\/fr\/wp-json\/wp\/v2\/media?parent=25044"}],"curies":[{"name":"wp","href":"https:\/\/api.w.org\/{rel}","templated":true}]}}