{"id":26057,"date":"2023-01-18T07:15:21","date_gmt":"2023-01-18T07:15:21","guid":{"rendered":"https:\/\/iskconeducation.org\/?page_id=26057"},"modified":"2025-02-03T09:43:32","modified_gmt":"2025-02-03T09:43:32","slug":"annual-reports","status":"publish","type":"page","link":"https:\/\/iskconeducation.org\/fr\/annual-reports\/","title":{"rendered":"Rapports annuels"},"content":{"rendered":"<div style=\"height:9px\" aria-hidden=\"true\" class=\"wp-block-spacer\"><\/div>\n\n\n\n<p>Vous trouverez ci-dessous nos rapports annuel et financier. Ils pr\u00e9sentent un aper\u00e7u d\u00e9taill\u00e9 de nos activit\u00e9s pour ces ann\u00e9es. J'esp\u00e8re qu'ils vous inspireront. Nous les publions non seulement par souci de transparence et de responsabilit\u00e9, mais aussi pour mobiliser des b\u00e9n\u00e9voles qui nous aideront \u00e0 faire des livres de Srila Prabhupada la litt\u00e9rature spirituelle la plus lue au monde.<\/p>\n\n\n\n<p>Merci, Hare Krishna !<\/p>\n\n\n\n<p class=\"has-text-align-right\"><em>Tapan Mishra D\u0101sa,<br>Ministre, Minist\u00e8re de l'\u00e9ducation de l'ISKCON<\/em><\/p>\n\n\n\n<div style=\"height:53px\" aria-hidden=\"true\" class=\"wp-block-spacer\"><\/div>\n\n\n\n<div class=\"wp-block-uagb-advanced-heading uagb-block-4861a47d\"><h2 class=\"uagb-heading-text\">Pour l'ann\u00e9e 2022<\/h2><\/div>\n\n\n\n<div class=\"wp-block-columns is-layout-flex wp-container-core-columns-is-layout-9d6595d7 wp-block-columns-is-layout-flex\">\n<div class=\"wp-block-column is-layout-flow wp-block-column-is-layout-flow\">\n<div data-wp-interactive=\"core\/file\" class=\"wp-block-file\"><object data-wp-bind--hidden=\"!state.hasPdfPreview\" hidden class=\"wp-block-file__embed\" data=\"https:\/\/iskconeducation.org\/wp-content\/uploads\/2023\/02\/Annual-report-2022.pdf\" type=\"application\/pdf\" style=\"width:100%;height:600px\" aria-label=\"PDF embarqu\u00e9\"><\/object><\/div>\n\n\n\n<p><\/p>\n<\/div>\n\n\n\n<div class=\"wp-block-column is-layout-flow wp-block-column-is-layout-flow\">\n<div data-wp-interactive=\"core\/file\" class=\"wp-block-file\"><object data-wp-bind--hidden=\"!state.hasPdfPreview\" hidden class=\"wp-block-file__embed\" data=\"https:\/\/iskconeducation.org\/wp-content\/uploads\/2023\/02\/Financial-Report-2022.pdf\" type=\"application\/pdf\" style=\"width:100%;height:600px\" aria-label=\"PDF embarqu\u00e9\"><\/object><\/div>\n\n\n\n<p><\/p>\n<\/div>\n<\/div>\n\n\n\n<p><\/p>\n\n\n\n<div style=\"height:100px\" aria-hidden=\"true\" class=\"wp-block-spacer\"><\/div>\n\n\n\n<div class=\"wp-block-uagb-advanced-heading uagb-block-357f54ec\"><h2 class=\"uagb-heading-text\">Pour les ann\u00e9es 2020-2021<\/h2><\/div>\n\n\n\n<div class=\"wp-block-columns is-layout-flex wp-container-core-columns-is-layout-9d6595d7 wp-block-columns-is-layout-flex\">\n<div class=\"wp-block-column is-layout-flow wp-block-column-is-layout-flow\">\n<div data-wp-interactive=\"core\/file\" class=\"wp-block-file\"><object data-wp-bind--hidden=\"!state.hasPdfPreview\" hidden class=\"wp-block-file__embed\" data=\"https:\/\/iskconeducation.org\/wp-content\/uploads\/2023\/02\/Annual-Report-2021.pdf\" type=\"application\/pdf\" style=\"width:100%;height:600px\" aria-label=\"PDF embarqu\u00e9\"><\/object><\/div>\n<\/div>\n\n\n\n<div class=\"wp-block-column is-layout-flow wp-block-column-is-layout-flow\">\n<div data-wp-interactive=\"core\/file\" class=\"wp-block-file\"><object data-wp-bind--hidden=\"!state.hasPdfPreview\" hidden class=\"wp-block-file__embed\" data=\"https:\/\/iskconeducation.org\/wp-content\/uploads\/2023\/02\/Financial-Report-2021.pdf\" type=\"application\/pdf\" style=\"width:100%;height:600px\" aria-label=\"PDF embarqu\u00e9\"><\/object><\/div>\n<\/div>\n<\/div>","protected":false},"excerpt":{"rendered":"<p>Forthwith are our Annual and Financial reports. They give a detailed overview of our operations for those calendar years. I hope you find them inspiring. We publish it not just in the interest of transparency and accountability, but to collect volunteers to help us in our effort of making Srila Prabhupada\u2019s books the most widely [&hellip;]<\/p>\n","protected":false},"author":1,"featured_media":0,"parent":0,"menu_order":0,"comment_status":"closed","ping_status":"closed","template":"","meta":{"_acf_changed":false,"_et_pb_use_builder":"","_et_pb_old_content":"","_et_gb_content_width":"","_uag_custom_page_level_css":"","footnotes":"","_links_to":"","_links_to_target":""},"class_list":["post-26057","page","type-page","status-publish","hentry"],"acf":[],"uagb_featured_image_src":{"full":false,"thumbnail":false,"medium":false,"medium_large":false,"large":false,"1536x1536":false,"2048x2048":false,"trp-custom-language-flag":false,"et-pb-post-main-image":false,"et-pb-post-main-image-fullwidth":false,"et-pb-portfolio-image":false,"et-pb-portfolio-module-image":false,"et-pb-portfolio-image-single":false,"et-pb-gallery-module-image-portrait":false,"et-pb-post-main-image-fullwidth-large":false,"et-pb-image--responsive--desktop":false,"et-pb-image--responsive--tablet":false,"et-pb-image--responsive--phone":false},"uagb_author_info":{"display_name":"admin","author_link":"https:\/\/iskconeducation.org\/fr\/author\/admin\/"},"uagb_comment_info":0,"uagb_excerpt":"Forthwith are our Annual and Financial reports. They give a detailed overview of our operations for those calendar years. I hope you find them inspiring. We publish it not just in the interest of transparency and accountability, but to collect volunteers to help us in our effort of making Srila Prabhupada\u2019s books the most widely\u2026","_links":{"self":[{"href":"https:\/\/iskconeducation.org\/fr\/wp-json\/wp\/v2\/pages\/26057","targetHints":{"allow":["GET"]}}],"collection":[{"href":"https:\/\/iskconeducation.org\/fr\/wp-json\/wp\/v2\/pages"}],"about":[{"href":"https:\/\/iskconeducation.org\/fr\/wp-json\/wp\/v2\/types\/page"}],"author":[{"embeddable":true,"href":"https:\/\/iskconeducation.org\/fr\/wp-json\/wp\/v2\/users\/1"}],"replies":[{"embeddable":true,"href":"https:\/\/iskconeducation.org\/fr\/wp-json\/wp\/v2\/comments?post=26057"}],"version-history":[{"count":12,"href":"https:\/\/iskconeducation.org\/fr\/wp-json\/wp\/v2\/pages\/26057\/revisions"}],"predecessor-version":[{"id":31797,"href":"https:\/\/iskconeducation.org\/fr\/wp-json\/wp\/v2\/pages\/26057\/revisions\/31797"}],"wp:attachment":[{"href":"https:\/\/iskconeducation.org\/fr\/wp-json\/wp\/v2\/media?parent=26057"}],"curies":[{"name":"wp","href":"https:\/\/api.w.org\/{rel}","templated":true}]}}