{"id":286,"date":"2022-06-03T09:05:01","date_gmt":"2022-06-03T09:05:01","guid":{"rendered":"https:\/\/iskconeducation.org\/?page_id=286"},"modified":"2024-11-02T10:19:25","modified_gmt":"2024-11-02T10:19:25","slug":"study-and-teach","status":"publish","type":"page","link":"https:\/\/iskconeducation.org\/fr\/study-and-teach\/","title":{"rendered":"Etudes et Enseignement"},"content":{"rendered":"<h3 class=\"wp-block-heading has-text-align-center has-large-font-size\">Study And Teach Program<\/h3>\r\n\r\n\r\n\r\n<div class=\"wp-block-spacer\" style=\"height: 35px;\" aria-hidden=\"true\">\u00a0<\/div>\r\n\r\n\r\n\r\n<p><em>I want that all of my spiritual sons and daughters inherit this title of Bhaktivedanta One who will pass this examination will be awarded with the title of Bhaktivedanta. I want that all of my spiritual sons and daughters will inherit this title of Bhaktivedanta, so that the family transcendental diploma will continue through the generations\u2026 That is my program. So we should not simply publish these books for reading by outsiders, but our students must be well versed in all of our books so that we can be prepared to defeat all opposing parties in the matter of self-realization.<\/em><\/p>\r\n\r\n\r\n\r\n<p class=\"has-text-align-right\">\u2013 Srila Prabhupada\u00a0Letter to: Hamsaduta, Los Angeles 3 January, 1969<\/p>\r\n\r\n\r\n\r\n<div class=\"wp-block-group is-layout-flow wp-block-group-is-layout-flow\">\r\n<div class=\"wp-block-uagb-advanced-heading uagb-block-34782171\">\r\n<h3 class=\"uagb-heading-text\">Purpose<\/h3>\r\n<div class=\"uagb-separator\">\u00a0<\/div>\r\n<p class=\"uagb-desc-text\">To encourage dedicated members of ISKCON to study, teach and receive sastric degrees, without having to undergo the elaborate coursework &amp; assessments, considering their seniority, experience and contributions to the ISKCON community.<br \/>\u00a0<br \/>When the leaders and senior members study to become Bhakti sastri, Bhakti Vaibhav graduates, they simultaneously organize and teach at least 8 other devotees to pursue the same program as students.<\/p>\r\n<\/div>\r\n<\/div>\r\n\r\n\r\n\r\n<div class=\"wp-block-group is-layout-flow wp-block-group-is-layout-flow\">\r\n<div class=\"wp-block-uagb-advanced-heading uagb-block-c1c8d543\">\r\n<h3 class=\"uagb-heading-text\">Whom is this program meant for?<\/h3>\r\n<div class=\"uagb-separator\">\u00a0<\/div>\r\n<p class=\"uagb-desc-text\">Those who have taste and experience in study and preaching, but can\u2019t spare time to enroll for a long term sastric degree course like Bhakti Sastri or Bhakti Vaibhav, such as:<br \/>ISKCON Managers (such as Temple presidents, directors, etc.)<br \/>Congregation Leaders<br \/>Experienced Preachers<br \/>\u00a0<br \/>The manager enrolled under this program would be considered the \u201cLead Teacher\u201d<\/p>\r\n<\/div>\r\n<\/div>\r\n\r\n\r\n\r\n<div class=\"wp-block-uagb-advanced-heading uagb-block-a50dbf10\">\r\n<h3 class=\"uagb-heading-text\">How does it work?<\/h3>\r\n<div class=\"uagb-separator\">\u00a0<\/div>\r\n<p class=\"uagb-desc-text\">The Lead Teacher \u2013<br \/>Systematically teaches Srila Prabhupada\u2019s books for a minimum number of hours in a week, for a registered batch of Bhakti sastri\/ Bhakti Vaibhav students<br \/>Systematically studies Srila Prabhupada\u2019s books for a minimum number of hours per week (by which teaching happens effectively)<br \/>Undergoes a simplified assessment for the degree they are pursuing<br \/>Is exempted from attending the regular course work (150\/ 450 hours etc) conducted by an approved Bhakti sastri\/ Bhakti Vaibhav facilitator. ISKCON teacher training course (TTC) is optional in lieu of his or her preaching experience<br \/>Sends reports to a mentor who represents ISKCON Ministry of Education<br \/>Provide a reference letter from an ISKCON authority mentioning his or her experience in preaching \/ management \/ service.<\/p>\r\n<\/div>\r\n\r\n\r\n\r\n<div class=\"wp-block-spacer\" style=\"height: 85px;\" aria-hidden=\"true\">\u00a0<\/div>\r\n\r\n\r\n\r\n<div class=\"wp-block-uagb-advanced-heading uagb-block-7b7cff58\">\r\n<h3 class=\"uagb-heading-text\">Study &amp; Teach Program FAQ<\/h3>\r\n<div class=\"uagb-separator\">\u00a0<\/div>\r\n<p class=\"uagb-desc-text\">The FAQ contains all frequently asked questions about the Study &amp; Teach Program.<\/p>\r\n<\/div>\r\n\r\n\r\n\r\n<div class=\"wp-block-spacer\" style=\"height: 23px;\" aria-hidden=\"true\"><br \/><\/p>\r\n<p>&nbsp;<\/p>\r\n\r\n\r\n\r\n<div class=\"wp-block-uagb-advanced-heading uagb-block-7e327755\">\r\n<h3 class=\"uagb-heading-text\">Study &amp; Teach Guidelines<\/h3>\r\n<div class=\"uagb-separator\">\u00a0<\/div>\r\n<p class=\"uagb-desc-text\">The Guidelines for the Study &amp; Teach Program are presented in a Power Point presentation.<\/p>\r\n<\/div>\r\n\r\n\r\n\r\n<div class=\"wp-block-uagb-advanced-heading uagb-block-294a6476\">\r\n<h3 class=\"uagb-heading-text\">Foundational Research on Examinations<\/h3>\r\n<div class=\"uagb-separator\">\u00a0<\/div>\r\n<p class=\"uagb-desc-text\">The Foundational Research on Examinations is a compilation of quotes by \u015ar\u012bla Prabhup\u0101da on Bhakti-\u015a\u0101str\u012b.<\/p>\r\n<\/div>\r\n\r\n\r\n\r\n<div class=\"wp-block-spacer\" style=\"height: 41px;\" aria-hidden=\"true\">\u00a0<\/div>\r\n\r\n\r\n\r\n\r\n\r\n\r\n\r\n\r\n\r\n<p>&nbsp;<\/p>\r\n\r\n\r\n\r\n<div class=\"wp-block-spacer\" style=\"height: 100px;\" aria-hidden=\"true\">\u00a0<\/div>\r\n\r\n\r\n\r\n<div class=\"wp-block-uagb-advanced-heading uagb-block-57c9187b\">\r\n<h2 class=\"uagb-heading-text\">Bhakti Sastri Study &amp; Teach Program<\/h2>\r\n<div class=\"uagb-separator\">\u00a0<\/div>\r\n<\/div>\r\n\r\n\r\n\r\n<figure class=\"wp-block-image aligncenter size-large\"><img loading=\"lazy\" decoding=\"async\" width=\"1024\" height=\"378\" class=\"wp-image-293\" src=\"https:\/\/iskconeducation.org\/wp-content\/uploads\/2022\/06\/Picture1-1536x567-1-1024x378.png\" alt=\"\" srcset=\"https:\/\/iskconeducation.org\/wp-content\/uploads\/2022\/06\/Picture1-1536x567-1-1024x378.png 1024w, https:\/\/iskconeducation.org\/wp-content\/uploads\/2022\/06\/Picture1-1536x567-1-300x111.png 300w, https:\/\/iskconeducation.org\/wp-content\/uploads\/2022\/06\/Picture1-1536x567-1-768x284.png 768w, https:\/\/iskconeducation.org\/wp-content\/uploads\/2022\/06\/Picture1-1536x567-1.png 1536w\" sizes=\"(max-width: 1024px) 100vw, 1024px\" \/><\/figure>\r\n\r\n\r\n\r\n<div class=\"wp-block-spacer\" style=\"height: 100px;\" aria-hidden=\"true\">\u00a0<\/div>\r\n\r\n\r\n\r\n<div class=\"wp-block-uagb-advanced-heading uagb-block-888b41e9\">\r\n<h2 class=\"uagb-heading-text\">Bhakti Sastri Assessments<\/h2>\r\n<div class=\"uagb-separator\">\u00a0<\/div>\r\n<\/div>\r\n\r\n\r\n\r\n<figure class=\"wp-block-table is-style-regular\">\r\n<table class=\"has-fixed-layout\">\r\n<thead>\r\n<tr>\r\n<th>For The LEAD TEACHER<\/th>\r\n<th>For the STUDENTS<\/th>\r\n<\/tr>\r\n<\/thead>\r\n<tbody>\r\n<tr>\r\n<td>Teaching 75+ hours on all 4 books (Bhagavad Gita, Nectar Of Instructions, Nectar Of Devotion, Isopanishad) \u2013 in one or multiple batches\u00a0<br \/>Closed book assessment: One-hour tests for each of the 6 modules \u2013 taken together of separately as per candidate\u2019s preference.\u00a0<br \/>Open book essays \u2013 2500 words<br \/>Video recording of 20+ slokas with meanings<br \/>Video recording of 2 hours of Teaching<\/td>\r\n<td>Hearing 150+ hours of classes\u00a0<br \/>Closed book assessment: 5000 words<br \/>(in the form of short answer or essay questions\/ Multiple Choice Questions)<br \/>Open book essays \u2013 5000 words<br \/>Slokas for Memorization \u2013 45<\/td>\r\n<\/tr>\r\n<\/tbody>\r\n<\/table>\r\n<\/figure>\r\n\r\n\r\n\r\n<div class=\"wp-block-spacer\" style=\"height: 81px;\" aria-hidden=\"true\">\u00a0<\/div>\r\n\r\n\r\n\r\n<div class=\"wp-block-uagb-advanced-heading uagb-block-25c873f0\">\r\n<h2 class=\"uagb-heading-text\">Bhakti Vaibhav Study &amp; Teach Program<\/h2>\r\n<div class=\"uagb-separator\">\u00a0<\/div>\r\n<\/div>\r\n\r\n\r\n\r\n<figure class=\"wp-block-image aligncenter size-large\"><img loading=\"lazy\" decoding=\"async\" width=\"1024\" height=\"366\" class=\"wp-image-294\" src=\"https:\/\/iskconeducation.org\/wp-content\/uploads\/2022\/06\/Picture2-1536x549-1-1024x366.png\" alt=\"\" srcset=\"https:\/\/iskconeducation.org\/wp-content\/uploads\/2022\/06\/Picture2-1536x549-1-1024x366.png 1024w, https:\/\/iskconeducation.org\/wp-content\/uploads\/2022\/06\/Picture2-1536x549-1-300x107.png 300w, https:\/\/iskconeducation.org\/wp-content\/uploads\/2022\/06\/Picture2-1536x549-1-768x275.png 768w, https:\/\/iskconeducation.org\/wp-content\/uploads\/2022\/06\/Picture2-1536x549-1.png 1536w\" sizes=\"(max-width: 1024px) 100vw, 1024px\" \/><\/figure>\r\n\r\n\r\n\r\n<div class=\"wp-block-spacer\" style=\"height: 81px;\" aria-hidden=\"true\">\u00a0<\/div>\r\n\r\n\r\n\r\n<div class=\"wp-block-uagb-advanced-heading uagb-block-fb75a802\">\r\n<h2 class=\"uagb-heading-text\">Bhakti Vaibhav Assessments<\/h2>\r\n<div class=\"uagb-separator\">\u00a0<\/div>\r\n<\/div>\r\n\r\n\r\n\r\n<figure class=\"wp-block-table is-style-regular\">\r\n<table class=\"has-fixed-layout\">\r\n<thead>\r\n<tr>\r\n<th>For The LEAD TEACHER<\/th>\r\n<th>For the STUDENTS<\/th>\r\n<\/tr>\r\n<\/thead>\r\n<tbody>\r\n<tr>\r\n<td>Teaching 225+ hours on all 6 cantos of SB \u2013 in one or multiple batches<br \/>Closed book assessment: One-hour tests for each of the 8 modules (3rd &amp; 4th cantos consists of 2 modules; One module each for remaining 4 cantos) \u2013 taken together of separately as per candidate\u2019s preference.<br \/>Open book essays \u2013 6000 words<br \/>Video recording of 50+ slokas with meanings<br \/>Video recording of 2 hours of Teaching<\/td>\r\n<td>Hearing 450+ hours of classes<br \/>Closed book assessment: 20000 words<br \/>(in the form of short answer or essay questions\/ Multiple Choice Questions)\u00a0<br \/>Open book essays \u2013 20000 words<br \/>Slokas for Memorization \u2013 70<br \/>Oral Presentations \u2013 4 (one hour each)<\/td>\r\n<\/tr>\r\n<\/tbody>\r\n<\/table>\r\n<\/figure>\r\n\r\n\r\n\r\n<div class=\"wp-block-spacer\" style=\"height: 100px;\" aria-hidden=\"true\">\u00a0<\/div>\r\n\r\n\r\n\r\n<div class=\"wp-block-uagb-advanced-heading uagb-block-f0292c62\">\r\n<h3 class=\"uagb-heading-text\">Registration<\/h3>\r\n<div class=\"uagb-separator\">\u00a0<\/div>\r\n<\/div>\r\n\r\n\r\n\r\n<div class=\"wp-block-buttons is-layout-flex wp-block-buttons-is-layout-flex\">\r\n<div class=\"wp-block-button aligncenter is-style-fill\"><a class=\"wp-block-button__link has-black-color has-luminous-vivid-orange-background-color has-text-color has-background wp-element-button\" href=\"https:\/\/forms.gle\/6UBJFXjvpBYQNPyj7\">Registration form<\/a><\/div>\r\n<\/div>","protected":false},"excerpt":{"rendered":"<p>Study And Teach Program I want that all of my spiritual sons and daughters inherit this title of Bhaktivedanta One who will pass this examination will be awarded with the title of Bhaktivedanta. I want that all of my spiritual sons and daughters will inherit this title of Bhaktivedanta, so that the family transcendental diploma [&hellip;]<\/p>\n","protected":false},"author":1,"featured_media":0,"parent":0,"menu_order":0,"comment_status":"closed","ping_status":"closed","template":"","meta":{"_acf_changed":false,"_et_pb_use_builder":"","_et_pb_old_content":"","_et_gb_content_width":"","_uag_custom_page_level_css":"","footnotes":"","_links_to":"","_links_to_target":""},"class_list":["post-286","page","type-page","status-publish","hentry"],"acf":[],"uagb_featured_image_src":{"full":false,"thumbnail":false,"medium":false,"medium_large":false,"large":false,"1536x1536":false,"2048x2048":false,"trp-custom-language-flag":false,"et-pb-post-main-image":false,"et-pb-post-main-image-fullwidth":false,"et-pb-portfolio-image":false,"et-pb-portfolio-module-image":false,"et-pb-portfolio-image-single":false,"et-pb-gallery-module-image-portrait":false,"et-pb-post-main-image-fullwidth-large":false,"et-pb-image--responsive--desktop":false,"et-pb-image--responsive--tablet":false,"et-pb-image--responsive--phone":false},"uagb_author_info":{"display_name":"admin","author_link":"https:\/\/iskconeducation.org\/fr\/author\/admin\/"},"uagb_comment_info":0,"uagb_excerpt":"Study And Teach Program I want that all of my spiritual sons and daughters inherit this title of Bhaktivedanta One who will pass this examination will be awarded with the title of Bhaktivedanta. I want that all of my spiritual sons and daughters will inherit this title of Bhaktivedanta, so that the family transcendental diploma\u2026","_links":{"self":[{"href":"https:\/\/iskconeducation.org\/fr\/wp-json\/wp\/v2\/pages\/286","targetHints":{"allow":["GET"]}}],"collection":[{"href":"https:\/\/iskconeducation.org\/fr\/wp-json\/wp\/v2\/pages"}],"about":[{"href":"https:\/\/iskconeducation.org\/fr\/wp-json\/wp\/v2\/types\/page"}],"author":[{"embeddable":true,"href":"https:\/\/iskconeducation.org\/fr\/wp-json\/wp\/v2\/users\/1"}],"replies":[{"embeddable":true,"href":"https:\/\/iskconeducation.org\/fr\/wp-json\/wp\/v2\/comments?post=286"}],"version-history":[{"count":6,"href":"https:\/\/iskconeducation.org\/fr\/wp-json\/wp\/v2\/pages\/286\/revisions"}],"predecessor-version":[{"id":29635,"href":"https:\/\/iskconeducation.org\/fr\/wp-json\/wp\/v2\/pages\/286\/revisions\/29635"}],"wp:attachment":[{"href":"https:\/\/iskconeducation.org\/fr\/wp-json\/wp\/v2\/media?parent=286"}],"curies":[{"name":"wp","href":"https:\/\/api.w.org\/{rel}","templated":true}]}}