{"id":29970,"date":"2025-01-13T04:16:45","date_gmt":"2025-01-13T04:16:45","guid":{"rendered":"https:\/\/iskconeducation.org\/?page_id=29970"},"modified":"2026-01-16T14:59:45","modified_gmt":"2026-01-16T14:59:45","slug":"statistics","status":"publish","type":"page","link":"https:\/\/iskconeducation.org\/fr\/statistics\/","title":{"rendered":"Statistiques"},"content":{"rendered":"<p class=\"has-text-align-center\">Vous trouverez ci-dessous les donn\u00e9es de tous les certificats num\u00e9riques des enseignants et Sastriques d\u00e9livr\u00e9s par le conseil des examens de l'ISKCON.<\/p>\n\n\n\n<div style=\"height:49px\" aria-hidden=\"true\" class=\"wp-block-spacer\"><\/div>\n\n\n\n<h2 class=\"wp-block-heading\">Toutes les ann\u00e9es<\/h2>\n\n\n\n<figure class=\"wp-block-table\"><table><thead><tr><th>Ann\u00e9e<\/th><th>Bhakti Sastri<\/th><th>Bhakti Vaibhava<\/th><th>Bhakti Vedanta<\/th><th>Certificats des Enseignants<\/th><\/tr><\/thead><tbody><tr><td><strong>2025<\/strong><\/td><td>4344<\/td><td>439<\/td><td>21<\/td><td>163<\/td><\/tr><tr><td><strong>2024<\/strong><\/td><td>4304<\/td><td>210<\/td><td>42<\/td><td>127<\/td><\/tr><tr><td><strong>2023<\/strong><\/td><td>3531<\/td><td>226<\/td><td>1<\/td><td>33<\/td><\/tr><tr><td><strong>2022<\/strong><\/td><td>1828<\/td><td>6<\/td><td>0<\/td><td>15<\/td><\/tr><tr><td><strong>2021<\/strong><\/td><td>223<\/td><td>0<\/td><td>0<\/td><td>0<\/td><\/tr><\/tbody><tfoot><tr><td><strong>TOTAL<\/strong><\/td><td><strong>9886<\/strong><\/td><td><strong>442<\/strong><\/td><td><strong>43<\/strong><\/td><td><strong>175<\/strong><\/td><\/tr><\/tfoot><\/table><\/figure>\n\n\n\n<div style=\"height:48px\" aria-hidden=\"true\" class=\"wp-block-spacer\"><\/div>\n\n\n\n<h2 class=\"wp-block-heading\">2025<\/h2>\n\n\n\n<figure class=\"wp-block-table\"><table><thead><tr><th>Mois<\/th><th>Bhakti Sastri<\/th><th>Bhakti Vaibhava<\/th><th>Bhakti Vedanta<\/th><th>Certificats des Enseignants<\/th><th>Nouveaux centres<\/th><\/tr><\/thead><tbody><tr><td><strong>Janvier<\/strong><\/td><td>196<\/td><td>2<\/td><td>3<\/td><td>50<\/td><td>2<\/td><\/tr><tr><td><strong>F\u00e9vrier<\/strong><\/td><td>350<\/td><td>118<\/td><td>2<\/td><td>1<\/td><td>1<\/td><\/tr><tr><td><strong>Mars<\/strong><\/td><td>412<\/td><td>0<\/td><td>1<\/td><td>0<\/td><td>3<\/td><\/tr><tr><td><strong>Avril<\/strong><\/td><td>422<\/td><td>59<\/td><td>9<\/td><td>11<\/td><td>0<\/td><\/tr><tr><td><strong>Mai<\/strong><\/td><td>268<\/td><td>79<\/td><td>2<\/td><td>38<\/td><td>3<\/td><\/tr><tr><td><strong>Juin<\/strong><\/td><td>336<\/td><td>20<\/td><td>0<\/td><td>13<\/td><td>3<\/td><\/tr><tr><td><strong>Juillet<\/strong><\/td><td>398<\/td><td>118<\/td><td>0<\/td><td>0<\/td><td>2<\/td><\/tr><tr><td><strong>Ao\u00fbt<\/strong><\/td><td>493<\/td><td>16<\/td><td>1<\/td><td>1<\/td><td>0<\/td><\/tr><tr><td><strong>Septembre<\/strong><\/td><td>610<\/td><td>4<\/td><td>0<\/td><td>0<\/td><td>0<\/td><\/tr><tr><td><strong>Octobre<\/strong><\/td><td>242<\/td><td>1<\/td><td>0<\/td><td>25<\/td><td>1<\/td><\/tr><tr><td><strong>Novembre<\/strong><\/td><td>354<\/td><td>5<\/td><td>2<\/td><td>0<\/td><td>1<\/td><\/tr><tr><td><strong>D\u00e9cembre<\/strong><\/td><td>263<\/td><td>17<\/td><td>1<\/td><td>24<\/td><td>3<\/td><\/tr><\/tbody><\/table><\/figure>\n\n\n\n<p><strong>New Centers &#8211; 2025<\/strong><\/p>\n\n\n\n<p>Bhakti Sastri: 19 new centers<\/p>\n\n\n\n<p>Bhakti Vaibhava: 8 new centers<\/p>\n\n\n\n<p>Bhakti Vedanta: 1 new center<\/p>\n\n\n\n<p>Certificats des enseignants : 3 nouveaux centres<\/p>\n\n\n\n<div style=\"height:48px\" aria-hidden=\"true\" class=\"wp-block-spacer\"><\/div>\n\n\n\n<h2 class=\"wp-block-heading\">2024<\/h2>\n\n\n\n<figure class=\"wp-block-table\"><table><thead><tr><th>Mois<\/th><th>Bhakti Sastri<\/th><th>Bhakti Vaibhava<\/th><th>Bhakti Vedanta<\/th><th>Certificats des Enseignants<\/th><th>Nouveaux centres<\/th><\/tr><\/thead><tbody><tr><td><strong>Janvier<\/strong><\/td><td>142<\/td><td>0<\/td><td>0<\/td><td>0<\/td><td>0<\/td><\/tr><tr><td><strong>F\u00e9vrier<\/strong><\/td><td>410<\/td><td>1<\/td><td>1<\/td><td>0<\/td><td>1<\/td><\/tr><tr><td><strong>Mars<\/strong><\/td><td>974<\/td><td>25<\/td><td>10<\/td><td>0<\/td><td>1<\/td><\/tr><tr><td><strong>Avril<\/strong><\/td><td>400<\/td><td>24<\/td><td>0<\/td><td>22<\/td><td>0<\/td><\/tr><tr><td><strong>Mai<\/strong><\/td><td>324<\/td><td>5<\/td><td>0<\/td><td>18<\/td><td>2<\/td><\/tr><tr><td><strong>Juin<\/strong><\/td><td>117<\/td><td>29<\/td><td>0<\/td><td>20<\/td><td>0<\/td><\/tr><tr><td><strong>Juillet<\/strong><\/td><td>398<\/td><td>53<\/td><td>0<\/td><td>7<\/td><td>3<\/td><\/tr><tr><td><strong>Ao\u00fbt<\/strong><\/td><td>381<\/td><td>9<\/td><td>1<\/td><td>1<\/td><td>2<\/td><\/tr><tr><td><strong>Septembre<\/strong><\/td><td>204<\/td><td>0<\/td><td>1<\/td><td>29<\/td><td>1<\/td><\/tr><tr><td><strong>Octobre<\/strong><\/td><td>361<\/td><td>23<\/td><td>0<\/td><td>2<\/td><td>0<\/td><\/tr><tr><td><strong>Novembre<\/strong><\/td><td>300<\/td><td>16<\/td><td>0<\/td><td>0<\/td><td>1<\/td><\/tr><tr><td><strong>D\u00e9cembre<\/strong><\/td><td>311<\/td><td>25<\/td><td>29<\/td><td>0<\/td><td>1<\/td><\/tr><\/tbody><tfoot><tr><td><strong>TOTAL<\/strong><\/td><td><strong>4304<\/strong><\/td><td><strong>210<\/strong><\/td><td><strong>42<\/strong><\/td><td><strong>127<\/strong><\/td><td><strong>12<\/strong><\/td><\/tr><\/tfoot><\/table><\/figure>\n\n\n\n<p><strong>Nouveaux centres - 2024<\/strong><\/p>\n\n\n\n<p>Bhakti Sastri: 12 nouveaux centres<\/p>\n\n\n\n<p>Bhakti Vaibhava: 3 nouveaux centres<\/p>\n\n\n\n<p>Bhakti Vedanta: 2 nouveaux centres<\/p>\n\n\n\n<p>Certificats des enseignants : 3 nouveaux centres<\/p>\n\n\n\n<div style=\"height:37px\" aria-hidden=\"true\" class=\"wp-block-spacer\"><\/div>\n\n\n\n<h2 class=\"wp-block-heading\">2023<\/h2>\n\n\n\n<figure class=\"wp-block-table\"><table><thead><tr><th>Mois<\/th><th>Bhakti Sastri<\/th><th>Bhakti Vaibhava<\/th><th>Bhakti Vedanta<\/th><th>Certificats des Enseignants<\/th><\/tr><\/thead><tbody><tr><td><strong>Janvier<\/strong><\/td><td>124<\/td><td>0<\/td><td>0<\/td><td>28<\/td><\/tr><tr><td><strong>F\u00e9vrier<\/strong><\/td><td>321<\/td><td>99<\/td><td>0<\/td><td>0<\/td><\/tr><tr><td><strong>Mars<\/strong><\/td><td>418<\/td><td>3<\/td><td>0<\/td><td>0<\/td><\/tr><tr><td><strong>Avril<\/strong><\/td><td>144<\/td><td>1<\/td><td>0<\/td><td>0<\/td><\/tr><tr><td><strong>Mai<\/strong><\/td><td>383<\/td><td>1<\/td><td>0<\/td><td>0<\/td><\/tr><tr><td><strong>Juin<\/strong><\/td><td>273<\/td><td>22<\/td><td>0<\/td><td>0<\/td><\/tr><tr><td><strong>Juillet<\/strong><\/td><td>176<\/td><td>49<\/td><td>0<\/td><td>0<\/td><\/tr><tr><td><strong>Ao\u00fbt<\/strong><\/td><td>309<\/td><td>22<\/td><td>0<\/td><td>0<\/td><\/tr><tr><td><strong>Septembre<\/strong><\/td><td>268<\/td><td>3<\/td><td>0<\/td><td>33<\/td><\/tr><tr><td><strong>Octobre<\/strong><\/td><td>100<\/td><td>0<\/td><td>1<\/td><td>0<\/td><\/tr><tr><td><strong>Novembre<\/strong><\/td><td>413<\/td><td>17<\/td><td>0<\/td><td>0<\/td><\/tr><tr><td><strong>D\u00e9cembre<\/strong><\/td><td>283<\/td><td>9<\/td><td>0<\/td><td>0<\/td><\/tr><\/tbody><tfoot><tr><td><strong>TOTAL<\/strong><\/td><td>3212<\/td><td>226<\/td><td>1<\/td><td>61<\/td><\/tr><\/tfoot><\/table><\/figure>\n\n\n\n<div style=\"height:37px\" aria-hidden=\"true\" class=\"wp-block-spacer\"><\/div>\n\n\n\n<h2 class=\"wp-block-heading\">2022<\/h2>\n\n\n\n<figure class=\"wp-block-table\"><table><thead><tr><th>Mois<\/th><th>Bhakti Sastri<\/th><th>Bhakti Vaibhava<\/th><th>Bhakti Vedanta<\/th><th>Certificats des Enseignants<\/th><\/tr><\/thead><tbody><tr><td><strong>Janvier<\/strong><\/td><td>31<\/td><td>0<\/td><td>0<\/td><td>0<\/td><\/tr><tr><td><strong>F\u00e9vrier<\/strong><\/td><td>90<\/td><td>0<\/td><td>0<\/td><td>0<\/td><\/tr><tr><td><strong>Mars<\/strong><\/td><td>75<\/td><td>0<\/td><td>0<\/td><td>12<\/td><\/tr><tr><td><strong>Avril<\/strong><\/td><td>49<\/td><td>3<\/td><td>0<\/td><td>2<\/td><\/tr><tr><td><strong>Mai<\/strong><\/td><td>131<\/td><td>0<\/td><td>0<\/td><td>1<\/td><\/tr><tr><td><strong>Juin<\/strong><\/td><td>344<\/td><td>0<\/td><td>0<\/td><td>0<\/td><\/tr><tr><td><strong>Juillet<\/strong><\/td><td>504<\/td><td>1<\/td><td>0<\/td><td>0<\/td><\/tr><tr><td><strong>Ao\u00fbt<\/strong><\/td><td>168<\/td><td>0<\/td><td>0<\/td><td>0<\/td><\/tr><tr><td><strong>Septembre<\/strong><\/td><td>185<\/td><td>1<\/td><td>0<\/td><td>0<\/td><\/tr><tr><td><strong>Octobre<\/strong><\/td><td>82<\/td><td>0<\/td><td>0<\/td><td>0<\/td><\/tr><tr><td><strong>Novembre<\/strong><\/td><td>98<\/td><td>0<\/td><td>0<\/td><td>0<\/td><\/tr><tr><td><strong>D\u00e9cembre<\/strong><\/td><td>68<\/td><td>0<\/td><td>0<\/td><td>0<\/td><\/tr><\/tbody><tfoot><tr><td><strong>TOTAL<\/strong><\/td><td>1825<\/td><td>4<\/td><td>0<\/td><td>15<\/td><\/tr><\/tfoot><\/table><\/figure>","protected":false},"excerpt":{"rendered":"<p>Below you will find the data for all digital Sastric and Teachers Certificates issued by the ISKCON Board of Examinations. All Years Year Bhakti Sastri Bhakti Vaibhava Bhakti Vedanta Teachers Certificate 2025 4344 439 21 163 2024 4304 210 42 127 2023 3531 226 1 33 2022 1828 6 0 15 2021 223 0 0 [&hellip;]<\/p>\n","protected":false},"author":1,"featured_media":0,"parent":0,"menu_order":0,"comment_status":"closed","ping_status":"closed","template":"","meta":{"_acf_changed":false,"_et_pb_use_builder":"off","_et_pb_old_content":"<!-- wp:paragraph {\"align\":\"center\"} -->\n<p class=\"has-text-align-center\">Below you will find the data for all digital Sastric and Teachers Certificates issued across the years, as well as a month-by-month breakdown of 2024.<\/p>\n<!-- \/wp:paragraph -->\n\n<!-- wp:spacer {\"height\":\"49px\"} -->\n<div style=\"height:49px\" aria-hidden=\"true\" class=\"wp-block-spacer\"><\/div>\n<!-- \/wp:spacer -->\n\n<!-- wp:heading -->\n<h2 class=\"wp-block-heading\">All Years<\/h2>\n<!-- \/wp:heading -->\n\n<!-- wp:table {\"hasFixedLayout\":false} -->\n<figure class=\"wp-block-table\"><table><thead><tr><th>Year<\/th><th>Bhakti Sastri<\/th><th>Bhakti Vaibhava<\/th><th>Bhakti Vedanta<\/th><th>Teachers Certificate<\/th><\/tr><\/thead><tbody><tr><td><strong>2024<\/strong><\/td><td>4304<\/td><td>210<\/td><td>42<\/td><td>127<\/td><\/tr><tr><td><strong>2023<\/strong><\/td><td>3531<\/td><td>226<\/td><td>1<\/td><td>33<\/td><\/tr><tr><td><strong>2022<\/strong><\/td><td>1828<\/td><td>6<\/td><td>0<\/td><td>15<\/td><\/tr><tr><td><strong>2021<\/strong><\/td><td>223<\/td><td>0<\/td><td>0<\/td><td>0<\/td><\/tr><\/tbody><tfoot><tr><td><strong>TOTAL<\/strong><\/td><td><strong>9886<\/strong><\/td><td><strong>442<\/strong><\/td><td><strong>43<\/strong><\/td><td><strong>175<\/strong><\/td><\/tr><\/tfoot><\/table><\/figure>\n<!-- \/wp:table -->\n\n<!-- wp:spacer {\"height\":\"48px\"} -->\n<div style=\"height:48px\" aria-hidden=\"true\" class=\"wp-block-spacer\"><\/div>\n<!-- \/wp:spacer -->\n\n<!-- wp:heading -->\n<h2 class=\"wp-block-heading\">2024<\/h2>\n<!-- \/wp:heading -->\n\n<!-- wp:table {\"hasFixedLayout\":false} -->\n<figure class=\"wp-block-table\"><table><thead><tr><th>Month<\/th><th>Bhakti Sastri<\/th><th>Bhakti Vaibhava<\/th><th>Bhakti Vedanta<\/th><th>Teachers Certificate<\/th><\/tr><\/thead><tbody><tr><td><strong>January<\/strong><\/td><td>124<\/td><td>0<\/td><td>0<\/td><td>28<\/td><\/tr><tr><td><strong>February<\/strong><\/td><td>410<\/td><td>1<\/td><td>1<\/td><td>0<\/td><\/tr><tr><td><strong>March<\/strong><\/td><td>974<\/td><td>25<\/td><td>10<\/td><td>0<\/td><\/tr><tr><td><strong>April<\/strong><\/td><td>400<\/td><td>24<\/td><td>0<\/td><td>22<\/td><\/tr><tr><td><strong>May<\/strong><\/td><td>324<\/td><td>5<\/td><td>0<\/td><td>18<\/td><\/tr><tr><td><strong>June<\/strong><\/td><td>117<\/td><td>29<\/td><td>0<\/td><td>20<\/td><\/tr><tr><td><strong>July<\/strong><\/td><td>398<\/td><td>53<\/td><td>0<\/td><td>7<\/td><\/tr><tr><td><strong>August<\/strong><\/td><td>381<\/td><td>9<\/td><td>1<\/td><td>1<\/td><\/tr><tr><td><strong>September<\/strong><\/td><td>204<\/td><td>0<\/td><td>1<\/td><td>29<\/td><\/tr><tr><td><strong>October<\/strong><\/td><td>361<\/td><td>23<\/td><td>0<\/td><td>2<\/td><\/tr><tr><td><strong>November<\/strong><\/td><td>300<\/td><td>16<\/td><td>0<\/td><td>0<\/td><\/tr><tr><td><strong>December<\/strong><\/td><td>311<\/td><td>25<\/td><td>29<\/td><td>0<\/td><\/tr><\/tbody><tfoot><tr><td><strong>TOTAL<\/strong><\/td><td><strong>4304<\/strong><\/td><td><strong>210<\/strong><\/td><td><strong>42<\/strong><\/td><td><strong>127<\/strong><\/td><\/tr><\/tfoot><\/table><\/figure>\n<!-- \/wp:table -->\n\n<!-- wp:spacer {\"height\":\"37px\"} -->\n<div style=\"height:37px\" aria-hidden=\"true\" class=\"wp-block-spacer\"><\/div>\n<!-- \/wp:spacer -->\n\n<!-- wp:paragraph -->\n<p><strong>New Centers - 2024<\/strong><\/p>\n<!-- \/wp:paragraph -->\n\n<!-- wp:paragraph -->\n<p>Bhakti Sastri: 12 new centers<\/p>\n<!-- \/wp:paragraph -->\n\n<!-- wp:paragraph -->\n<p>Bhakti Vaibhava: 3 new centers<\/p>\n<!-- \/wp:paragraph -->\n\n<!-- wp:paragraph -->\n<p>Bhakti Vedanta: 2 new centers<\/p>\n<!-- \/wp:paragraph -->\n\n<!-- wp:paragraph -->\n<p>Teachers Certificate: 3 new centers<\/p>\n<!-- \/wp:paragraph -->","_et_gb_content_width":"","_uag_custom_page_level_css":"","footnotes":"","_links_to":"","_links_to_target":""},"class_list":["post-29970","page","type-page","status-publish","hentry"],"acf":[],"uagb_featured_image_src":{"full":false,"thumbnail":false,"medium":false,"medium_large":false,"large":false,"1536x1536":false,"2048x2048":false,"trp-custom-language-flag":false,"et-pb-post-main-image":false,"et-pb-post-main-image-fullwidth":false,"et-pb-portfolio-image":false,"et-pb-portfolio-module-image":false,"et-pb-portfolio-image-single":false,"et-pb-gallery-module-image-portrait":false,"et-pb-post-main-image-fullwidth-large":false,"et-pb-image--responsive--desktop":false,"et-pb-image--responsive--tablet":false,"et-pb-image--responsive--phone":false},"uagb_author_info":{"display_name":"admin","author_link":"https:\/\/iskconeducation.org\/fr\/author\/admin\/"},"uagb_comment_info":0,"uagb_excerpt":"Below you will find the data for all digital Sastric and Teachers Certificates issued by the ISKCON Board of Examinations. All Years Year Bhakti Sastri Bhakti Vaibhava Bhakti Vedanta Teachers Certificate 2025 4344 439 21 163 2024 4304 210 42 127 2023 3531 226 1 33 2022 1828 6 0 15 2021 223 0 0\u2026","_links":{"self":[{"href":"https:\/\/iskconeducation.org\/fr\/wp-json\/wp\/v2\/pages\/29970","targetHints":{"allow":["GET"]}}],"collection":[{"href":"https:\/\/iskconeducation.org\/fr\/wp-json\/wp\/v2\/pages"}],"about":[{"href":"https:\/\/iskconeducation.org\/fr\/wp-json\/wp\/v2\/types\/page"}],"author":[{"embeddable":true,"href":"https:\/\/iskconeducation.org\/fr\/wp-json\/wp\/v2\/users\/1"}],"replies":[{"embeddable":true,"href":"https:\/\/iskconeducation.org\/fr\/wp-json\/wp\/v2\/comments?post=29970"}],"version-history":[{"count":31,"href":"https:\/\/iskconeducation.org\/fr\/wp-json\/wp\/v2\/pages\/29970\/revisions"}],"predecessor-version":[{"id":32834,"href":"https:\/\/iskconeducation.org\/fr\/wp-json\/wp\/v2\/pages\/29970\/revisions\/32834"}],"wp:attachment":[{"href":"https:\/\/iskconeducation.org\/fr\/wp-json\/wp\/v2\/media?parent=29970"}],"curies":[{"name":"wp","href":"https:\/\/api.w.org\/{rel}","templated":true}]}}