{"id":30397,"date":"2025-01-23T09:46:20","date_gmt":"2025-01-23T09:46:20","guid":{"rendered":"https:\/\/iskconeducation.org\/?page_id=30397"},"modified":"2025-02-06T09:34:55","modified_gmt":"2025-02-06T09:34:55","slug":"his-divine-grace-a-c-bhaktivedanta-swami-srila-prabhupada","status":"publish","type":"page","link":"https:\/\/iskconeducation.org\/fr\/his-divine-grace-a-c-bhaktivedanta-swami-srila-prabhupada\/","title":{"rendered":"Sa divine Gr\u00e2ce"},"content":{"rendered":"<h2 class=\"wp-block-heading has-text-align-center\">A.C. Bhaktivedanta Swami Srila Prabhupada<\/h2>\n\n\n\n<div style=\"height:20px\" aria-hidden=\"true\" class=\"wp-block-spacer\"><\/div>\n\n\n\n<h3 class=\"wp-block-heading has-text-align-center\"><em>Acharya fondateur de la Soci\u00e9t\u00e9 Internationale pour la Conscience de Krishna<\/em><\/h3>\n\n\n\n<div style=\"height:31px\" aria-hidden=\"true\" class=\"wp-block-spacer\"><\/div>\n\n\n\n<figure class=\"wp-block-image aligncenter size-large is-resized\"><img loading=\"lazy\" decoding=\"async\" width=\"1024\" height=\"687\" src=\"https:\/\/iskconeducation.org\/wp-content\/uploads\/2025\/01\/prabhupada-1-1024x687.jpeg\" alt=\"\" class=\"wp-image-30400\" style=\"width:411px;height:auto\" srcset=\"https:\/\/iskconeducation.org\/wp-content\/uploads\/2025\/01\/prabhupada-1-1024x687.jpeg 1024w, https:\/\/iskconeducation.org\/wp-content\/uploads\/2025\/01\/prabhupada-1-980x657.jpeg 980w, https:\/\/iskconeducation.org\/wp-content\/uploads\/2025\/01\/prabhupada-1-480x322.jpeg 480w\" sizes=\"(min-width: 0px) and (max-width: 480px) 480px, (min-width: 481px) and (max-width: 980px) 980px, (min-width: 981px) 1024px, 100vw\" \/><\/figure>\n\n\n\n<div style=\"height:31px\" aria-hidden=\"true\" class=\"wp-block-spacer\"><\/div>\n\n\n\n<p>Pendant des mill\u00e9naires, les enseignements et la riche culture du bhakti-yoga, ou conscience de Krishna, sont rest\u00e9s cach\u00e9s \u00e0 l'int\u00e9rieur des fronti\u00e8res de l'Inde. Aujourd'hui, des millions de personnes \u00e0 travers le monde expriment leur gratitude \u00e0 Srila Prabhupada pour avoir r\u00e9v\u00e9l\u00e9 la sagesse intemporelle de la bhakti au monde.<\/p>\n\n\n\n<p>N\u00e9 sous le nom d'Abhay Charan De le 1er septembre 1896 \u00e0 Calcutta, il rejoignit tr\u00e8s jeune le mouvement de d\u00e9sob\u00e9issance civile du Mahatma Gandhi. En 1922, sa rencontre avec l'\u00e9minent \u00e9rudit et guide spirituel Srila Bhaktisiddhanta Sarasvati s'av\u00e9ra d\u00e9terminante pour la future vocation du jeune Abhay.<\/p>\n\n\n\n<p>Srila Bhaktisiddhanta \u00e9tait un leader de la communaut\u00e9 Gaudiya Vaishnava , une tradition monoth\u00e9iste au sein de la culture hindoue. D\u00e8s leur premi\u00e8re rencontre, Srila Bhaktisiddhanta demanda \u00e0 Abhay de transmettre les enseignements du Seigneur Krishna au monde anglophone. Profond\u00e9ment touch\u00e9 par sa d\u00e9votion et sa sagesse, Abhay devint disciple de Srila Bhaktisiddhanta en 1933 et d\u00e9cida d'acc\u00e9der \u00e0 la requ\u00eate de son mentor. Abhay, plus tard connu sous le titre honorifique A.C. Bhaktivedanta Swami Prabhupada, passa les 32 ann\u00e9es suivantes \u00e0 pr\u00e9parer son voyage vers l'Ouest.<\/p>\n\n\n\n<p>En 1965, \u00e0 l'\u00e2ge de soixante-neuf ans, Srila Prabhupada demanda un passage gratuit et embarqua sur le Jaladhuta, un cargo \u00e0 destination de New York. Le voyage se r\u00e9v\u00e9la p\u00e9rilleux et il fut victime de deux crises cardiaques \u00e0 bord. Apr\u00e8s 35 jours de mer, il arriva sur un quai isol\u00e9 de Brooklyn avec seulement sept dollars en roupies indiennes et une caisse contenant ses traductions de textes sacr\u00e9s en sanskrit.<\/p>\n\n\n\n<p>\u00c0 New York, il affronta de grandes difficult\u00e9s et commen\u00e7a humblement sa mission en donnant des cours sur la Bhagavad-gita dans des lofts de Bowery et en dirigeant des kirtans (chants d\u00e9votionnels traditionnels) \u00e0 Tompkins Square Park. Son message de paix et de bienveillance trouva un \u00e9cho aupr\u00e8s de nombreux jeunes, dont certains se lanc\u00e8rent dans l'\u00e9tude approfondie de la tradition Krishna-bhakti. Gr\u00e2ce \u00e0 leur aide, Bhaktivedanta Swami loua une petite boutique dans le Lower East Side de New York pour y installer un temple.<\/p>\n\n\n\n<p>En juillet 1966, Bhaktivedanta Swami fonda la Soci\u00e9t\u00e9 internationale pour la conscience de Krishna (ISKCON) dans le but, selon lui, de \u00ab freiner le d\u00e9s\u00e9quilibre des valeurs dans le monde et \u0153uvrer pour une unit\u00e9 et une paix r\u00e9elles \u00bb.<\/p>\n\n\n\n<p>Au cours des onze ann\u00e9es qui suivirent, Srila Prabhupada fit 14 fois le tour du monde pour diffuser les enseignements du Seigneur Krishna. Des hommes et des femmes de tous horizons et de tous milieux accept\u00e8rent son message. Gr\u00e2ce \u00e0 leur aide, Srila Prabhupada fonda des temples, des communaut\u00e9s agricoles, une maison d'\u00e9dition et des \u00e9tablissements d'enseignement dans le monde entier. Il lan\u00e7a \u00e9galement ce qui est aujourd'hui devenu le plus grand programme d'aide alimentaire v\u00e9g\u00e9tarienne au monde : Hare Krishna Food for Life.<\/p>\n\n\n\n<p>D\u00e9sireux de nourrir les racines de la conscience de Krishna dans son pays natal, Srila Prabhupada retourna plusieurs fois en Inde, o\u00f9 il suscita un renouveau de la tradition vaishnava. Il y ouvrit des dizaines de temples, dont de grands centres dans les villes saintes de Vrindavana et Mayapura.<\/p>\n\n\n\n<p>Les contributions les plus significatives de Srila Prabhupada sont peut-\u00eatre ses livres. Il est l'auteur de plus de 70 volumes sur la tradition de Krishna, hautement respect\u00e9s par les \u00e9rudits pour leur autorit\u00e9, leur profondeur, leur fid\u00e9lit\u00e9 \u00e0 la tradition et leur clart\u00e9. Plusieurs de ses ouvrages sont utilis\u00e9s comme manuels dans de nombreux cours universitaires. Ses \u00e9crits ont \u00e9t\u00e9 traduits en 76 langues. Parmi ses \u0153uvres les plus marquantes figurent : la Bhagavad-gita telle qu'elle est, le Srimad-Bhagavatam en 30 volumes et le Sri Caitanya-caritamrita en 17 volumes.<\/p>\n\n\n\n<p>A.C. Bhaktivedanta Swami Srila Prabhupada quitta la plan\u00e8te le 14 novembre 1977, dans la ville sainte de Vrindavana, entour\u00e9 de ses disciples aimants qui poursuivent aujourd'hui sa mission.<\/p>","protected":false},"excerpt":{"rendered":"<p>A.C. Bhaktivedanta Swami Srila Prabhupada Founder Acharya of the International Society for Krishna Consciousness For millennia the teachings and the rich culture of bhakti-yoga, or Krishna Consciousness, had been hidden within the borders of India. Today, millions around the globe express their gratitude to Srila Prabhupada for revealing the timeless wisdom of bhakti to a [&hellip;]<\/p>\n","protected":false},"author":1,"featured_media":0,"parent":0,"menu_order":0,"comment_status":"closed","ping_status":"closed","template":"","meta":{"_acf_changed":false,"_et_pb_use_builder":"off","_et_pb_old_content":"","_et_gb_content_width":"","_uag_custom_page_level_css":"","footnotes":"","_links_to":"","_links_to_target":""},"class_list":["post-30397","page","type-page","status-publish","hentry"],"acf":[],"uagb_featured_image_src":{"full":false,"thumbnail":false,"medium":false,"medium_large":false,"large":false,"1536x1536":false,"2048x2048":false,"trp-custom-language-flag":false,"et-pb-post-main-image":false,"et-pb-post-main-image-fullwidth":false,"et-pb-portfolio-image":false,"et-pb-portfolio-module-image":false,"et-pb-portfolio-image-single":false,"et-pb-gallery-module-image-portrait":false,"et-pb-post-main-image-fullwidth-large":false,"et-pb-image--responsive--desktop":false,"et-pb-image--responsive--tablet":false,"et-pb-image--responsive--phone":false},"uagb_author_info":{"display_name":"admin","author_link":"https:\/\/iskconeducation.org\/fr\/author\/admin\/"},"uagb_comment_info":0,"uagb_excerpt":"A.C. Bhaktivedanta Swami Srila Prabhupada Founder Acharya of the International Society for Krishna Consciousness For millennia the teachings and the rich culture of bhakti-yoga, or Krishna Consciousness, had been hidden within the borders of India. Today, millions around the globe express their gratitude to Srila Prabhupada for revealing the timeless wisdom of bhakti to a\u2026","_links":{"self":[{"href":"https:\/\/iskconeducation.org\/fr\/wp-json\/wp\/v2\/pages\/30397","targetHints":{"allow":["GET"]}}],"collection":[{"href":"https:\/\/iskconeducation.org\/fr\/wp-json\/wp\/v2\/pages"}],"about":[{"href":"https:\/\/iskconeducation.org\/fr\/wp-json\/wp\/v2\/types\/page"}],"author":[{"embeddable":true,"href":"https:\/\/iskconeducation.org\/fr\/wp-json\/wp\/v2\/users\/1"}],"replies":[{"embeddable":true,"href":"https:\/\/iskconeducation.org\/fr\/wp-json\/wp\/v2\/comments?post=30397"}],"version-history":[{"count":11,"href":"https:\/\/iskconeducation.org\/fr\/wp-json\/wp\/v2\/pages\/30397\/revisions"}],"predecessor-version":[{"id":30864,"href":"https:\/\/iskconeducation.org\/fr\/wp-json\/wp\/v2\/pages\/30397\/revisions\/30864"}],"wp:attachment":[{"href":"https:\/\/iskconeducation.org\/fr\/wp-json\/wp\/v2\/media?parent=30397"}],"curies":[{"name":"wp","href":"https:\/\/api.w.org\/{rel}","templated":true}]}}