{"id":31731,"date":"2025-05-10T08:24:17","date_gmt":"2025-05-10T08:24:17","guid":{"rendered":"https:\/\/iskconeducation.org\/?page_id=31731"},"modified":"2025-05-14T10:02:23","modified_gmt":"2025-05-14T10:02:23","slug":"gbc-resolution","status":"publish","type":"page","link":"https:\/\/iskconeducation.org\/fr\/gbc-resolution\/","title":{"rendered":"Cours du Disciple dans l'ISKCON - Aper\u00e7u"},"content":{"rendered":"<ul class=\"wp-block-list\">\n<li class=\"has-black-color has-text-color has-link-color wp-elements-cf7d7aeaab6be6aaacb2fd5eb78182a7\"><a href=\"#1\" data-type=\"internal\" data-id=\"#1\"><strong>R\u00e9solution du G.B.C. au sujet des Cours du disciple dans l'ISKCON<\/strong><\/a><\/li>\n\n\n\n<li class=\"has-black-color has-text-color has-link-color wp-elements-1fdc4f29459e8cd137e612ee1461a2d0\"><strong><a href=\"#2\">Description des cours du disciple dans l'ISKCON<\/a><\/strong><\/li>\n<\/ul>\n\n\n\n<img decoding=\"async\" class=\"no-border\" src=\"https:\/\/iskconeducation.org\/wp-content\/uploads\/2025\/02\/6KpMgZO-Imgur-e1738834009530.png\" alt=\"\" align=\"middle\" style=\"text-align: center; font-size: 16px; width: 912px;\" \/><\/p>\n\n\n\n<div style=\"height:27px\" aria-hidden=\"true\" class=\"wp-block-spacer\"><\/div>\n\n\n\n<h2 class=\"wp-block-heading has-text-align-center\" id=\"1\"><strong>R\u00e9solution du G.B.C. au sujet des Cours du disciple dans l'ISKCON<\/strong><\/h2>\n\n\n\n<p>&nbsp;Le Cours du Disciple dans l'ISKCON, tel qu'\u00e9labor\u00e9 par le Comit\u00e9 des Services aux ma\u00eetres spirituels du GBC, sera un pr\u00e9requis obligatoire pour tous les d\u00e9vots acceptant la premi\u00e8re ou la deuxi\u00e8me initiation par un ma\u00eetre s\u00eerituel de l'ISKCON, \u00e0 compter de Janmastami 2015. Apr\u00e8s cette date, aucun ma\u00eetre spirituel ne pourra initier un disciple n'ayant pas pr\u00e9alablement suivi le Cours du Disciple. Ceci s'ajoute aux exigences actuelles pour les nouveaux initi\u00e9s.<\/p>\n\n\n\n<p>En outre, tous les membres du GBC et les pr\u00e9sidents de temple doivent s'assurer que dans leurs domaines d'autorit\u00e9 respectifs, au plus tard pour Janmastami 2015 :<\/p>\n\n\n\n<ul class=\"wp-block-list\">\n<li>Les d\u00e9vots seront conseill\u00e9s et encourag\u00e9s \u00e0 terminer le cours du disciple avant de choisir un diksa-guru<\/li>\n\n\n\n<li>Les d\u00e9vots auront un acc\u00e8s raisonnable pour s'inscrire au cours du disciple<\/li>\n\n\n\n<li>Un nombre suffisant d'enseignants doit \u00eatre identifi\u00e9 et habilit\u00e9 \u00e0 enseigner le cours<\/li>\n\n\n\n<li>Aucun d\u00e9vot ne sera autoris\u00e9 \u00e0 accepter l'initiation avant d'avoir termin\u00e9 le cours (sous r\u00e9serve des exemptions ci-dessous)<\/li>\n<\/ul>\n\n\n\n<p><strong>Les enseignants\/animateurs du cours du Disciple dans l'ISKCON doivent :<\/strong><\/p>\n\n\n\n<ol class=\"wp-block-list\">\n<li>Be initiated for at least 5 years<\/li>\n\n\n\n<li>Avoir termin\u00e9 le cours du Disciple dans l'ISKCON<\/li>\n\n\n\n<li>\u00catre recommand\u00e9 par leur animateur du cours du Disciple<\/li>\n\n\n\n<li>Avoir termin\u00e9 le cours de formation des enseignants VTE 1 (TTC1)* ou avoir une formation ou une exp\u00e9rience \u00e9quivalente<\/li>\n\n\n\n<li>Avoir l'approbation de leur repr\u00e9sentant du GBC local<\/li>\n\n\n\n<li>Enseigner \u00e0 partir du programme officiel, des manuels et autres supports approuv\u00e9s par le Comit\u00e9 des services aux ma\u00eetres spirituels du GBC<\/li>\n<\/ol>\n\n\n\n<p>Les fid\u00e8les sans \u00e9ducation sont les bienvenus. \u00c0 l'issue de ce cours, ils devront se soumettre \u00e0 un examen oral minimal, \u00e0 la discr\u00e9tion de l'enseignant. Dans de rares cas d'infirmit\u00e9 ou de maladie terminale d'un futur disciple, le pr\u00e9sident du temple local peut d\u00e9roger \u00e0 l'obligation de suivre le cours.<\/p>\n\n\n\n<p>Les membres du GBC qui estiment qu'un domaine sp\u00e9cifique de leur juridiction n\u00e9cessite plus de temps pour sa mise en \u0153uvre en raison de circonstances exceptionnelles peuvent demander une prolongation allant jusqu'\u00e0 un an en soumettant une demande au plus tard le 31 juillet 2015 au Comit\u00e9 ex\u00e9cutif du GBC pour approbation.<\/p>\n\n\n\n<p><em>Une dispense de l'exigence du TTC1 peut \u00eatre accord\u00e9e par le secr\u00e9taire de zone du GBC local, apr\u00e8s \u00e9valuation de la maturit\u00e9 et des comp\u00e9tences p\u00e9dagogiques de l'enseignant potentiel. L'Institut Mayapur fournira au GBC une liste de crit\u00e8res d'\u00e9valuation.<\/em><\/p>\n\n\n\n<div style=\"height:48px\" aria-hidden=\"true\" class=\"wp-block-spacer\"><\/div>\n\n\n\n<h2 class=\"wp-block-heading has-text-align-center\" id=\"2\"><strong>Description des cours du disciple dans l'ISKCON<\/strong><\/h2>\n\n\n\n<p>Le cours du disciple dans l'ISKCON est un programme de formation qui approfondit la compr\u00e9hension des d\u00e9vots du guru tattva et du guru padasraya dans l'environnement multiple des ma\u00eetres spirituels de l'ISKCON.<\/p>\n\n\n\n<p>Con\u00e7u pour les nouveaux fid\u00e8les se pr\u00e9parant \u00e0 suivre l'initiation dans l'ISKCON, le cours est \u00e9galement recommand\u00e9 aux dirigeants, pr\u00e9dicateurs, conseillers et \u00e9ducateurs de l'ISKCON.<\/p>\n\n\n\n<p>Ce cours a \u00e9t\u00e9 \u00e9labor\u00e9 sous la direction du Comit\u00e9 des services au ma\u00eetre spirituel, gr\u00e2ce aux efforts conjugu\u00e9s d'\u00e9minents \u00e9ducateurs de l'ISKCON. Il s'appuie sur les enseignements de Srila Prabhupada et la loi actuelle de l'ISKCON, et fait r\u00e9f\u00e9rence aux \u00e9crits de la tradition Gaudiya Vaisnava.<\/p>\n\n\n\n<p>Les 14 le\u00e7ons comprennent des pr\u00e9sentations Powerpoint, des ateliers interactifs et des exercices d\u2019\u00e9valuation.<\/p>\n\n\n\n<div style=\"height:36px\" aria-hidden=\"true\" class=\"wp-block-spacer\"><\/div>\n\n\n\n<p><strong>Sujets couverts dans le cours :<\/strong><\/p>\n\n\n\n<ul class=\"wp-block-list\">\n<li>Guru-tattva et le syst\u00e8me du Guru-parampara<\/li>\n\n\n\n<li>Srila Prabhupada fondateur acarya de l'ISKCON et ma\u00eetre spirituel pr\u00e9\u00e9minent<\/li>\n\n\n\n<li>Les types de ma\u00eetres spirituels<\/li>\n\n\n\n<li>Relation entre les ma\u00eetres spirituels de l'ISKCON et les autorit\u00e9s de l'ISKCON<\/li>\n\n\n\n<li>Les ma\u00eetres spirituels en dehors de l'ISKCON<\/li>\n\n\n\n<li>Guru-padasraya<\/li>\n\n\n\n<li>Choisir un ma\u00eetre spirituel<\/li>\n\n\n\n<li>Suivre les voeux de l'initiation<\/li>\n\n\n\n<li>Guru-puja et Vyasa-puja<\/li>\n\n\n\n<li>L'adoration des ma\u00eetres spirituels dans l'ISKCON<\/li>\n\n\n\n<li>Guru-vapu et vani seva<\/li>\n\n\n\n<li>Guru-tyaga<\/li>\n\n\n\n<li>Developing Cooperative Relationships in a multi Guru environment<\/li>\n<\/ul>","protected":false},"excerpt":{"rendered":"<p>G.B.C Resolution on ISKCON Disciple Course &nbsp;That the ISKCON Disciple Course, as developed by the GBC Guru Services Committee, shall be a mandatory pre-requisite for all devotees accepting first or second initiation by an ISKCON guru, effective Janmastami, 2015. After that date, no guru may initiate a disciple who has not first completed the Disciple [&hellip;]<\/p>\n","protected":false},"author":1,"featured_media":0,"parent":0,"menu_order":0,"comment_status":"closed","ping_status":"closed","template":"","meta":{"_acf_changed":false,"_et_pb_use_builder":"off","_et_pb_old_content":"","_et_gb_content_width":"","_uag_custom_page_level_css":"","footnotes":"","_links_to":"","_links_to_target":""},"class_list":["post-31731","page","type-page","status-publish","hentry"],"acf":[],"uagb_featured_image_src":{"full":false,"thumbnail":false,"medium":false,"medium_large":false,"large":false,"1536x1536":false,"2048x2048":false,"trp-custom-language-flag":false,"et-pb-post-main-image":false,"et-pb-post-main-image-fullwidth":false,"et-pb-portfolio-image":false,"et-pb-portfolio-module-image":false,"et-pb-portfolio-image-single":false,"et-pb-gallery-module-image-portrait":false,"et-pb-post-main-image-fullwidth-large":false,"et-pb-image--responsive--desktop":false,"et-pb-image--responsive--tablet":false,"et-pb-image--responsive--phone":false},"uagb_author_info":{"display_name":"admin","author_link":"https:\/\/iskconeducation.org\/fr\/author\/admin\/"},"uagb_comment_info":0,"uagb_excerpt":"G.B.C Resolution on ISKCON Disciple Course &nbsp;That the ISKCON Disciple Course, as developed by the GBC Guru Services Committee, shall be a mandatory pre-requisite for all devotees accepting first or second initiation by an ISKCON guru, effective Janmastami, 2015. After that date, no guru may initiate a disciple who has not first completed the Disciple\u2026","_links":{"self":[{"href":"https:\/\/iskconeducation.org\/fr\/wp-json\/wp\/v2\/pages\/31731","targetHints":{"allow":["GET"]}}],"collection":[{"href":"https:\/\/iskconeducation.org\/fr\/wp-json\/wp\/v2\/pages"}],"about":[{"href":"https:\/\/iskconeducation.org\/fr\/wp-json\/wp\/v2\/types\/page"}],"author":[{"embeddable":true,"href":"https:\/\/iskconeducation.org\/fr\/wp-json\/wp\/v2\/users\/1"}],"replies":[{"embeddable":true,"href":"https:\/\/iskconeducation.org\/fr\/wp-json\/wp\/v2\/comments?post=31731"}],"version-history":[{"count":7,"href":"https:\/\/iskconeducation.org\/fr\/wp-json\/wp\/v2\/pages\/31731\/revisions"}],"predecessor-version":[{"id":31793,"href":"https:\/\/iskconeducation.org\/fr\/wp-json\/wp\/v2\/pages\/31731\/revisions\/31793"}],"wp:attachment":[{"href":"https:\/\/iskconeducation.org\/fr\/wp-json\/wp\/v2\/media?parent=31731"}],"curies":[{"name":"wp","href":"https:\/\/api.w.org\/{rel}","templated":true}]}}