{"id":30397,"date":"2025-01-23T09:46:20","date_gmt":"2025-01-23T09:46:20","guid":{"rendered":"https:\/\/iskconeducation.org\/?page_id=30397"},"modified":"2025-02-06T09:34:55","modified_gmt":"2025-02-06T09:34:55","slug":"his-divine-grace-a-c-bhaktivedanta-swami-srila-prabhupada","status":"publish","type":"page","link":"https:\/\/iskconeducation.org\/it\/his-divine-grace-a-c-bhaktivedanta-swami-srila-prabhupada\/","title":{"rendered":"His Divine Grace"},"content":{"rendered":"<h2 class=\"wp-block-heading has-text-align-center\">A.C. Bhaktivedanta Swami Srila Prabhupada<\/h2>\n\n\n\n<div style=\"height:20px\" aria-hidden=\"true\" class=\"wp-block-spacer\"><\/div>\n\n\n\n<h3 class=\"wp-block-heading has-text-align-center\"><em>Founder Acharya of the International Society for Krishna Consciousness<\/em><\/h3>\n\n\n\n<div style=\"height:31px\" aria-hidden=\"true\" class=\"wp-block-spacer\"><\/div>\n\n\n\n<figure class=\"wp-block-image aligncenter size-large is-resized\"><img loading=\"lazy\" decoding=\"async\" width=\"1024\" height=\"687\" src=\"https:\/\/iskconeducation.org\/wp-content\/uploads\/2025\/01\/prabhupada-1-1024x687.jpeg\" alt=\"\" class=\"wp-image-30400\" style=\"width:411px;height:auto\" srcset=\"https:\/\/iskconeducation.org\/wp-content\/uploads\/2025\/01\/prabhupada-1-1024x687.jpeg 1024w, https:\/\/iskconeducation.org\/wp-content\/uploads\/2025\/01\/prabhupada-1-980x657.jpeg 980w, https:\/\/iskconeducation.org\/wp-content\/uploads\/2025\/01\/prabhupada-1-480x322.jpeg 480w\" sizes=\"(min-width: 0px) and (max-width: 480px) 480px, (min-width: 481px) and (max-width: 980px) 980px, (min-width: 981px) 1024px, 100vw\" \/><\/figure>\n\n\n\n<div style=\"height:31px\" aria-hidden=\"true\" class=\"wp-block-spacer\"><\/div>\n\n\n\n<p>Per millenni, gli insegnamenti e la ricca cultura del bhakti-yoga, o Coscienza di Krishna, sono rimasti custoditi entro i confini dell'India. Oggi, milioni di persone in tutto il mondo esprimono la loro gratitudine a Srila Prabhupada per aver condiviso con il mondo la saggezza senza tempo del bhakti.<\/p>\n\n\n\n<p>Abhay Charan De nacque il 1\u00b0 settembre 1896 a Calcutta. Da giovane, si un\u00ec al movimento di disobbedienza civile guidato dal Mahatma Gandhi. Nel 1922, un incontro con il noto studioso e leader spirituale Srila Bhaktisiddhanta Sarasvati ebbe un impatto significativo sulla futura vocazione di Abhay.<\/p>\n\n\n\n<p>Srila Bhaktisiddhanta era un leader della comunit\u00e0 Gaudiya Vaishnava, una tradizione monoteistica nell'ambito della pi\u00f9 vasta cultura ind\u00f9. Durante il loro primo incontro, Srila Bhaktisiddhanta chiese ad Abhay di diffondere gli insegnamenti del Signore Krishna nel mondo anglofono. Colpito dalla sua devozione e saggezza, Abhay divenne discepolo di Srila Bhaktisiddhanta nel 1933, decidendo di rispondere alla richiesta del suo mentore. In seguito, conosciuto con l'onorifico AC Bhaktivedanta Swami Prabhupada, dedic\u00f2 i successivi 32 anni a prepararsi per il suo viaggio verso occidente.<\/p>\n\n\n\n<p>Nel 1965, all'et\u00e0 di sessantanove anni, Srila Prabhupada richiese un passaggio gratuito e si imbarc\u00f2 sulla nave cargo Jaladhuta diretta a New York. Il viaggio si rivel\u00f2 difficile, e durante la traversata sub\u00ec due attacchi cardiaci. Dopo 35 giorni in mare, raggiunse per la prima volta un isolato molo di Brooklyn, portando con s\u00e9 solo sette dollari in rupie indiane e una cassa contenente le sue traduzioni di sacri testi sanscriti.<\/p>\n\n\n\n<p>A New York, affront\u00f2 grandi difficolt\u00e0 e inizi\u00f2 la sua missione umilmente tenendo lezioni sulla Bhagavad-gita nei loft della Bowery e guidando kirtan (canti devozionali tradizionali) a Tompkins Square Park. Il suo messaggio di pace e buona volont\u00e0 trov\u00f2 eco in molti giovani, alcuni dei quali si fecero avanti per diventare seri studenti della tradizione Krishna-bhakti. Con l'aiuto di questi studenti, Bhaktivedanta Swami affitt\u00f2 un piccolo negozio nel Lower East Side di New York da usare come tempio.<\/p>\n\n\n\n<p>Nel luglio del 1966, Bhaktivedanta Swami fond\u00f2 l'International Society for Krishna Consciousness (ISKCON) con lo scopo, da lui dichiarato, di \"correggere lo squilibrio di valori nel mondo e lavorare per una vera unit\u00e0 e pace\".<\/p>\n\n\n\n<p>Negli undici anni successivi, Srila Prabhupada fece il giro del mondo 14 volte offrendo conferenze per la diffusione degli insegnamenti del Signore Krishna. Uomini e donne di ogni estrazione e ceto sociale si fecero avanti per accettare il suo messaggio. Con il loro aiuto, Srila Prabhupada fond\u00f2 templi, comunit\u00e0 agricole, una casa editrice e istituzioni educative in tutto il mondo. E diede inizio a quello che ora \u00e8 diventato il pi\u00f9 grande programma di aiuti alimentari vegetariani al mondo, Hare Krishna Food for Life.<\/p>\n\n\n\n<p>Con il desiderio di nutrire le radici della coscienza di Krishna nella sua casa, Srila Prabhupada torn\u00f2 in India diverse volte, dove diede il via a una rinascita nella tradizione Vaishnava. In India, apr\u00ec decine di templi, tra cui grandi centri nelle citt\u00e0 sacre di Vrindavana e Mayapura.<\/p>\n\n\n\n<p>I contributi pi\u00f9 significativi di Srila Prabhupada, forse, sono i suoi libri. Ha scritto oltre 70 volumi sulla tradizione di Krishna, che sono molto rispettati dagli studiosi per la loro autorevolezza, profondit\u00e0, fedelt\u00e0 alla tradizione e chiarezza. Molte delle sue opere sono utilizzate come libri di testo in numerosi corsi universitari. I suoi scritti sono stati tradotti in 76 lingue. Le sue opere pi\u00f9 importanti includono: Bhagavad-gita cos\u00ec com\u2019\u00e8, lo Srimad-Bhagavatam in 30 volumi e lo Sri Caitanya-caritamrita in 17 volumi.<\/p>\n\n\n\n<p>AC Bhaktivedanta Swami Srila Prabhupada mor\u00ec il 14 novembre 1977 nella citt\u00e0 sacra di Vrindavana, circondato dai suoi amorevoli discepoli che ancora oggi continuano la sua missione.<\/p>","protected":false},"excerpt":{"rendered":"<p>A.C. Bhaktivedanta Swami Srila Prabhupada Founder Acharya of the International Society for Krishna Consciousness For millennia the teachings and the rich culture of bhakti-yoga, or Krishna Consciousness, had been hidden within the borders of India. Today, millions around the globe express their gratitude to Srila Prabhupada for revealing the timeless wisdom of bhakti to a [&hellip;]<\/p>\n","protected":false},"author":1,"featured_media":0,"parent":0,"menu_order":0,"comment_status":"closed","ping_status":"closed","template":"","meta":{"_acf_changed":false,"_et_pb_use_builder":"off","_et_pb_old_content":"","_et_gb_content_width":"","_uag_custom_page_level_css":"","footnotes":"","_links_to":"","_links_to_target":""},"class_list":["post-30397","page","type-page","status-publish","hentry"],"acf":[],"uagb_featured_image_src":{"full":false,"thumbnail":false,"medium":false,"medium_large":false,"large":false,"1536x1536":false,"2048x2048":false,"trp-custom-language-flag":false,"et-pb-post-main-image":false,"et-pb-post-main-image-fullwidth":false,"et-pb-portfolio-image":false,"et-pb-portfolio-module-image":false,"et-pb-portfolio-image-single":false,"et-pb-gallery-module-image-portrait":false,"et-pb-post-main-image-fullwidth-large":false,"et-pb-image--responsive--desktop":false,"et-pb-image--responsive--tablet":false,"et-pb-image--responsive--phone":false},"uagb_author_info":{"display_name":"admin","author_link":"https:\/\/iskconeducation.org\/it\/author\/admin\/"},"uagb_comment_info":0,"uagb_excerpt":"A.C. Bhaktivedanta Swami Srila Prabhupada Founder Acharya of the International Society for Krishna Consciousness For millennia the teachings and the rich culture of bhakti-yoga, or Krishna Consciousness, had been hidden within the borders of India. Today, millions around the globe express their gratitude to Srila Prabhupada for revealing the timeless wisdom of bhakti to a&hellip;","_links":{"self":[{"href":"https:\/\/iskconeducation.org\/it\/wp-json\/wp\/v2\/pages\/30397","targetHints":{"allow":["GET"]}}],"collection":[{"href":"https:\/\/iskconeducation.org\/it\/wp-json\/wp\/v2\/pages"}],"about":[{"href":"https:\/\/iskconeducation.org\/it\/wp-json\/wp\/v2\/types\/page"}],"author":[{"embeddable":true,"href":"https:\/\/iskconeducation.org\/it\/wp-json\/wp\/v2\/users\/1"}],"replies":[{"embeddable":true,"href":"https:\/\/iskconeducation.org\/it\/wp-json\/wp\/v2\/comments?post=30397"}],"version-history":[{"count":11,"href":"https:\/\/iskconeducation.org\/it\/wp-json\/wp\/v2\/pages\/30397\/revisions"}],"predecessor-version":[{"id":30864,"href":"https:\/\/iskconeducation.org\/it\/wp-json\/wp\/v2\/pages\/30397\/revisions\/30864"}],"wp:attachment":[{"href":"https:\/\/iskconeducation.org\/it\/wp-json\/wp\/v2\/media?parent=30397"}],"curies":[{"name":"wp","href":"https:\/\/api.w.org\/{rel}","templated":true}]}}