{"id":30530,"date":"2025-01-27T08:24:02","date_gmt":"2025-01-27T08:24:02","guid":{"rendered":"https:\/\/iskconeducation.org\/?page_id=30530"},"modified":"2026-04-07T07:41:52","modified_gmt":"2026-04-07T07:41:52","slug":"iskcon-teachers-board","status":"publish","type":"page","link":"https:\/\/iskconeducation.org\/it\/iskcon-teachers-board\/","title":{"rendered":"ISKCON Teachers Board"},"content":{"rendered":"<p>[et_pb_section fb_built=&#8221;1&#8243; _builder_version=&#8221;4.16&#8243; global_colors_info=&#8221;{}&#8221;][et_pb_row _builder_version=&#8221;4.16&#8243; background_size=&#8221;initial&#8221; background_position=&#8221;top_left&#8221; background_repeat=&#8221;repeat&#8221; global_colors_info=&#8221;{}&#8221;][et_pb_column type=&#8221;4_4&#8243; _builder_version=&#8221;4.16&#8243; custom_padding=&#8221;|||&#8221; global_colors_info=&#8221;{}&#8221; custom_padding__hover=&#8221;|||&#8221;][et_pb_heading title=&#8221;ISKCON Teachers Board&#8221; _builder_version=&#8221;4.27.4&#8243; _module_preset=&#8221;default&#8221; global_colors_info=&#8221;{}&#8221;][\/et_pb_heading][et_pb_text _builder_version=&#8221;4.27.4&#8243; _module_preset=&#8221;default&#8221; global_colors_info=&#8221;{}&#8221;]<\/p>\n<h3>Objectives<\/h3>\n<ol>\n<li>To evaluate and approve teacher training programs<\/li>\n<li>To systematise teachers certification.<\/li>\n<li>Teacher\u2019s database.<\/li>\n<li>Establishing further teacher training and sangas<\/li>\n<li>Creating teaching resources and materials<\/li>\n<li>Curriculum development and upgradation<\/li>\n<li>To facilitate feedback about ministry educational programs<\/li>\n<\/ol>\n<p>[\/et_pb_text][\/et_pb_column][\/et_pb_row][et_pb_row column_structure=&#8221;1_3,1_3,1_3&#8243; _builder_version=&#8221;4.27.4&#8243; _module_preset=&#8221;default&#8221; global_colors_info=&#8221;{}&#8221;][et_pb_column type=&#8221;1_3&#8243; _builder_version=&#8221;4.27.4&#8243; _module_preset=&#8221;default&#8221; global_colors_info=&#8221;{}&#8221;][et_pb_blurb title=&#8221;Dr. Nitai Madhav Das&#8221; url=&#8221;https:\/\/iskconeducation.org\/nitai-madhav-das\/&#8221; image=&#8221;https:\/\/iskconeducation.org\/wp-content\/uploads\/2026\/04\/Nitai-Madhav-Das-scaled.jpg&#8221; admin_label=&#8221;Blurb &#8211; Nitai Madhav Das&#8221; _builder_version=&#8221;4.27.4&#8243; _module_preset=&#8221;default&#8221; animation=&#8221;off&#8221; link_option_url=&#8221;https:\/\/iskconeducation.org\/nitai-madhav-das\/&#8221; global_colors_info=&#8221;{}&#8221;]<\/p>\n<p data-olk-copy-source=\"MessageBody\">Nitai Madhav Das is a preacher, \u015b\u0101stric teacher, administrator, and educational leader within ISKCON. With a Bachelor of Pharmacy, an MBA in Human Resources, and a PhD in Psychology focused on \u201cBehavioral Transformation in Bhakti Yoga Practitioners According to the Bhagavad-g\u012bt\u0101,\u201d he has also completed Bhakti-\u015b\u0101str\u012b, Bhakti-vaibhava, and Bhaktivedanta studies.<\/p>\n<p>He has served extensively in leadership, teaching, and outreach roles across ISKCON centers, including ISKCON Juhu, Bhiwandi, \u015ar\u012bdh\u0101ma M\u0101y\u0101pur, and Hyderabad. He has served as the Principal of the Vedic Gurukula at \u015ar\u012bdh\u0101ma M\u0101y\u0101pur. His contributions include youth outreach, corporate programs, traveling sa\u1e45k\u012brtana initiatives, temple development, and training educators and students in foundational and advanced Vai\u1e63\u1e47ava courses such as TTC-1, TTC-2, and the ISKCON Disciple Course.<\/p>\n<p>Nitai Madhav Das currently serves in multiple key roles within the ISKCON Ministry of Education, including Chairman of the ISKCON Teachers\u2019 Board, Secretary of the ISKCON Disciple Course Secretariat, and as a member of the Board of Examinations (BOEX). He is also leading the ICC Education Committee and the ICC 60\u201350 Committee, and is actively involved in developing educational programs such as the \u015ar\u012bla Prabhup\u0101da Introductory Course (SPIC) and national curriculum initiatives aimed at integrating spiritual values into contemporary education for children and teenagers. He currently heads a community school program for children and is working on promoting homeschooling and community schooling initiatives throughout the country, apart from contributing to the development of an ISKCON temple project at Panvel.<\/p>\n<p>[\/et_pb_blurb][\/et_pb_column][et_pb_column type=&#8221;1_3&#8243; _builder_version=&#8221;4.27.4&#8243; _module_preset=&#8221;default&#8221; global_colors_info=&#8221;{}&#8221;][et_pb_blurb title=&#8221;Atul Krsna Das&#8221; image=&#8221;https:\/\/iskconeducation.org\/wp-content\/uploads\/2025\/01\/Atul-Krishna-Prabhu-e1597328227984.jpg&#8221; admin_label=&#8221;Blurb &#8211; Atul Krsna Das&#8221; _builder_version=&#8221;4.27.4&#8243; _module_preset=&#8221;default&#8221; animation=&#8221;off&#8221; global_colors_info=&#8221;{}&#8221; custom_padding=&#8221;||0px|||&#8221;]<\/p>\n<div>Atul Krsna Dasa joined Melbourne Mahaprabhu Mandir on Srila Prabhupada\u2019s Vyasa puja day in 1985. He served as a leading fund raiser and book distributor in Australia for 12 years after which, under the direction of his GBC and guru Prabhavisnu Prabhu, he joined the Bangladesh Yatra. He preached in Bangladesh for four years village to village with Nitya Lila Pravista Sriman Krsnsa Kirtan Dasa Bramacari and and learnt fluent Bengali and Gaudiya bhajan.<\/div>\n<div><\/div>\n<div>After entering the grhastha ashram and relocating to Sridhar Mayapur in 2000, he played a key role in establishing the Mayapur Institute\u2019s Bhaktisastri and Bhaktivaibhava programs. He went on to become a leading teacher and trainer, directing teacher training initiatives and conducting over 100 courses in English and Bengali. Prabhu has trained more than 2,000 teachers across India, Bangladesh, Nepal, and and Gulf countries, and helped establish educational programs in multiple regions, including Bangladesh thirtas of Srihatta, Pundarik Dham, Chottogram and Kethuri Dham.<\/div>\n<div><span> <\/span><\/div>\n<div>Prabhu played a key\u00a0 role in the developed the ISKCON Disciples Course curriculum in 2012 and served on the ISKCON Guru Services Committee from 2010 to 2024, helping design training programs for initiating gurus. For the last 12 years Prabhu has served as Chairman of the ISKCON Board of Examinations, overseeing global certification standards of Srila Prabhupada\u2019s\u00a0 degrees,\u00a0 Bhaktisastri, Bhaktibhabava, Bhaktivedanta &amp; Bhaktisarvabhauma along with Summative Exams for ISKCON leaders. Prabhu\u00a0 also serves as an Executive Member of the ISKCON Ministry of Education.<\/div>\n<p>[\/et_pb_blurb][\/et_pb_column][et_pb_column type=&#8221;1_3&#8243; _builder_version=&#8221;4.27.4&#8243; _module_preset=&#8221;default&#8221; global_colors_info=&#8221;{}&#8221;][et_pb_blurb title=&#8221;Devakinandana Das&#8221; image=&#8221;https:\/\/iskconeducation.org\/wp-content\/uploads\/2026\/01\/Devakinandana-Das.png&#8221; admin_label=&#8221;Blurb &#8211; Devakinandana Das&#8221; _builder_version=&#8221;4.27.4&#8243; _module_preset=&#8221;default&#8221; animation=&#8221;off&#8221; global_colors_info=&#8221;{}&#8221;]<\/p>\n<p>Devakinandana Das embraced Krishna Consciousness from childhood under his parents\u2019 guidance and joined a brahmachari ashram at fourteen while studying education. Since 2015, he has lived as a grihastha and actively conducts educational programs for devotees and the public. A member of ISKCON\u2019s Board of Examinations and head of the Vaishnava Education Committee in Russia, he received the Bhaktivedanta spiritual academic degree in 2022. An author of books based on Srila Prabhupada\u2019s teachings, he regularly offers lectures, seminars, and training. He also leads major educational initiatives such as the Mayapur Institute, Shravanam Academy, and Ashraya School. His work centers on the \u015ar\u012bmad-Bh\u0101gavatam as the essence of spiritual education and personal transformation.<\/p>\n<p>[\/et_pb_blurb][\/et_pb_column][\/et_pb_row][\/et_pb_section]<\/p>\n","protected":false},"excerpt":{"rendered":"<p>Objectives To evaluate and approve teacher training programs To systematise teachers certification. Teacher\u2019s database. Establishing further teacher training and sangas Creating teaching resources and materials Curriculum development and upgradation To facilitate feedback about ministry educational programs Nitai Madhav Das is a preacher, \u015b\u0101stric teacher, administrator, and educational leader within ISKCON. With a Bachelor of Pharmacy, [&hellip;]<\/p>\n","protected":false},"author":1,"featured_media":0,"parent":0,"menu_order":0,"comment_status":"closed","ping_status":"closed","template":"","meta":{"_acf_changed":false,"_et_pb_use_builder":"on","_et_pb_old_content":"<!-- wp:uagb\/advanced-heading {\"block_id\":\"46e43d7a\",\"classMigrate\":true,\"headingDescToggle\":false,\"headingAlign\":\"center\",\"seperatorStyle\":\"solid\"} -->\r\n<div class=\"wp-block-uagb-advanced-heading uagb-block-46e43d7a\">\r\n<h2 class=\"uagb-heading-text\">Objectives<\/h2>\r\n<div class=\"uagb-separator\">\u00a0<\/div>\r\n<\/div>\r\n<!-- \/wp:uagb\/advanced-heading --><!-- wp:list {\"ordered\":true} -->\r\n<ol class=\"wp-block-list\"><!-- wp:list-item -->\r\n<li>To evaluate and approve teacher training programs<\/li>\r\n<!-- \/wp:list-item --><!-- wp:list-item -->\r\n<li>To systematise teachers certification.<\/li>\r\n<!-- \/wp:list-item --><!-- wp:list-item -->\r\n<li>Teacher\u2019s database.<\/li>\r\n<!-- \/wp:list-item --><!-- wp:list-item -->\r\n<li>Establishing further teacher training and sangas<\/li>\r\n<!-- \/wp:list-item --><!-- wp:list-item -->\r\n<li>Creating teaching resources and materials<\/li>\r\n<!-- \/wp:list-item --><!-- wp:list-item -->\r\n<li>Curriculum development and upgradation<\/li>\r\n<!-- \/wp:list-item --><!-- wp:list-item -->\r\n<li>To facilitate feedback about ministry educational programs<\/li>\r\n<!-- \/wp:list-item --><\/ol>\r\n<!-- \/wp:list -->","_et_gb_content_width":"","_uag_custom_page_level_css":"","footnotes":"","_links_to":"","_links_to_target":""},"class_list":["post-30530","page","type-page","status-publish","hentry"],"acf":[],"uagb_featured_image_src":{"full":false,"thumbnail":false,"medium":false,"medium_large":false,"large":false,"1536x1536":false,"2048x2048":false,"trp-custom-language-flag":false,"et-pb-post-main-image":false,"et-pb-post-main-image-fullwidth":false,"et-pb-portfolio-image":false,"et-pb-portfolio-module-image":false,"et-pb-portfolio-image-single":false,"et-pb-gallery-module-image-portrait":false,"et-pb-post-main-image-fullwidth-large":false,"et-pb-image--responsive--desktop":false,"et-pb-image--responsive--tablet":false,"et-pb-image--responsive--phone":false},"uagb_author_info":{"display_name":"admin","author_link":"https:\/\/iskconeducation.org\/it\/author\/admin\/"},"uagb_comment_info":0,"uagb_excerpt":"Objectives To evaluate and approve teacher training programs To systematise teachers certification. Teacher\u2019s database. Establishing further teacher training and sangas Creating teaching resources and materials Curriculum development and upgradation To facilitate feedback about ministry educational programs Nitai Madhav Das is a preacher, \u015b\u0101stric teacher, administrator, and educational leader within ISKCON. With a Bachelor of Pharmacy,&hellip;","_links":{"self":[{"href":"https:\/\/iskconeducation.org\/it\/wp-json\/wp\/v2\/pages\/30530","targetHints":{"allow":["GET"]}}],"collection":[{"href":"https:\/\/iskconeducation.org\/it\/wp-json\/wp\/v2\/pages"}],"about":[{"href":"https:\/\/iskconeducation.org\/it\/wp-json\/wp\/v2\/types\/page"}],"author":[{"embeddable":true,"href":"https:\/\/iskconeducation.org\/it\/wp-json\/wp\/v2\/users\/1"}],"replies":[{"embeddable":true,"href":"https:\/\/iskconeducation.org\/it\/wp-json\/wp\/v2\/comments?post=30530"}],"version-history":[{"count":8,"href":"https:\/\/iskconeducation.org\/it\/wp-json\/wp\/v2\/pages\/30530\/revisions"}],"predecessor-version":[{"id":32921,"href":"https:\/\/iskconeducation.org\/it\/wp-json\/wp\/v2\/pages\/30530\/revisions\/32921"}],"wp:attachment":[{"href":"https:\/\/iskconeducation.org\/it\/wp-json\/wp\/v2\/media?parent=30530"}],"curies":[{"name":"wp","href":"https:\/\/api.w.org\/{rel}","templated":true}]}}