{"id":181,"date":"2022-05-26T06:56:33","date_gmt":"2022-05-26T06:56:33","guid":{"rendered":"https:\/\/iskconeducation.org\/?page_id=181"},"modified":"2025-02-22T19:08:23","modified_gmt":"2025-02-22T19:08:23","slug":"vision-mission","status":"publish","type":"page","link":"https:\/\/iskconeducation.org\/pt\/vision-mission\/","title":{"rendered":"ISKCON Ministry of Education"},"content":{"rendered":"<div class=\"wp-block-uagb-advanced-heading uagb-block-352f86a0\">\r\n<h2 class=\"uagb-heading-text\">Vision<\/h2>\r\n<\/div>\r\n\r\n\r\n\r\n<p>Fornecer educa\u00e7\u00e3o consciente de Krishna de alta qualidade a todos por meio de templos, institui\u00e7\u00f5es educacionais e diversas iniciativas globais.<\/p>\r\n\r\n\r\n\r\n<div class=\"wp-block-spacer\" style=\"height: 30px;\" aria-hidden=\"true\">\u00a0<\/div>\r\n\r\n\r\n\r\n<div class=\"wp-block-uagb-advanced-heading uagb-block-8b3ae0dc\">\r\n<h2 class=\"uagb-heading-text\">Mission<\/h2>\r\n<\/div>\r\n\r\n\r\n\r\n<ul class=\"wp-block-list\">\r\n<li>Empowering and supporting educational initiatives and collaborations among educators, educational institutions and professionals<\/li>\r\n\r\n\r\n\r\n<li>Estabelecer e monitorar altos padr\u00f5es de educa\u00e7\u00e3o Vaisnava;<\/li>\r\n\r\n\r\n\r\n<li>Supervisionar o desenvolvimento e execu\u00e7\u00e3o de planos educacionais e garantir que sejam entregues de acordo com altos padr\u00f5es;<\/li>\r\n\r\n\r\n\r\n<li>Compreender e satisfazer as necessidades educacionais das fam\u00edlias conscientes de Krishna;<\/li>\r\n\r\n\r\n\r\n<li>Making every temple an educational centre and a centre of excellence.<\/li>\r\n<\/ul>\r\n\r\n\r\n\r\n<div class=\"wp-block-spacer\" style=\"height: 30px;\" aria-hidden=\"true\">\u00a0<\/div>\r\n\r\n\r\n\r\n<figure class=\"wp-block-image alignfull size-large\"><img loading=\"lazy\" decoding=\"async\" width=\"1024\" height=\"360\" class=\"wp-image-182\" src=\"https:\/\/iskconeducation.org\/wp-content\/uploads\/2022\/05\/8-1024x360.png\" alt=\"\" srcset=\"https:\/\/iskconeducation.org\/wp-content\/uploads\/2022\/05\/8-1024x360.png 1024w, https:\/\/iskconeducation.org\/wp-content\/uploads\/2022\/05\/8-300x106.png 300w, https:\/\/iskconeducation.org\/wp-content\/uploads\/2022\/05\/8-768x270.png 768w, https:\/\/iskconeducation.org\/wp-content\/uploads\/2022\/05\/8-1536x540.png 1536w, https:\/\/iskconeducation.org\/wp-content\/uploads\/2022\/05\/8-2048x720.png 2048w\" sizes=\"(max-width: 1024px) 100vw, 1024px\" \/><\/figure>","protected":false},"excerpt":{"rendered":"<p>Vision To provide Krishna conscious education of high quality to everyone through temples, educational institutions and various global initiatives. Mission<\/p>","protected":false},"author":1,"featured_media":0,"parent":0,"menu_order":0,"comment_status":"closed","ping_status":"closed","template":"","meta":{"_acf_changed":false,"_et_pb_use_builder":"off","_et_pb_old_content":"<!-- wp:image {\"align\":\"full\",\"id\":182,\"sizeSlug\":\"large\",\"linkDestination\":\"none\"} -->\r\n<figure class=\"wp-block-image alignfull size-large\"><img class=\"wp-image-182\" src=\"https:\/\/iskconeducation.org\/wp-content\/uploads\/2022\/05\/8-1024x360.png\" alt=\"\" \/><\/figure>\r\n<!-- \/wp:image --><!-- wp:spacer {\"height\":\"41px\"} -->\r\n<div class=\"wp-block-spacer\" style=\"height: 41px;\" aria-hidden=\"true\">\u00a0<\/div>\r\n<!-- \/wp:spacer --><!-- wp:uagb\/advanced-heading {\"block_id\":\"b6f45aec\",\"classMigrate\":true} -->\r\n<div class=\"wp-block-uagb-advanced-heading uagb-block-b6f45aec\">\r\n<h2 class=\"uagb-heading-text\">Vision & Mission<\/h2>\r\n<p class=\"uagb-desc-text\">of the ISKCON Ministry of Education<\/p>\r\n<\/div>\r\n<!-- \/wp:uagb\/advanced-heading --><!-- wp:spacer {\"height\":\"86px\"} -->\r\n<div class=\"wp-block-spacer\" style=\"height: 86px;\" aria-hidden=\"true\">\u00a0<\/div>\r\n<!-- \/wp:spacer --><!-- wp:media-text {\"mediaId\":183,\"mediaLink\":\"https:\/\/iskconeducation.org\/?attachment_id=183\",\"mediaType\":\"image\",\"mediaWidth\":27} -->\r\n<div class=\"wp-block-media-text alignwide is-stacked-on-mobile\" style=\"grid-template-columns: 27% auto;\">\r\n<figure class=\"wp-block-media-text__media\"><img class=\"wp-image-183 size-full\" src=\"https:\/\/iskconeducation.org\/wp-content\/uploads\/2022\/05\/INGP.jpg\" alt=\"\" \/><\/figure>\r\n<div class=\"wp-block-media-text__content\"><!-- wp:uagb\/advanced-heading {\"block_id\":\"c8300c94\",\"classMigrate\":true,\"headingAlign\":\"left\",\"headingTag\":\"h3\",\"level\":3} -->\r\n<div class=\"wp-block-uagb-advanced-heading uagb-block-c8300c94\">\r\n<h3 class=\"uagb-heading-text\">Vision Statement<\/h3>\r\n<div class=\"uagb-separator-wrap\">\r\n<div class=\"uagb-separator\">\u00a0<\/div>\r\n<\/div>\r\n<p class=\"uagb-desc-text\">To provide Krishna conscious education of high quality to everyone through temples, educational institutions and various global initiatives.<\/p>\r\n<\/div>\r\n<!-- \/wp:uagb\/advanced-heading --><\/div>\r\n<\/div>\r\n<!-- \/wp:media-text --><!-- wp:spacer {\"height\":\"64px\"} -->\r\n<div class=\"wp-block-spacer\" style=\"height: 64px;\" aria-hidden=\"true\">\u00a0<\/div>\r\n<!-- \/wp:spacer --><!-- wp:media-text {\"mediaPosition\":\"right\",\"mediaId\":185,\"mediaLink\":\"https:\/\/iskconeducation.org\/?attachment_id=185\",\"mediaType\":\"image\",\"mediaWidth\":40} -->\r\n<div class=\"wp-block-media-text alignwide has-media-on-the-right is-stacked-on-mobile\" style=\"grid-template-columns: auto 40%;\">\r\n<figure class=\"wp-block-media-text__media\"><img class=\"wp-image-185 size-full\" src=\"https:\/\/iskconeducation.org\/wp-content\/uploads\/2022\/05\/PrabhupadaWithBooks-1-1024x904.jpg\" alt=\"\" \/><\/figure>\r\n<div class=\"wp-block-media-text__content\"><!-- wp:uagb\/advanced-heading {\"block_id\":\"b9dd3f66\",\"classMigrate\":true,\"headingAlign\":\"left\",\"headingTag\":\"h3\",\"level\":3,\"UAGDisplayConditions\":\"none\"} -->\r\n<div class=\"wp-block-uagb-advanced-heading uagb-block-b9dd3f66\">\r\n<h3 class=\"uagb-heading-text\">Mission Statement<\/h3>\r\n<div class=\"uagb-separator-wrap\">\r\n<div class=\"uagb-separator\">\u00a0<\/div>\r\n<\/div>\r\n<p class=\"uagb-desc-text\">To develop comprehensive educational systems globally, that foster higher spiritual values, fulfil the needs of ISKCON members and the larger society bringing about excellence in all areas of human life. We aim to fulfil this mission by<\/p>\r\n<\/div>\r\n<!-- \/wp:uagb\/advanced-heading --><!-- wp:list -->\r\n<ul>\r\n<li>Empowering and supporting educationl initiatives and collaborations among educators, educational institutions and professionals<\/li>\r\n<li>Establishing and monitoring high standards of Vaisnava education<\/li>\r\n<li>Supervising the development and execution of educational plans and ensuring they are delivered to high standards<\/li>\r\n<li>Understanding and fulfilling the educational needs of the Krsna conscious families<\/li>\r\n<li>Making every temple as an educational centre and a centre of excellence.<\/li>\r\n<\/ul>\r\n<!-- \/wp:list --><\/div>\r\n<\/div>\r\n<!-- \/wp:media-text -->","_et_gb_content_width":"","_uag_custom_page_level_css":"","footnotes":"","_links_to":"","_links_to_target":""},"class_list":["post-181","page","type-page","status-publish","hentry"],"acf":[],"uagb_featured_image_src":{"full":false,"thumbnail":false,"medium":false,"medium_large":false,"large":false,"1536x1536":false,"2048x2048":false,"trp-custom-language-flag":false,"et-pb-post-main-image":false,"et-pb-post-main-image-fullwidth":false,"et-pb-portfolio-image":false,"et-pb-portfolio-module-image":false,"et-pb-portfolio-image-single":false,"et-pb-gallery-module-image-portrait":false,"et-pb-post-main-image-fullwidth-large":false,"et-pb-image--responsive--desktop":false,"et-pb-image--responsive--tablet":false,"et-pb-image--responsive--phone":false},"uagb_author_info":{"display_name":"admin","author_link":"https:\/\/iskconeducation.org\/pt\/author\/admin\/"},"uagb_comment_info":0,"uagb_excerpt":"Vision To provide Krishna conscious education of high quality to everyone through temples, educational institutions and various global initiatives. Mission","_links":{"self":[{"href":"https:\/\/iskconeducation.org\/pt\/wp-json\/wp\/v2\/pages\/181","targetHints":{"allow":["GET"]}}],"collection":[{"href":"https:\/\/iskconeducation.org\/pt\/wp-json\/wp\/v2\/pages"}],"about":[{"href":"https:\/\/iskconeducation.org\/pt\/wp-json\/wp\/v2\/types\/page"}],"author":[{"embeddable":true,"href":"https:\/\/iskconeducation.org\/pt\/wp-json\/wp\/v2\/users\/1"}],"replies":[{"embeddable":true,"href":"https:\/\/iskconeducation.org\/pt\/wp-json\/wp\/v2\/comments?post=181"}],"version-history":[{"count":6,"href":"https:\/\/iskconeducation.org\/pt\/wp-json\/wp\/v2\/pages\/181\/revisions"}],"predecessor-version":[{"id":31305,"href":"https:\/\/iskconeducation.org\/pt\/wp-json\/wp\/v2\/pages\/181\/revisions\/31305"}],"wp:attachment":[{"href":"https:\/\/iskconeducation.org\/pt\/wp-json\/wp\/v2\/media?parent=181"}],"curies":[{"name":"wp","href":"https:\/\/api.w.org\/{rel}","templated":true}]}}