{"id":259,"date":"2022-06-03T06:59:45","date_gmt":"2022-06-03T06:59:45","guid":{"rendered":"https:\/\/iskconeducation.org\/?page_id=259"},"modified":"2025-01-27T11:03:55","modified_gmt":"2025-01-27T11:03:55","slug":"fortnight-symposium-seminars","status":"publish","type":"page","link":"https:\/\/iskconeducation.org\/pt\/fortnight-symposium-seminars\/","title":{"rendered":"Viplavah"},"content":{"rendered":"<p class=\"has-text-align-center\"><strong>Simp\u00f3sio Anual Internacional de Educa\u00e7\u00e3o<\/strong><\/p>\n\n\n\n<p>In 2019, the Ministry of Education embarked upon an annual symposium called \u201cViplavah\u201d. Our aim was to provide ISKCON educators from around the globe the opportunity to share some of the invaluable insights they have acquired through their many years\u00a0of\u00a0practice.<\/p>\n\n\n\n<div style=\"height:29px\" aria-hidden=\"true\" class=\"wp-block-spacer\"><\/div>\n\n\n\n<div class=\"wp-block-uagb-separator uagb-block-d9d234ef\"><div class=\"wp-block-uagb-separator__inner\" style=\"--my-background-image:\"><\/div><\/div>\n\n\n\n<div style=\"height:29px\" aria-hidden=\"true\" class=\"wp-block-spacer\"><\/div>\n\n\n\n<div class=\"wp-block-columns is-layout-flex wp-container-core-columns-is-layout-9d6595d7 wp-block-columns-is-layout-flex\">\n<div class=\"wp-block-column is-layout-flow wp-block-column-is-layout-flow\">\n<div class=\"wp-block-uagb-advanced-heading uagb-block-1360c7ac\"><h3 class=\"uagb-heading-text\">Realizing Srila Prabhupada&#8217;s<br>Vision for Sastric Degrees<\/h3><\/div>\n\n\n\n\n\n\n\n\n\n\n\n<p><span style=\"font-size: 1rem; color: var(--ast-global-color-3);\"><strong>Sinopse: Neste v\u00eddeo, \u201cRealizando a vis\u00e3o de Srila Prabhupada para graus s\u00e1stricos\u201d, Atul Krsna Prabhu discute os obst\u00e1culos enfrentados na condu\u00e7\u00e3o de programas de certifica\u00e7\u00e3o de graus s\u00e1stricos e explica como o sistema de avalia\u00e7\u00e3o rec\u00e9m-desenvolvido est\u00e1, efetivamente, aumentando o n\u00famero de graus concedidos. A vis\u00e3o de Srila Prabhupada era que todos os seus seguidores seriam, altamente, versados nas escrituras e carregariam o t\u00edtulo de \u201cBhaktivedanta\u201d. Embora a vis\u00e3o de Sua Divina Gra\u00e7a esteja longe de ser realizada, temos a sorte de ter Atul Krsna Prabhu delineando passos que podem ser dados para tornar a vis\u00e3o de Srila Prabhupada uma realidade.<\/strong><\/span><\/p>\n<\/div>\n\n\n\n<div class=\"wp-block-column is-layout-flow wp-block-column-is-layout-flow\">\n<div class=\"wp-block-uagb-advanced-heading uagb-block-ac95e855\"><h3 class=\"uagb-heading-text\">Education,<br>not indoctrination<\/h3><\/div>\n\n\n\n\n\n\n\n\n\n\n\n<p style=\"font-size:14px\"><strong>His Holiness Krishna Kshetra Swami discusses the issue of indoctrination that our movement was accused of in its infancy, while also sharing tips on how to promote free thinking within ISKCON to prevent it from becoming an issue today. His Holiness goes on to explain how indoctrination is severely detrimental to the process of learning\/realizing the teachings of the absolute truth, while also giving sastric evidence proving that free thinking is not only encouraged in Bhkati\u00a0Yoga; but is part of the culture.<\/strong><\/p>\n<\/div>\n<\/div>\n\n\n\n<p style=\"font-size:14px\"><\/p>\n\n\n\n<div style=\"height:15px\" aria-hidden=\"true\" class=\"wp-block-spacer\"><\/div>\n\n\n\n<div class=\"wp-block-uagb-separator uagb-block-e6ab75a9\"><div class=\"wp-block-uagb-separator__inner\" style=\"--my-background-image:\"><\/div><\/div>\n\n\n\n<div style=\"height:29px\" aria-hidden=\"true\" class=\"wp-block-spacer\"><\/div>\n\n\n\n<div class=\"wp-block-columns is-layout-flex wp-container-core-columns-is-layout-9d6595d7 wp-block-columns-is-layout-flex\">\n<div class=\"wp-block-column is-layout-flow wp-block-column-is-layout-flow\">\n<div class=\"wp-block-uagb-advanced-heading uagb-block-3e58c2cc\"><h3 class=\"uagb-heading-text\">Treinando professores<\/h3><\/div>\n\n\n\n\n\n\n\n\n\n\n\n<p style=\"font-size:14px\"><strong>Her Grace Urmilla mataji shares best practices to institute in educational programs within ISKCON. These methods are focused on improving the ability and character of teachers, which are derived from sastra and years of hands on and adminisrative experience. Mataji proceeds to showcase videos that are part of an instructional program she teaches in conjunction with the Ministry of Education, made available online so devotees can learn how to be a more effective teacher anywhere in the world!<\/strong><\/p>\n<\/div>\n\n\n\n<div class=\"wp-block-column is-layout-flow wp-block-column-is-layout-flow\">\n<div class=\"wp-block-uagb-advanced-heading uagb-block-13222558\"><h3 class=\"uagb-heading-text\">Every Temple &#8211; An Educational Oasis<\/h3><\/div>\n\n\n\n\n\n\n\n<p><strong>Presentation topics:<\/strong><\/p>\n\n\n\n<ul class=\"wp-block-list\">\n<li><strong>the basis of successful yatra development<\/strong><\/li>\n\n\n\n<li><strong>where does a lot of money come from in the temple<\/strong><\/li>\n\n\n\n<li><strong>why attracted devotees \u2018dry up\u2019<\/strong><\/li>\n\n\n\n<li><strong>causes of developmental problems in the yatra and their\u00a0elimination<\/strong><\/li>\n<\/ul>\n<\/div>\n<\/div>\n\n\n\n<div style=\"height:35px\" aria-hidden=\"true\" class=\"wp-block-spacer\"><\/div>\n\n\n\n<div class=\"wp-block-uagb-advanced-heading uagb-block-f2e47a77\"><h3 class=\"uagb-heading-text\">Outros v\u00eddeos<\/h3><\/div>\n\n\n\n<div style=\"height:16px\" aria-hidden=\"true\" class=\"wp-block-spacer\"><\/div>","protected":false},"excerpt":{"rendered":"<p>Annual International Education Symposium In 2019, the Ministry of Education embarked upon an annual symposium called \u201cViplavah\u201d. Our aim was to provide ISKCON educators from around the globe the opportunity to share some of the invaluable insights they have acquired through their many years\u00a0of\u00a0practice. Realizing Srila Prabhupada&#8217;sVision for Sastric Degrees Atul Krsna Prabhu\u00a0discusses the obstacles [&hellip;]<\/p>\n","protected":false},"author":1,"featured_media":0,"parent":0,"menu_order":0,"comment_status":"closed","ping_status":"closed","template":"","meta":{"_acf_changed":false,"_et_pb_use_builder":"","_et_pb_old_content":"","_et_gb_content_width":"","_uag_custom_page_level_css":"","footnotes":"","_links_to":"","_links_to_target":""},"class_list":["post-259","page","type-page","status-publish","hentry"],"acf":[],"uagb_featured_image_src":{"full":false,"thumbnail":false,"medium":false,"medium_large":false,"large":false,"1536x1536":false,"2048x2048":false,"trp-custom-language-flag":false,"et-pb-post-main-image":false,"et-pb-post-main-image-fullwidth":false,"et-pb-portfolio-image":false,"et-pb-portfolio-module-image":false,"et-pb-portfolio-image-single":false,"et-pb-gallery-module-image-portrait":false,"et-pb-post-main-image-fullwidth-large":false,"et-pb-image--responsive--desktop":false,"et-pb-image--responsive--tablet":false,"et-pb-image--responsive--phone":false},"uagb_author_info":{"display_name":"admin","author_link":"https:\/\/iskconeducation.org\/pt\/author\/admin\/"},"uagb_comment_info":0,"uagb_excerpt":"Annual International Education Symposium In 2019, the Ministry of Education embarked upon an annual symposium called \u201cViplavah\u201d. Our aim was to provide ISKCON educators from around the globe the opportunity to share some of the invaluable insights they have acquired through their many years\u00a0of\u00a0practice. Realizing Srila Prabhupada&#8217;sVision for Sastric Degrees Atul Krsna Prabhu\u00a0discusses the obstacles&hellip;","_links":{"self":[{"href":"https:\/\/iskconeducation.org\/pt\/wp-json\/wp\/v2\/pages\/259","targetHints":{"allow":["GET"]}}],"collection":[{"href":"https:\/\/iskconeducation.org\/pt\/wp-json\/wp\/v2\/pages"}],"about":[{"href":"https:\/\/iskconeducation.org\/pt\/wp-json\/wp\/v2\/types\/page"}],"author":[{"embeddable":true,"href":"https:\/\/iskconeducation.org\/pt\/wp-json\/wp\/v2\/users\/1"}],"replies":[{"embeddable":true,"href":"https:\/\/iskconeducation.org\/pt\/wp-json\/wp\/v2\/comments?post=259"}],"version-history":[{"count":18,"href":"https:\/\/iskconeducation.org\/pt\/wp-json\/wp\/v2\/pages\/259\/revisions"}],"predecessor-version":[{"id":30528,"href":"https:\/\/iskconeducation.org\/pt\/wp-json\/wp\/v2\/pages\/259\/revisions\/30528"}],"wp:attachment":[{"href":"https:\/\/iskconeducation.org\/pt\/wp-json\/wp\/v2\/media?parent=259"}],"curies":[{"name":"wp","href":"https:\/\/api.w.org\/{rel}","templated":true}]}}