{"id":27935,"date":"2023-07-24T05:53:01","date_gmt":"2023-07-24T05:53:01","guid":{"rendered":"https:\/\/iskconeducation.org\/?page_id=27935"},"modified":"2023-09-08T06:51:33","modified_gmt":"2023-09-08T06:51:33","slug":"sanskrit-pronounciation-course","status":"publish","type":"page","link":"https:\/\/iskconeducation.org\/pt\/sanskrit-pronounciation-course\/","title":{"rendered":"Sanskrit Pronounciation Course"},"content":{"rendered":"<div class=\"wp-block-uagb-advanced-heading uagb-block-6d2686aa\">\r\n<h2 class=\"uagb-heading-text\">Pron\u00fancia S\u00e2nscrita das Ora\u00e7\u00f5es da ISKCON<\/h2>\r\n<div class=\"uagb-separator\">\u00a0<\/div>\r\n<\/div>\r\n\r\n\r\n\r\n<p>Um curso sobre a pron\u00fancia correta do s\u00e2nscrito nas ora\u00e7\u00f5es b\u00e1sicas da ISKCON. Apresentado por H.G. Nityananda Das, professora, tradutora e editora da BBT. Aprenda a maneira correta de pronunciar e cantar as ora\u00e7\u00f5es e cantos padr\u00e3o da sociedade ISKCON.<\/p>\r\n\r\n\r\n\r\n<div class=\"wp-block-spacer\" style=\"height: 102px;\" aria-hidden=\"true\">\u00a0<\/div>","protected":false},"excerpt":{"rendered":"<p>Sanskrit Pronounciation Of ISKCON Prayers \u00a0 A course on the correct pronunciation of Sanskrit in the basic prayers of ISKCON. Presented by H.G. Nityananda Das, teacher, translator and editor at the BBT. Learn the correct way of pronouncing and singing the standard prayers and chants of ISKCON society.<\/p>","protected":false},"author":1,"featured_media":0,"parent":0,"menu_order":0,"comment_status":"closed","ping_status":"closed","template":"","meta":{"_acf_changed":false,"_et_pb_use_builder":"","_et_pb_old_content":"","_et_gb_content_width":"","_uag_custom_page_level_css":"","footnotes":"","_links_to":"","_links_to_target":""},"class_list":["post-27935","page","type-page","status-publish","hentry"],"acf":[],"uagb_featured_image_src":{"full":false,"thumbnail":false,"medium":false,"medium_large":false,"large":false,"1536x1536":false,"2048x2048":false,"trp-custom-language-flag":false,"et-pb-post-main-image":false,"et-pb-post-main-image-fullwidth":false,"et-pb-portfolio-image":false,"et-pb-portfolio-module-image":false,"et-pb-portfolio-image-single":false,"et-pb-gallery-module-image-portrait":false,"et-pb-post-main-image-fullwidth-large":false,"et-pb-image--responsive--desktop":false,"et-pb-image--responsive--tablet":false,"et-pb-image--responsive--phone":false},"uagb_author_info":{"display_name":"admin","author_link":"https:\/\/iskconeducation.org\/pt\/author\/admin\/"},"uagb_comment_info":0,"uagb_excerpt":"Sanskrit Pronounciation Of ISKCON Prayers \u00a0 A course on the correct pronunciation of Sanskrit in the basic prayers of ISKCON. Presented by H.G. Nityananda Das, teacher, translator and editor at the BBT. Learn the correct way of pronouncing and singing the standard prayers and chants of ISKCON society.","_links":{"self":[{"href":"https:\/\/iskconeducation.org\/pt\/wp-json\/wp\/v2\/pages\/27935","targetHints":{"allow":["GET"]}}],"collection":[{"href":"https:\/\/iskconeducation.org\/pt\/wp-json\/wp\/v2\/pages"}],"about":[{"href":"https:\/\/iskconeducation.org\/pt\/wp-json\/wp\/v2\/types\/page"}],"author":[{"embeddable":true,"href":"https:\/\/iskconeducation.org\/pt\/wp-json\/wp\/v2\/users\/1"}],"replies":[{"embeddable":true,"href":"https:\/\/iskconeducation.org\/pt\/wp-json\/wp\/v2\/comments?post=27935"}],"version-history":[{"count":0,"href":"https:\/\/iskconeducation.org\/pt\/wp-json\/wp\/v2\/pages\/27935\/revisions"}],"wp:attachment":[{"href":"https:\/\/iskconeducation.org\/pt\/wp-json\/wp\/v2\/media?parent=27935"}],"curies":[{"name":"wp","href":"https:\/\/api.w.org\/{rel}","templated":true}]}}