{"id":30397,"date":"2025-01-23T09:46:20","date_gmt":"2025-01-23T09:46:20","guid":{"rendered":"https:\/\/iskconeducation.org\/?page_id=30397"},"modified":"2025-02-06T09:34:55","modified_gmt":"2025-02-06T09:34:55","slug":"his-divine-grace-a-c-bhaktivedanta-swami-srila-prabhupada","status":"publish","type":"page","link":"https:\/\/iskconeducation.org\/pt\/his-divine-grace-a-c-bhaktivedanta-swami-srila-prabhupada\/","title":{"rendered":"His Divine Grace"},"content":{"rendered":"<h2 class=\"wp-block-heading has-text-align-center\">A.C. Bhaktivedanta Swami Srila Prabhupada<\/h2>\n\n\n\n<div style=\"height:20px\" aria-hidden=\"true\" class=\"wp-block-spacer\"><\/div>\n\n\n\n<h3 class=\"wp-block-heading has-text-align-center\"><em>Founder Acharya of the International Society for Krishna Consciousness<\/em><\/h3>\n\n\n\n<div style=\"height:31px\" aria-hidden=\"true\" class=\"wp-block-spacer\"><\/div>\n\n\n\n<figure class=\"wp-block-image aligncenter size-large is-resized\"><img loading=\"lazy\" decoding=\"async\" width=\"1024\" height=\"687\" src=\"https:\/\/iskconeducation.org\/wp-content\/uploads\/2025\/01\/prabhupada-1-1024x687.jpeg\" alt=\"\" class=\"wp-image-30400\" style=\"width:411px;height:auto\" srcset=\"https:\/\/iskconeducation.org\/wp-content\/uploads\/2025\/01\/prabhupada-1-1024x687.jpeg 1024w, https:\/\/iskconeducation.org\/wp-content\/uploads\/2025\/01\/prabhupada-1-980x657.jpeg 980w, https:\/\/iskconeducation.org\/wp-content\/uploads\/2025\/01\/prabhupada-1-480x322.jpeg 480w\" sizes=\"(min-width: 0px) and (max-width: 480px) 480px, (min-width: 481px) and (max-width: 980px) 980px, (min-width: 981px) 1024px, 100vw\" \/><\/figure>\n\n\n\n<div style=\"height:31px\" aria-hidden=\"true\" class=\"wp-block-spacer\"><\/div>\n\n\n\n<p>Durante mil\u00e9nios, os ensinamentos e a rica cultura de bhakti-yoga, ou Consci\u00eancia de Krishna, estiveram escondidos dentro das fronteiras da \u00cdndia. Hoje, milh\u00f5es de pessoas ao redor do mundo expressam sua gratid\u00e3o a Srila Prabhupada por revelar a sabedoria atemporal de bhakti ao mundo.<\/p>\n\n\n\n<p>Nascido como Abhay Charan De em 1\u00ba de setembro de 1896, em Calcut\u00e1, ainda jovem juntou-se ao movimento de desobedi\u00eancia civil de Mahatma Gandhi. Em 1922, um encontro com o proeminente estudioso e l\u00edder espiritual, Srila Bhaktisiddhanta Sarasvati, provou ser muito influente na futura voca\u00e7\u00e3o do jovem Abhay.<\/p>\n\n\n\n<p>Srila Bhaktisiddhanta foi um l\u00edder da comunidade Gaudiya Vaishnava, uma tradi\u00e7\u00e3o monote\u00edsta dentro da cultura hindu mais ampla. No seu primeiro encontro, Srila Bhaktisiddhanta pediu a Abhay que trouxesse os ensinamentos do Senhor Krishna para os pa\u00edses de l\u00edngua inglesa. Profundamente comovido por sua devo\u00e7\u00e3o e sabedoria, Abhay tornou-se disc\u00edpulo de Srila Bhaktisiddhanta em 1933 e resolveu atender ao pedido de seu mentor. Abhay, mais tarde conhecido pelo honor\u00edfico A. C. Bhaktivedanta Swami Prabhupada passou os 32 anos seguintes se preparando para sua jornada ao Ocidente.<\/p>\n\n\n\n<p>Em 1965, aos sessenta e nove anos, Srila Prabhupada implorou por passagem gratuita e embarcou em um navio cargueiro, o Jaladuta, para Nova York. A viagem revelou-se trai\u00e7oeira e ele sofreu dois ataques card\u00edacos a bordo. Depois de 35 dias no mar, ele chegou a um cais solit\u00e1rio no Brooklyn com apenas sete d\u00f3lares em r\u00fapias indianas e uma caixa com suas tradu\u00e7\u00f5es de textos sagrados em s\u00e2nscrito.<\/p>\n\n\n\n<p>Em Nova York, ele enfrentou grandes dificuldades e come\u00e7ou sua miss\u00e3o humildemente, dando aulas do Bhagavad-gita em um s\u00f3t\u00e3o no Bowery e conduzindo kirtan (c\u00e2nticos devocionais tradicionais) no Tompkins Square Park. A sua mensagem de paz e boa vontade ressoou em muitos jovens, alguns dos quais se tornaram estudantes s\u00e9rios da tradi\u00e7\u00e3o Krishna-bhakti. Com a ajuda desses estudantes, Bhaktivedanta Swami alugou uma pequena loja no Lower East Side de Nova York para usar como templo.<\/p>\n\n\n\n<p>Em julho de 1966, Bhaktivedanta Swami estabeleceu a Sociedade Internacional para a Consci\u00eancia de Krishna (ISKCON) com o prop\u00f3sito, segundo ele, de \u201cverificar o desequil\u00edbrio de valores no mundo e trabalhar pela verdadeira unidade e paz\u201d.<\/p>\n\n\n\n<p>Nos onze anos que se seguiram, Srila Prabhupada deu 14 voltas ao redor do globo em palestras espalhando os ensinamentos do Senhor Krishna. Homens e mulheres de todas as origens e estilos de vida se apresentaram para aceitar sua mensagem. Com a ajuda deles, Srila Prabhupada estabeleceu templos, comunidades agr\u00edcolas, uma editora e institui\u00e7\u00f5es educacionais em todo o mundo. E ele deu in\u00edcio ao que hoje se tornou o maior programa de ajuda alimentar vegetariana do mundo, o Hare Krishna Food for Life.<\/p>\n\n\n\n<p>Com o desejo de nutrir as ra\u00edzes da consci\u00eancia de Krishna em seu lar, Srila Prabhupada retornou diversas vezes \u00e0 \u00cdndia, onde provocou um renascimento na tradi\u00e7\u00e3o Vaishnava. Na \u00cdndia, ele abriu dezenas de templos, incluindo grandes centros nas cidades sagradas de Vrindavana e Mayapur.<\/p>\n\n\n\n<p>As contribui\u00e7\u00f5es mais significativas de Srila Prabhupada, talvez, sejam seus livros. Ele \u00e9 autor de mais de 70 volumes sobre a tradi\u00e7\u00e3o de Krishna, que s\u00e3o altamente respeitados pelos estudiosos por sua autoridade, profundidade, fidelidade \u00e0 tradi\u00e7\u00e3o e clareza. V\u00e1rias de suas obras s\u00e3o usadas como livros did\u00e1ticos em muitos cursos universit\u00e1rios. Seus escritos foram traduzidos para 76 idiomas. Suas obras mais proeminentes incluem: o Bhagavad Gita como ele \u00e9,  o Srimad-Bhagavatam de 30 volumes e o Sri Caitanya-Caritamrita de 17 volumes.<\/p>\n\n\n\n<p>A.C. Bhaktivedanta Swami Srila Prabhupada faleceu em 14 de novembro de 1977, na cidade sagrada de Vrindavana, cercado por seus amorosos disc\u00edpulos que continuam sua miss\u00e3o at\u00e9 hoje.<\/p>","protected":false},"excerpt":{"rendered":"<p>A.C. Bhaktivedanta Swami Srila Prabhupada Founder Acharya of the International Society for Krishna Consciousness For millennia the teachings and the rich culture of bhakti-yoga, or Krishna Consciousness, had been hidden within the borders of India. Today, millions around the globe express their gratitude to Srila Prabhupada for revealing the timeless wisdom of bhakti to a [&hellip;]<\/p>\n","protected":false},"author":1,"featured_media":0,"parent":0,"menu_order":0,"comment_status":"closed","ping_status":"closed","template":"","meta":{"_acf_changed":false,"_et_pb_use_builder":"off","_et_pb_old_content":"","_et_gb_content_width":"","_uag_custom_page_level_css":"","footnotes":"","_links_to":"","_links_to_target":""},"class_list":["post-30397","page","type-page","status-publish","hentry"],"acf":[],"uagb_featured_image_src":{"full":false,"thumbnail":false,"medium":false,"medium_large":false,"large":false,"1536x1536":false,"2048x2048":false,"trp-custom-language-flag":false,"et-pb-post-main-image":false,"et-pb-post-main-image-fullwidth":false,"et-pb-portfolio-image":false,"et-pb-portfolio-module-image":false,"et-pb-portfolio-image-single":false,"et-pb-gallery-module-image-portrait":false,"et-pb-post-main-image-fullwidth-large":false,"et-pb-image--responsive--desktop":false,"et-pb-image--responsive--tablet":false,"et-pb-image--responsive--phone":false},"uagb_author_info":{"display_name":"admin","author_link":"https:\/\/iskconeducation.org\/pt\/author\/admin\/"},"uagb_comment_info":0,"uagb_excerpt":"A.C. Bhaktivedanta Swami Srila Prabhupada Founder Acharya of the International Society for Krishna Consciousness For millennia the teachings and the rich culture of bhakti-yoga, or Krishna Consciousness, had been hidden within the borders of India. Today, millions around the globe express their gratitude to Srila Prabhupada for revealing the timeless wisdom of bhakti to a&hellip;","_links":{"self":[{"href":"https:\/\/iskconeducation.org\/pt\/wp-json\/wp\/v2\/pages\/30397","targetHints":{"allow":["GET"]}}],"collection":[{"href":"https:\/\/iskconeducation.org\/pt\/wp-json\/wp\/v2\/pages"}],"about":[{"href":"https:\/\/iskconeducation.org\/pt\/wp-json\/wp\/v2\/types\/page"}],"author":[{"embeddable":true,"href":"https:\/\/iskconeducation.org\/pt\/wp-json\/wp\/v2\/users\/1"}],"replies":[{"embeddable":true,"href":"https:\/\/iskconeducation.org\/pt\/wp-json\/wp\/v2\/comments?post=30397"}],"version-history":[{"count":11,"href":"https:\/\/iskconeducation.org\/pt\/wp-json\/wp\/v2\/pages\/30397\/revisions"}],"predecessor-version":[{"id":30864,"href":"https:\/\/iskconeducation.org\/pt\/wp-json\/wp\/v2\/pages\/30397\/revisions\/30864"}],"wp:attachment":[{"href":"https:\/\/iskconeducation.org\/pt\/wp-json\/wp\/v2\/media?parent=30397"}],"curies":[{"name":"wp","href":"https:\/\/api.w.org\/{rel}","templated":true}]}}