{"id":492,"date":"2022-06-06T08:51:49","date_gmt":"2022-06-06T08:51:49","guid":{"rendered":"https:\/\/iskconeducation.org\/?page_id=492"},"modified":"2025-01-20T06:08:25","modified_gmt":"2025-01-20T06:08:25","slug":"instructional-design","status":"publish","type":"page","link":"https:\/\/iskconeducation.org\/pt\/instructional-design\/","title":{"rendered":"Instructional Design"},"content":{"rendered":"<p>Bem-vindo ao Curso de Design Instrucional de HG Urmila Devi Dasi (Dra. Edith Best). Este \u00e9 um curso de curta dura\u00e7\u00e3o no qual voc\u00ea aprender\u00e1 ferramentas e t\u00e9cnicas que agregam as suas habilidades como educador. Isso permitir\u00e1 que voc\u00ea processe diversas considera\u00e7\u00f5es para um melhor planejamento, design e apresenta\u00e7\u00e3o de material educacional.<\/p>\n\n\n\n<div style=\"height:39px\" aria-hidden=\"true\" class=\"wp-block-spacer\"><\/div>","protected":false},"excerpt":{"rendered":"<p>Bem-vindo ao Curso de Design Instrucional de HG Urmila Devi Dasi (Dra. Edith Best). Este \u00e9 um curso de curta dura\u00e7\u00e3o no qual voc\u00ea aprender\u00e1 ferramentas e t\u00e9cnicas que agregam as suas habilidades como educador. Isso permitir\u00e1 que voc\u00ea processe diversas considera\u00e7\u00f5es para um melhor planejamento, design e apresenta\u00e7\u00e3o de material educacional.<\/p>","protected":false},"author":1,"featured_media":0,"parent":0,"menu_order":0,"comment_status":"closed","ping_status":"closed","template":"","meta":{"_acf_changed":false,"_et_pb_use_builder":"","_et_pb_old_content":"","_et_gb_content_width":"","_uag_custom_page_level_css":"","footnotes":"","_links_to":"","_links_to_target":""},"class_list":["post-492","page","type-page","status-publish","hentry"],"acf":[],"uagb_featured_image_src":{"full":false,"thumbnail":false,"medium":false,"medium_large":false,"large":false,"1536x1536":false,"2048x2048":false,"trp-custom-language-flag":false,"et-pb-post-main-image":false,"et-pb-post-main-image-fullwidth":false,"et-pb-portfolio-image":false,"et-pb-portfolio-module-image":false,"et-pb-portfolio-image-single":false,"et-pb-gallery-module-image-portrait":false,"et-pb-post-main-image-fullwidth-large":false,"et-pb-image--responsive--desktop":false,"et-pb-image--responsive--tablet":false,"et-pb-image--responsive--phone":false},"uagb_author_info":{"display_name":"admin","author_link":"https:\/\/iskconeducation.org\/pt\/author\/admin\/"},"uagb_comment_info":0,"uagb_excerpt":"Welcome to the Instructional Design Course by HG Urmila Devi Dasi (Dr. Edith Best). This is a short course in which you will learn tools and techniques that add to your skills as an educator. It will enable you to process various considerations for better planning, designing and presentation of educational material.","_links":{"self":[{"href":"https:\/\/iskconeducation.org\/pt\/wp-json\/wp\/v2\/pages\/492","targetHints":{"allow":["GET"]}}],"collection":[{"href":"https:\/\/iskconeducation.org\/pt\/wp-json\/wp\/v2\/pages"}],"about":[{"href":"https:\/\/iskconeducation.org\/pt\/wp-json\/wp\/v2\/types\/page"}],"author":[{"embeddable":true,"href":"https:\/\/iskconeducation.org\/pt\/wp-json\/wp\/v2\/users\/1"}],"replies":[{"embeddable":true,"href":"https:\/\/iskconeducation.org\/pt\/wp-json\/wp\/v2\/comments?post=492"}],"version-history":[{"count":3,"href":"https:\/\/iskconeducation.org\/pt\/wp-json\/wp\/v2\/pages\/492\/revisions"}],"predecessor-version":[{"id":30256,"href":"https:\/\/iskconeducation.org\/pt\/wp-json\/wp\/v2\/pages\/492\/revisions\/30256"}],"wp:attachment":[{"href":"https:\/\/iskconeducation.org\/pt\/wp-json\/wp\/v2\/media?parent=492"}],"curies":[{"name":"wp","href":"https:\/\/api.w.org\/{rel}","templated":true}]}}