{"id":8907,"date":"2022-11-01T13:38:23","date_gmt":"2022-11-01T13:38:23","guid":{"rendered":"https:\/\/iskconeducation.org\/?page_id=8907"},"modified":"2023-09-08T06:51:35","modified_gmt":"2023-09-08T06:51:35","slug":"conscious-reading","status":"publish","type":"page","link":"https:\/\/iskconeducation.org\/pt\/conscious-reading\/","title":{"rendered":"Leitura Consciente"},"content":{"rendered":"<div class=\"wp-block-uagb-advanced-heading uagb-block-875423d8\">\r\n<h2 class=\"uagb-heading-text\">Leitura Consciente<\/h2>\r\n<div class=\"uagb-separator\">\u00a0<\/div>\r\n<p class=\"uagb-desc-text\"><strong><em>Nossa oferta para voc\u00ea<\/em><\/strong><\/p>\r\n<\/div>\r\n\r\n\r\n\r\n<div class=\"wp-block-spacer\" style=\"height: 32px;\" aria-hidden=\"true\">\u00a0<\/div>\r\n\r\n\r\n\r\n<p>A Leitura Consciente \u00e9 baseada nas instru\u00e7\u00f5es de Srila Prabhupada. Foi escrito com o prop\u00f3sito expresso de tornar a leitura di\u00e1ria dos livros de Prabhupada uma meta alcan\u00e7\u00e1vel para todos os devotos.<br \/>\u00c9 uma colabora\u00e7\u00e3o conjunta entre Devakinandan Prabhu do Cazaquist\u00e3o e o Minist\u00e9rio da Educa\u00e7\u00e3o. Devakinandan Prabhu, entre seus v\u00e1rios servi\u00e7os, \u00e9, tamb\u00e9m, o Representante Regional do Minist\u00e9rio da Educa\u00e7\u00e3o da ISKCON na R\u00fassia.<br \/>Oferecemos este livro, gratuitamente, a servi\u00e7o dos devotos. Por favor, ajude-nos a promover a \u201cLeitura Consciente\u201d em todo o mundo com os devotos em seu templo, congrega\u00e7\u00e3o e sanghas online. Estamos confiantes de que nosso livro, por sua vez, encorajaria muitos devotos a come\u00e7arem a ler os livros de Srila Prabhupada todos os dias.<\/p>\r\n\r\n\r\n\r\n<div class=\"wp-block-spacer\" style=\"height: 32px;\" aria-hidden=\"true\">\u00a0<\/div>\r\n\r\n\r\n\r\n<div data-wp-interactive=\"core\/file\" class=\"wp-block-file\"><object data-wp-bind--hidden=\"!state.hasPdfPreview\" hidden class=\"wp-block-file__embed\" style=\"width: 100%; height: 600px;\" data=\"https:\/\/iskconeducation.org\/wp-content\/uploads\/2022\/11\/Conscious-Reading-1.pdf\" type=\"application\/pdf\" width=\"300\" height=\"150\" aria-label=\"Incorporado de Embed of Conscious-Reading-1..\"><\/object><a id=\"wp-block-file--media-6548ebc8-b5a6-4e6f-9429-7645c60e12f0\" href=\"https:\/\/iskconeducation.org\/wp-content\/uploads\/2022\/11\/Conscious-Reading-1.pdf\">Conscious-Reading-1<\/a><a class=\"wp-block-file__button\" href=\"https:\/\/iskconeducation.org\/wp-content\/uploads\/2022\/11\/Conscious-Reading-1.pdf\" download=\"\" aria-describedby=\"wp-block-file--media-6548ebc8-b5a6-4e6f-9429-7645c60e12f0\">Download<\/a><\/div>\r\n\r\n\r\n\r\n<div class=\"wp-block-spacer\" style=\"height: 48px;\" aria-hidden=\"true\">\u00a0<\/div>\r\n\r\n\r\n<hr class=\"wp-block-separator aligncenter has-alpha-channel-opacity is-style-default\" \/>\r\n\r\n\r\n<div class=\"wp-block-spacer\" style=\"height: 48px;\" aria-hidden=\"true\">\u00a0<\/div>\r\n\r\n\r\n\r\n<p>Este livro come\u00e7a com algumas cita\u00e7\u00f5es de \u015ar\u012bla Prabhup\u0101da sobre como Ele queria que seus seguidores lessem seus livros e que ele desejava que todos os devotos se absorvessem na leitura de seus livros. Ent\u00e3o, o livro se torna um livro did\u00e1tico, por que e como se deve ler os livros. Em seguida, s\u00e3o dados exemplos e at\u00e9 alguns de como as pessoas, em suas profiss\u00f5es, t\u00eam que ler livros profissionais para se manterem atualizadas, e como diferentes livros de natureza espiritual s\u00e3o muito ben\u00e9ficos.<\/p>\r\n\r\n\r\n\r\n<p>Muitas boas instru\u00e7\u00f5es s\u00e3o dadas aos devotos. Alguns disc\u00edpulos contam como sua mem\u00f3ria \u00e9 fraca, n\u00e3o sendo boa para leitura, mas este livro d\u00e1 inspira\u00e7\u00e3o e m\u00e9todo para superar esses obst\u00e1culos, e desenvolver v\u00e1rios h\u00e1bitos de leitura. Leio o \u015ar\u012bmad-Bh\u0101gavatam por cerca de 45 minutos todas as noites desde que estou fazendo os exames Bhakti Vaibhava. Estou no 6\u00ba Canto e pretendo terminar este e leio um cap\u00edtulo por dia e escrevo coment\u00e1rios sobre o Livro de Caitanya. Eu ou\u00e7o as palestras de \u015ar\u012bla Prabhup\u0101da e tomo prasadam. Este livro foi t\u00e3o inspirador, lembro-me de como \u015ar\u012bla Prabhup\u0101da tinha o Bhagavad-g\u012bt\u0101 em sua mesa, ele disse que temos que ler o Bhagavad-g\u012bt\u0101 para podermos pregar adequadamente. Ent\u00e3o, decidi que leria o Bhagavad-g\u012bt\u0101 pelo menos alguns versos por dia, pois a constru\u00e7\u00e3o de um h\u00e1bito \u00e9 altamente recomendada nesse livro.<\/p>\r\n\r\n\r\n\r\n<p>Portanto, acho que este livro \u00e9 \u00fatil tanto para aqueles que t\u00eam lido livros quanto para aqueles que est\u00e3o avan\u00e7ando ou ajudando os devotos da leitura de livros a se tornarem proficientes na leitura. Na verdade, assim como cantar japa \u00e9 uma forma de tornar a japa melhor; ler \u00e9 uma forma de ler melhor e este livro ajuda na leitura.<\/p>\r\n\r\n\r\n\r\n<p class=\"has-text-align-right has-medium-font-size\"><strong>&#8211; Jayapataka Swami<\/strong><\/p>","protected":false},"excerpt":{"rendered":"<p>Conscious Reading \u00a0 Our offering to You Conscious Reading is based on Srila Prabhupada\u2019s instructions regarding reading His Divine Grace\u2019s books. It was written with the express purpose of making the daily reading of Prabhupada\u2019s books an achievable goal for all devotees.It is a joint collaboration between Devakinandan Prabhu from Kazakhstan and the Ministry of [&hellip;]<\/p>\n","protected":false},"author":1,"featured_media":0,"parent":0,"menu_order":0,"comment_status":"closed","ping_status":"closed","template":"","meta":{"_acf_changed":false,"_et_pb_use_builder":"","_et_pb_old_content":"","_et_gb_content_width":"","_uag_custom_page_level_css":"","footnotes":"","_links_to":"","_links_to_target":""},"class_list":["post-8907","page","type-page","status-publish","hentry"],"acf":[],"uagb_featured_image_src":{"full":false,"thumbnail":false,"medium":false,"medium_large":false,"large":false,"1536x1536":false,"2048x2048":false,"trp-custom-language-flag":false,"et-pb-post-main-image":false,"et-pb-post-main-image-fullwidth":false,"et-pb-portfolio-image":false,"et-pb-portfolio-module-image":false,"et-pb-portfolio-image-single":false,"et-pb-gallery-module-image-portrait":false,"et-pb-post-main-image-fullwidth-large":false,"et-pb-image--responsive--desktop":false,"et-pb-image--responsive--tablet":false,"et-pb-image--responsive--phone":false},"uagb_author_info":{"display_name":"admin","author_link":"https:\/\/iskconeducation.org\/pt\/author\/admin\/"},"uagb_comment_info":0,"uagb_excerpt":"Conscious Reading \u00a0 Our offering to You Conscious Reading is based on Srila Prabhupada\u2019s instructions regarding reading His Divine Grace\u2019s books. It was written with the express purpose of making the daily reading of Prabhupada\u2019s books an achievable goal for all devotees.It is a joint collaboration between Devakinandan Prabhu from Kazakhstan and the Ministry of&hellip;","_links":{"self":[{"href":"https:\/\/iskconeducation.org\/pt\/wp-json\/wp\/v2\/pages\/8907","targetHints":{"allow":["GET"]}}],"collection":[{"href":"https:\/\/iskconeducation.org\/pt\/wp-json\/wp\/v2\/pages"}],"about":[{"href":"https:\/\/iskconeducation.org\/pt\/wp-json\/wp\/v2\/types\/page"}],"author":[{"embeddable":true,"href":"https:\/\/iskconeducation.org\/pt\/wp-json\/wp\/v2\/users\/1"}],"replies":[{"embeddable":true,"href":"https:\/\/iskconeducation.org\/pt\/wp-json\/wp\/v2\/comments?post=8907"}],"version-history":[{"count":1,"href":"https:\/\/iskconeducation.org\/pt\/wp-json\/wp\/v2\/pages\/8907\/revisions"}],"predecessor-version":[{"id":30452,"href":"https:\/\/iskconeducation.org\/pt\/wp-json\/wp\/v2\/pages\/8907\/revisions\/30452"}],"wp:attachment":[{"href":"https:\/\/iskconeducation.org\/pt\/wp-json\/wp\/v2\/media?parent=8907"}],"curies":[{"name":"wp","href":"https:\/\/api.w.org\/{rel}","templated":true}]}}