{"id":32900,"date":"2026-04-03T10:20:30","date_gmt":"2026-04-03T10:20:30","guid":{"rendered":"https:\/\/iskconeducation.org\/?page_id=32900"},"modified":"2026-04-03T10:21:29","modified_gmt":"2026-04-03T10:21:29","slug":"nitai-madhav-das","status":"publish","type":"page","link":"https:\/\/iskconeducation.org\/ru\/nitai-madhav-das\/","title":{"rendered":"Nitai Madhav Das"},"content":{"rendered":"<p>[et_pb_section fb_built=&#8221;1&#8243; _builder_version=&#8221;4.27.4&#8243; _module_preset=&#8221;default&#8221; global_colors_info=&#8221;{}&#8221;][et_pb_row column_structure=&#8221;2_5,3_5&#8243; _builder_version=&#8221;4.27.4&#8243; _module_preset=&#8221;default&#8221; global_colors_info=&#8221;{}&#8221;][et_pb_column type=&#8221;2_5&#8243; _builder_version=&#8221;4.27.4&#8243; _module_preset=&#8221;default&#8221; global_colors_info=&#8221;{}&#8221;][et_pb_image src=&#8221;https:\/\/iskconeducation.org\/wp-content\/uploads\/2026\/04\/Nitai-Madhav-Das-scaled.jpg&#8221; title_text=&#8221;Nitai Madhav Das&#8221; _builder_version=&#8221;4.27.4&#8243; _module_preset=&#8221;default&#8221; global_colors_info=&#8221;{}&#8221;][\/et_pb_image][\/et_pb_column][et_pb_column type=&#8221;3_5&#8243; _builder_version=&#8221;4.27.4&#8243; _module_preset=&#8221;default&#8221; global_colors_info=&#8221;{}&#8221;][et_pb_heading title=&#8221;Dr. Nitai Madhav Das&#8221; _builder_version=&#8221;4.27.4&#8243; _module_preset=&#8221;default&#8221; global_colors_info=&#8221;{}&#8221;][\/et_pb_heading][et_pb_text _builder_version=&#8221;4.27.4&#8243; _module_preset=&#8221;default&#8221; hover_enabled=&#8221;0&#8243; global_colors_info=&#8221;{}&#8221; sticky_enabled=&#8221;0&#8243;]<\/p>\n<p>Dr. Nitai Madhav Das is a preacher, \u015b\u0101stric teacher, administrator, fundraiser, and project leader with a special interest in developing education within ISKCON. Born and brought up in Juhu, Mumbai, he comes from a Pushti Marg Vai\u1e63\u1e47ava family with a background in the pharmaceutical manufacturing and trading business. He studied at Utpal Shanghvi School in Juhu, completed spoken English examinations with honors from Trinity College, London, and pursued Indian classical vocal music at Sangeet Mahabharati. He later earned a Bachelor of Pharmacy from the University of Mumbai, an MBA in Human Resources, and a PhD in Psychology with the research topic \u201cBehavioral Transformation in Bhakti Yoga Practitioners According to the Bhagavad-g\u012bt\u0101.\u201d He has also completed the Bhakti-\u015b\u0101str\u012b, Bhakti-vaibhava, and Bhaktivedanta courses. He is a disciple of His Holiness Gopal Krishna Goswami Maharaja. He joined ISKCON Juhu as a brahmachari after completing his graduation.<\/p>\n<p>Within ISKCON he has served in various leadership, preaching, and administrative roles. At ISKCON Juhu he served as Director of the Bhaktivedanta Youth Club, conducted college outreach and corporate programs, established the outreach initiative \u201cSecrets of Success,\u201d and served in various temple departments while also engaging in Life Membership development and donor cultivation. He later pioneered a Traveling Sankirtan Bus Party across India for preaching, book distribution, and harin\u0101ma, and served as Vice President of the ISKCON Bhiwandi center, contributing significantly to the development of the Bhiwandi temple project through outreach, training, and fundraising.<\/p>\n<p>He has served as a teacher at the Mayapur Institute and at various ISKCON centers, teaching Bhakti-\u015b\u0101str\u012b, Bhakti-vaibhava, TTC-1, TTC-2, BSTTC, and the ISKCON Disciple Course. In \u015ar\u012bdh\u0101ma M\u0101y\u0101pur he served at Bhaktivedanta Academy Mayapur Gurukula as an \u0101\u015brama teacher and later as Principal, teaching philosophy, drama, and music, and guiding the training of young Bhakti-\u015b\u0101str\u012b students.<\/p>\n<p>Dr. Nitai Madhav Das currently serves in several educational and leadership roles within ISKCON. He is involved in fundraising and temple project development for the ISKCON Panvel project and serves as Head of the Community School at ISKCON Attapur, Hyderabad. He acts as program administrator and teacher for Bhakti-\u015b\u0101str\u012b and Bhakti-vaibhava courses at various ISKCON centers.<\/p>\n<p>He is actively engaged in course development for educational programs such as the Srila Prabhupada Introductory Course(<a title=\"Protected by Outlook: http:\/\/www.spicofficial.com\/. Click or tap to follow the link.\" href=\"https:\/\/na01.safelinks.protection.outlook.com\/?url=http%3A%2F%2Fwww.spicofficial.com%2F&amp;data=05%7C02%7C%7C5da5a9833c1c4dfff4cc08de8ca34563%7C84df9e7fe9f640afb435aaaaaaaaaaaa%7C1%7C0%7C639102830084700449%7CUnknown%7CTWFpbGZsb3d8eyJFbXB0eU1hcGkiOnRydWUsIlYiOiIwLjAuMDAwMCIsIlAiOiJXaW4zMiIsIkFOIjoiTWFpbCIsIldUIjoyfQ%3D%3D%7C0%7C%7C%7C&amp;sdata=hfx9uVkJuHoVhPEh4Fv7tjZDlZ8YNNsnpdb%2BHyFNTsI%3D&amp;reserved=0\" target=\"_blank\" rel=\"noopener noreferrer\" data-auth=\"NotApplicable\" data-linkindex=\"0\">www.spicofficial.com<\/a>), the Founder-Acharya Course, the ISKCON Disciple Course(<a title=\"Protected by Outlook: http:\/\/iskcondisciplecourse.com\/. Click or tap to follow the link.\" href=\"https:\/\/na01.safelinks.protection.outlook.com\/?url=http%3A%2F%2Fiskcondisciplecourse.com%2F&amp;data=05%7C02%7C%7C5da5a9833c1c4dfff4cc08de8ca34563%7C84df9e7fe9f640afb435aaaaaaaaaaaa%7C1%7C0%7C639102830084732345%7CUnknown%7CTWFpbGZsb3d8eyJFbXB0eU1hcGkiOnRydWUsIlYiOiIwLjAuMDAwMCIsIlAiOiJXaW4zMiIsIkFOIjoiTWFpbCIsIldUIjoyfQ%3D%3D%7C0%7C%7C%7C&amp;sdata=stD00DoGW4DgqPV%2F%2Bzz8rJD2sF5uJlFxAoDeH5U0Oeo%3D&amp;reserved=0\" target=\"_blank\" rel=\"noopener noreferrer\" data-auth=\"NotApplicable\" data-linkindex=\"1\">iskcondisciplecourse.com<\/a>), and Teacher Training Courses. He serves as Secretary for the ISKCON Disciple Course Secretariat, Chairman of the ISKCON Teachers\u2019 Board, and a member of the Board of Examinations under the ISKCON Ministry of Education. He also serves as Convenor of the ICC Education Committee and Convenor of the ICC 60\u201350 Committee.<\/p>\n<p>He is currently working on several national and international educational initiatives for Vai\u1e63\u1e47ava children associated with spiritual training and education. He is also preparing a CBSE (national board) integrated ISKCON curriculum designed to promote homeschooling and community schooling initiatives in India.<\/p>\n<p>[\/et_pb_text][\/et_pb_column][\/et_pb_row][\/et_pb_section]<\/p>\n","protected":false},"excerpt":{"rendered":"<p>Dr. Nitai Madhav Das is a preacher, \u015b\u0101stric teacher, administrator, fundraiser, and project leader with a special interest in developing education within ISKCON. Born and brought up in Juhu, Mumbai, he comes from a Pushti Marg Vai\u1e63\u1e47ava family with a background in the pharmaceutical manufacturing and trading business. He studied at Utpal Shanghvi School in [&hellip;]<\/p>\n","protected":false},"author":6,"featured_media":0,"parent":0,"menu_order":0,"comment_status":"closed","ping_status":"closed","template":"","meta":{"_acf_changed":false,"_et_pb_use_builder":"on","_et_pb_old_content":"","_et_gb_content_width":"","_uag_custom_page_level_css":"","footnotes":"","_links_to":"","_links_to_target":""},"class_list":["post-32900","page","type-page","status-publish","hentry"],"acf":[],"uagb_featured_image_src":{"full":false,"thumbnail":false,"medium":false,"medium_large":false,"large":false,"1536x1536":false,"2048x2048":false,"trp-custom-language-flag":false,"et-pb-post-main-image":false,"et-pb-post-main-image-fullwidth":false,"et-pb-portfolio-image":false,"et-pb-portfolio-module-image":false,"et-pb-portfolio-image-single":false,"et-pb-gallery-module-image-portrait":false,"et-pb-post-main-image-fullwidth-large":false,"et-pb-image--responsive--desktop":false,"et-pb-image--responsive--tablet":false,"et-pb-image--responsive--phone":false},"uagb_author_info":{"display_name":"Director MOE","author_link":"https:\/\/iskconeducation.org\/ru\/author\/directoriskconeducation-org\/"},"uagb_comment_info":0,"uagb_excerpt":"Dr. Nitai Madhav Das is a preacher, \u015b\u0101stric teacher, administrator, fundraiser, and project leader with a special interest in developing education within ISKCON. Born and brought up in Juhu, Mumbai, he comes from a Pushti Marg Vai\u1e63\u1e47ava family with a background in the pharmaceutical manufacturing and trading business. He studied at Utpal Shanghvi School in&hellip;","_links":{"self":[{"href":"https:\/\/iskconeducation.org\/ru\/wp-json\/wp\/v2\/pages\/32900","targetHints":{"allow":["GET"]}}],"collection":[{"href":"https:\/\/iskconeducation.org\/ru\/wp-json\/wp\/v2\/pages"}],"about":[{"href":"https:\/\/iskconeducation.org\/ru\/wp-json\/wp\/v2\/types\/page"}],"author":[{"embeddable":true,"href":"https:\/\/iskconeducation.org\/ru\/wp-json\/wp\/v2\/users\/6"}],"replies":[{"embeddable":true,"href":"https:\/\/iskconeducation.org\/ru\/wp-json\/wp\/v2\/comments?post=32900"}],"version-history":[{"count":10,"href":"https:\/\/iskconeducation.org\/ru\/wp-json\/wp\/v2\/pages\/32900\/revisions"}],"predecessor-version":[{"id":32912,"href":"https:\/\/iskconeducation.org\/ru\/wp-json\/wp\/v2\/pages\/32900\/revisions\/32912"}],"wp:attachment":[{"href":"https:\/\/iskconeducation.org\/ru\/wp-json\/wp\/v2\/media?parent=32900"}],"curies":[{"name":"wp","href":"https:\/\/api.w.org\/{rel}","templated":true}]}}